{"id":150948,"date":"2022-02-03T12:36:33","date_gmt":"2025-06-09T09:12:44","guid":{"rendered":"https:\/\/kingarms.ee\/product\/auzu-parslu-biezputra-ar-aboliem-90g\/"},"modified":"2025-06-09T12:12:44","modified_gmt":"2025-06-09T09:12:44","slug":"auzu-parslu-biezputra-ar-aboliem-90g","status":"publish","type":"product","link":"https:\/\/kingarms.ee\/lv\/product\/auzu-parslu-biezputra-ar-aboliem-90g\/","title":{"rendered":"Auzu p\u0101rslu biezputra ar \u0101boliem 90g"},"content":{"rendered":"<p><img loading=\"lazy\" decoding=\"async\" class=\"alignnone size-medium wp-image-36212\" src=\"https:\/\/kingarms.ee\/wp-content\/uploads\/2022\/02\/Oatmeal_and_Apples-300x239.png\" alt=\"\" width=\"300\" height=\"239\" srcset=\"https:\/\/kingarms.ee\/wp-content\/uploads\/2022\/02\/Oatmeal_and_Apples-300x239.png 300w, https:\/\/kingarms.ee\/wp-content\/uploads\/2022\/02\/Oatmeal_and_Apples-150x120.png 150w, https:\/\/kingarms.ee\/wp-content\/uploads\/2022\/02\/Oatmeal_and_Apples-500x399.png 500w, https:\/\/kingarms.ee\/wp-content\/uploads\/2022\/02\/Oatmeal_and_Apples-1024x817.png 1024w, https:\/\/kingarms.ee\/wp-content\/uploads\/2022\/02\/Oatmeal_and_Apples-768x613.png 768w, https:\/\/kingarms.ee\/wp-content\/uploads\/2022\/02\/Oatmeal_and_Apples.png 1354w\" sizes=\"auto, (max-width: 300px) 100vw, 300px\" \/><\/p>\n","protected":false},"excerpt":{"rendered":"<ul>\n<li>Gar\u0161\u012bgas brokastis, ko \u012bpa\u0161i sul\u012bgi gatavo svaigi liofiliz\u0113ti \u0101boli<\/li>\n<li>Putrai pievieno t\u012bru 82% sviestu, lai j\u016bsu brokastis b\u016btu v\u0113l barojo\u0161\u0101kas<\/li>\n<li>Dabiski un razhoti Igunij,<\/li>\n<li><span lang=\"ET\">Nesatur saglab\u0101\u0161ana UNPIEDEVA<\/span><\/li>\n<li><span lang=\"ET\">Ener\u0123\u0113tisk\u0101 v\u0113rt\u012bba uz porciju ir 390 kcal<\/span><\/li>\n<\/ul>\n<p><strong>Koostisosad:<\/strong><br clear=\"none\"><strong>Auzu milti (72%), piens, \u0101bols (10%), sviests, cukurs, kan\u0113lis, s\u0101ls. Ra\u017eo\u0161anas l\u012bnijas d\u0113\u013c produkts var satur\u0113t nelielu daudzumu selerijas un sinepju. <\/strong><\/p>\n<p>Der\u012bguma termi\u0146\u0161: 8 gadi<\/p>\n","protected":false},"featured_media":115139,"template":"","meta":{"_acf_changed":false},"product_brand":[],"product_cat":[1128],"product_tag":[],"class_list":{"0":"post-150948","1":"product","2":"type-product","3":"status-publish","4":"has-post-thumbnail","6":"product_cat-taktiska-partikas","8":"first","9":"instock","10":"taxable","11":"shipping-taxable","12":"purchasable","13":"product-type-simple"},"acf":[],"_links":{"self":[{"href":"https:\/\/kingarms.ee\/lv\/wp-json\/wp\/v2\/product\/150948","targetHints":{"allow":["GET"]}}],"collection":[{"href":"https:\/\/kingarms.ee\/lv\/wp-json\/wp\/v2\/product"}],"about":[{"href":"https:\/\/kingarms.ee\/lv\/wp-json\/wp\/v2\/types\/product"}],"wp:featuredmedia":[{"embeddable":true,"href":"https:\/\/kingarms.ee\/lv\/wp-json\/wp\/v2\/media\/115139"}],"wp:attachment":[{"href":"https:\/\/kingarms.ee\/lv\/wp-json\/wp\/v2\/media?parent=150948"}],"wp:term":[{"taxonomy":"product_brand","embeddable":true,"href":"https:\/\/kingarms.ee\/lv\/wp-json\/wp\/v2\/product_brand?post=150948"},{"taxonomy":"product_cat","embeddable":true,"href":"https:\/\/kingarms.ee\/lv\/wp-json\/wp\/v2\/product_cat?post=150948"},{"taxonomy":"product_tag","embeddable":true,"href":"https:\/\/kingarms.ee\/lv\/wp-json\/wp\/v2\/product_tag?post=150948"}],"curies":[{"name":"wp","href":"https:\/\/api.w.org\/{rel}","templated":true}]}}