{"id":150952,"date":"2022-01-05T14:34:20","date_gmt":"2025-06-09T09:21:20","guid":{"rendered":"https:\/\/kingarms.ee\/product\/m4-guardian-match-grade-sautene-aps\/"},"modified":"2025-06-09T12:21:20","modified_gmt":"2025-06-09T09:21:20","slug":"m4-guardian-match-grade-sautene-aps","status":"publish","type":"product","link":"https:\/\/kingarms.ee\/lv\/product\/m4-guardian-match-grade-sautene-aps\/","title":{"rendered":"M4 Guardian Match Grade \u0161autene (APS)"},"content":{"rendered":"<p><img loading=\"lazy\" decoding=\"async\" class=\"alignnone size-medium wp-image-34317\" src=\"https:\/\/kingarms.ee\/wp-content\/uploads\/2022\/01\/ASR110B-Guardian-Match-Grade-Rifle-Black-APS-az12969large1-300x210.png\" alt=\"\" width=\"300\" height=\"210\" srcset=\"https:\/\/kingarms.ee\/wp-content\/uploads\/2022\/01\/ASR110B-Guardian-Match-Grade-Rifle-Black-APS-az12969large1-300x210.png 300w, https:\/\/kingarms.ee\/wp-content\/uploads\/2022\/01\/ASR110B-Guardian-Match-Grade-Rifle-Black-APS-az12969large1-150x105.png 150w, https:\/\/kingarms.ee\/wp-content\/uploads\/2022\/01\/ASR110B-Guardian-Match-Grade-Rifle-Black-APS-az12969large1-500x350.png 500w, https:\/\/kingarms.ee\/wp-content\/uploads\/2022\/01\/ASR110B-Guardian-Match-Grade-Rifle-Black-APS-az12969large1-1024x717.png 1024w, https:\/\/kingarms.ee\/wp-content\/uploads\/2022\/01\/ASR110B-Guardian-Match-Grade-Rifle-Black-APS-az12969large1-768x538.png 768w, https:\/\/kingarms.ee\/wp-content\/uploads\/2022\/01\/ASR110B-Guardian-Match-Grade-Rifle-Black-APS-az12969large1.png 1400w\" sizes=\"auto, (max-width: 300px) 100vw, 300px\" \/><\/p>\n","protected":false},"excerpt":{"rendered":"<p>M4 Guardian Match Grade \u0161autene (APS)<\/p>\n<p>Hop-Up: reguleeritav<\/p>\n<p>Fotograf\u0113\u0161anas re\u017e\u012bms: da\u013c\u0113ji un piln\u012bb\u0101 autom\u0101tisks<\/p>\n<p>Papl\u0101tes ietilp\u012bba: 300 gab<\/p>\n<p>Garums: 990 mm<\/p>\n<p>Garums (saloc\u012bts): 907 mm<\/p>\n<p>Iek\u0161\u0113j\u0101s caurules garums: 445 mm<\/p>\n<p>Ra\u017eot\u0101js: APS<\/p>\n<p>Motors: gar\u0161<\/p>\n<p>Savienojums: Mini Tamiya<\/p>\n<p>Kalibrs: 6 mm<\/p>\n<p>MOSFET: n\u0113<\/p>\n<p>P\u0101rnesumk\u0101rbas versija: 2 piel\u0101gota<\/p>\n<p>Svars: 2.6 kg<\/p>\n<p>\u0160au\u0161anas \u0101trums 1.3 J Vai 375FPS<\/p>\n","protected":false},"featured_media":129377,"template":"","meta":{"_acf_changed":false},"product_brand":[],"product_cat":[1001],"product_tag":[1317],"class_list":{"0":"post-150952","1":"product","2":"type-product","3":"status-publish","4":"has-post-thumbnail","6":"product_cat-tirdzniecibas-automati","7":"product_tag-4blss3ph-lv","9":"first","10":"instock","11":"sale","12":"taxable","13":"shipping-taxable","14":"purchasable","15":"product-type-simple"},"acf":[],"_links":{"self":[{"href":"https:\/\/kingarms.ee\/lv\/wp-json\/wp\/v2\/product\/150952","targetHints":{"allow":["GET"]}}],"collection":[{"href":"https:\/\/kingarms.ee\/lv\/wp-json\/wp\/v2\/product"}],"about":[{"href":"https:\/\/kingarms.ee\/lv\/wp-json\/wp\/v2\/types\/product"}],"wp:featuredmedia":[{"embeddable":true,"href":"https:\/\/kingarms.ee\/lv\/wp-json\/wp\/v2\/media\/129377"}],"wp:attachment":[{"href":"https:\/\/kingarms.ee\/lv\/wp-json\/wp\/v2\/media?parent=150952"}],"wp:term":[{"taxonomy":"product_brand","embeddable":true,"href":"https:\/\/kingarms.ee\/lv\/wp-json\/wp\/v2\/product_brand?post=150952"},{"taxonomy":"product_cat","embeddable":true,"href":"https:\/\/kingarms.ee\/lv\/wp-json\/wp\/v2\/product_cat?post=150952"},{"taxonomy":"product_tag","embeddable":true,"href":"https:\/\/kingarms.ee\/lv\/wp-json\/wp\/v2\/product_tag?post=150952"}],"curies":[{"name":"wp","href":"https:\/\/api.w.org\/{rel}","templated":true}]}}