{"id":150954,"date":"2022-01-05T14:28:17","date_gmt":"2025-06-09T09:25:22","guid":{"rendered":"https:\/\/kingarms.ee\/product\/kuilu-aizsardzibas-ambi-sautene-aps\/"},"modified":"2025-06-09T12:25:22","modified_gmt":"2025-06-09T09:25:22","slug":"kuilu-aizsardzibas-ambi-sautene-aps","status":"publish","type":"product","link":"https:\/\/kingarms.ee\/lv\/product\/kuilu-aizsardzibas-ambi-sautene-aps\/","title":{"rendered":"Kui\u013cu aizsardz\u012bbas ambi \u0161autene (APS)"},"content":{"rendered":"<p><img loading=\"lazy\" decoding=\"async\" class=\"alignnone size-medium wp-image-34297\" src=\"https:\/\/kingarms.ee\/wp-content\/uploads\/2022\/01\/ASR118R1-BOAR-Defense-Ambi-Rifle-Black-APS-az22916large1-300x210.png\" alt=\"\" width=\"300\" height=\"210\" srcset=\"https:\/\/kingarms.ee\/wp-content\/uploads\/2022\/01\/ASR118R1-BOAR-Defense-Ambi-Rifle-Black-APS-az22916large1-300x210.png 300w, https:\/\/kingarms.ee\/wp-content\/uploads\/2022\/01\/ASR118R1-BOAR-Defense-Ambi-Rifle-Black-APS-az22916large1-150x105.png 150w, https:\/\/kingarms.ee\/wp-content\/uploads\/2022\/01\/ASR118R1-BOAR-Defense-Ambi-Rifle-Black-APS-az22916large1-500x350.png 500w, https:\/\/kingarms.ee\/wp-content\/uploads\/2022\/01\/ASR118R1-BOAR-Defense-Ambi-Rifle-Black-APS-az22916large1-1024x717.png 1024w, https:\/\/kingarms.ee\/wp-content\/uploads\/2022\/01\/ASR118R1-BOAR-Defense-Ambi-Rifle-Black-APS-az22916large1-768x538.png 768w, https:\/\/kingarms.ee\/wp-content\/uploads\/2022\/01\/ASR118R1-BOAR-Defense-Ambi-Rifle-Black-APS-az22916large1.png 1400w\" sizes=\"auto, (max-width: 300px) 100vw, 300px\" \/><\/p>\n","protected":false},"excerpt":{"rendered":"<p>Kui\u013cu aizsardz\u012bbas ambi \u0161autene (APS)<\/p>\n<p>Jauns produkts no ra\u017eot\u0101ja ApS mode\u013ca numurs: ASR118R1<\/p>\n<p>Hop-Up: reguleeritav<\/p>\n<p>Fotograf\u0113\u0161anas re\u017e\u012bms: da\u013c\u0113ji un piln\u012bb\u0101 autom\u0101tisks<\/p>\n<p>Papl\u0101tes ietilp\u012bba: 300 gab<\/p>\n<p>Garums: 920 mm<\/p>\n<p>Garums (saloc\u012bts): 840 mm<\/p>\n<p>Iek\u0161\u0113j\u0101s caurules garums: 430 mm<\/p>\n<p>V\u012btnes diametrs: 14mm CCW<\/p>\n<p>Motors: gar\u0161<\/p>\n<p>Savienojums: T-savienot\u0101js (mini Tamya, ja nepiecie\u0161ams)<\/p>\n<p>Kalibrs: 6 mm<\/p>\n<p>MOSFET: n\u0113<\/p>\n<p>P\u0101rnesumk\u0101rbas versija: v2<\/p>\n<p>Svars: 3.2 kg<\/p>\n","protected":false},"featured_media":114653,"template":"","meta":{"_acf_changed":false},"product_brand":[],"product_cat":[1001],"product_tag":[1317],"class_list":{"0":"post-150954","1":"product","2":"type-product","3":"status-publish","4":"has-post-thumbnail","6":"product_cat-tirdzniecibas-automati","7":"product_tag-4blss3ph-lv","9":"first","10":"onbackorder","11":"taxable","12":"shipping-taxable","13":"product-type-simple"},"acf":[],"_links":{"self":[{"href":"https:\/\/kingarms.ee\/lv\/wp-json\/wp\/v2\/product\/150954","targetHints":{"allow":["GET"]}}],"collection":[{"href":"https:\/\/kingarms.ee\/lv\/wp-json\/wp\/v2\/product"}],"about":[{"href":"https:\/\/kingarms.ee\/lv\/wp-json\/wp\/v2\/types\/product"}],"wp:featuredmedia":[{"embeddable":true,"href":"https:\/\/kingarms.ee\/lv\/wp-json\/wp\/v2\/media\/114653"}],"wp:attachment":[{"href":"https:\/\/kingarms.ee\/lv\/wp-json\/wp\/v2\/media?parent=150954"}],"wp:term":[{"taxonomy":"product_brand","embeddable":true,"href":"https:\/\/kingarms.ee\/lv\/wp-json\/wp\/v2\/product_brand?post=150954"},{"taxonomy":"product_cat","embeddable":true,"href":"https:\/\/kingarms.ee\/lv\/wp-json\/wp\/v2\/product_cat?post=150954"},{"taxonomy":"product_tag","embeddable":true,"href":"https:\/\/kingarms.ee\/lv\/wp-json\/wp\/v2\/product_tag?post=150954"}],"curies":[{"name":"wp","href":"https:\/\/api.w.org\/{rel}","templated":true}]}}