{"id":150956,"date":"2022-07-18T03:11:30","date_gmt":"2025-06-09T09:33:03","guid":{"rendered":"https:\/\/kingarms.ee\/product\/punkta-redze-8-reti-refleksa-sveices-rokas\/"},"modified":"2025-06-09T12:33:03","modified_gmt":"2025-06-09T09:33:03","slug":"punkta-redze-8-reti-refleksa-sveices-rokas","status":"publish","type":"product","link":"https:\/\/kingarms.ee\/lv\/product\/punkta-redze-8-reti-refleksa-sveices-rokas\/","title":{"rendered":"Punkta redze 8 reti refleksa \u0160veices rokas"},"content":{"rendered":"","protected":false},"excerpt":{"rendered":"<h2>Punkta redze 8 reti refleksa \u0160veices rokas<\/h2>\n<h3>Piem\u0113rots maz\u0101m urbuma \u0161auten\u0113m un airsoft<\/h3>\n<ul>\n<li>8 virzienu regul\u0113jama apgaismojuma intensit\u0101te<\/li>\n<li>Pilna b\u0113g\u0161anas piel\u0101go\u0161ana<\/li>\n<li>Rechargeable has a built-in battery that can be recharged via USB.<\/li>\n<\/ul>\n<p>Turkl\u0101t var darbin\u0101t ar\u012b ar CR2032 akumulatoru.<\/p>\n<p><strong>Garums<\/strong> (mm): 110<\/p>\n<p><strong>Svars<\/strong> (g): 261<\/p>\n","protected":false},"featured_media":122853,"template":"","meta":{"_acf_changed":false},"product_brand":[],"product_cat":[1067],"product_tag":[],"class_list":{"0":"post-150956","1":"product","2":"type-product","3":"status-publish","4":"has-post-thumbnail","6":"product_cat-skats","8":"first","9":"instock","10":"sale","11":"taxable","12":"shipping-taxable","13":"purchasable","14":"product-type-simple"},"acf":[],"_links":{"self":[{"href":"https:\/\/kingarms.ee\/lv\/wp-json\/wp\/v2\/product\/150956","targetHints":{"allow":["GET"]}}],"collection":[{"href":"https:\/\/kingarms.ee\/lv\/wp-json\/wp\/v2\/product"}],"about":[{"href":"https:\/\/kingarms.ee\/lv\/wp-json\/wp\/v2\/types\/product"}],"wp:featuredmedia":[{"embeddable":true,"href":"https:\/\/kingarms.ee\/lv\/wp-json\/wp\/v2\/media\/122853"}],"wp:attachment":[{"href":"https:\/\/kingarms.ee\/lv\/wp-json\/wp\/v2\/media?parent=150956"}],"wp:term":[{"taxonomy":"product_brand","embeddable":true,"href":"https:\/\/kingarms.ee\/lv\/wp-json\/wp\/v2\/product_brand?post=150956"},{"taxonomy":"product_cat","embeddable":true,"href":"https:\/\/kingarms.ee\/lv\/wp-json\/wp\/v2\/product_cat?post=150956"},{"taxonomy":"product_tag","embeddable":true,"href":"https:\/\/kingarms.ee\/lv\/wp-json\/wp\/v2\/product_tag?post=150956"}],"curies":[{"name":"wp","href":"https:\/\/api.w.org\/{rel}","templated":true}]}}