{"id":150959,"date":"2022-01-05T13:27:23","date_gmt":"2025-06-09T09:39:08","guid":{"rendered":"https:\/\/kingarms.ee\/product\/awp-l96-cyma-2\/"},"modified":"2025-06-09T12:39:08","modified_gmt":"2025-06-09T09:39:08","slug":"awp-l96-cyma-2","status":"publish","type":"product","link":"https:\/\/kingarms.ee\/lv\/product\/awp-l96-cyma-2\/","title":{"rendered":"AWP L96 (Cyma)"},"content":{"rendered":"<p>AWP L96 (Cyma)<\/p>\n<p>\u013boti sp\u0113c\u012bgs \u0161autenes snaipera ierocis, ko licenc\u0113jusi ang\u013cu komp\u0101nija Precision International. Iero\u010da izl\u0101des ener\u0123ija bez jebk\u0101diem papildin\u0101jumiem ir aptuveni 2 J. pistoles p\u0101rsegs ir izgatavots no stipras plastmasas, ta\u010du, t\u0101 k\u0101 ierocim ir \u013coti sp\u0113c\u012bga met\u0101la konstrukcija, tas sver 3 kg. Ierocim ir regul\u0113jams apgrieziens un redzam\u012bbas pamatne piem\u0113rota skata uzst\u0101d\u012b\u0161anai. Papildus ierocim Komplekt\u0101 ietilpst \u0101trs l\u0101d\u0113t\u0101js, pistoles josta, t\u012br\u012b\u0161anas stienis un 200 lodes.   <\/p>\n<p>Pistoles garums: 1140 mm<\/p>\n<p>Caurules garums: 637 mm<\/p>\n<p>Magasin ietilp\u012bba: 28 lodes<\/p>\n<p>Hop Up: Regul\u0113jams<\/p>\n<p>\u0160au\u0161anas \u0101trums: 164 m \/ s<\/p>\n<p>Svars: 3000 g<\/p>\n<p>Ener\u0123ija: 1.9 J<\/p>\n","protected":false},"excerpt":{"rendered":"<p>AWP L96 (Cyma)<\/p>\n<p>\u013boti sp\u0113c\u012bgs \u0161autenes snaipera ierocis, ko licenc\u0113jusi ang\u013cu komp\u0101nija Precision International. Iero\u010da izl\u0101des ener\u0123ija bez jebk\u0101diem papildin\u0101jumiem ir aptuveni 2 J. pistoles p\u0101rsegs ir izgatavots no stipras plastmasas, ta\u010du, t\u0101 k\u0101 ierocim ir \u013coti sp\u0113c\u012bga met\u0101la konstrukcija, tas sver 3 kg. Ierocim ir regul\u0113jams apgrieziens un redzam\u012bbas pamatne piem\u0113rota skata uzst\u0101d\u012b\u0161anai. Papildus ierocim Komplekt\u0101 ietilpst \u0101trs l\u0101d\u0113t\u0101js, pistoles josta, t\u012br\u012b\u0161anas stienis un 200 lodes.   <\/p>\n<p>Pistoles garums: 1140 mm<\/p>\n<p>Caurules garums: 637 mm<\/p>\n<p>Magasin ietilp\u012bba: 28 lodes<\/p>\n<p>Hop Up: Regul\u0113jams<\/p>\n<p>\u0160au\u0161anas \u0101trums: 164 m \/ s<\/p>\n<p>Svars: 3000 g<\/p>\n<p>Ener\u0123ija: 1.9 J<\/p>\n","protected":false},"featured_media":123091,"template":"","meta":{"_acf_changed":false},"product_brand":[],"product_cat":[1003],"product_tag":[],"class_list":{"0":"post-150959","1":"product","2":"type-product","3":"status-publish","4":"has-post-thumbnail","6":"product_cat-snaipera-pistoles","8":"first","9":"onbackorder","10":"taxable","11":"shipping-taxable","12":"product-type-simple"},"acf":[],"_links":{"self":[{"href":"https:\/\/kingarms.ee\/lv\/wp-json\/wp\/v2\/product\/150959","targetHints":{"allow":["GET"]}}],"collection":[{"href":"https:\/\/kingarms.ee\/lv\/wp-json\/wp\/v2\/product"}],"about":[{"href":"https:\/\/kingarms.ee\/lv\/wp-json\/wp\/v2\/types\/product"}],"wp:featuredmedia":[{"embeddable":true,"href":"https:\/\/kingarms.ee\/lv\/wp-json\/wp\/v2\/media\/123091"}],"wp:attachment":[{"href":"https:\/\/kingarms.ee\/lv\/wp-json\/wp\/v2\/media?parent=150959"}],"wp:term":[{"taxonomy":"product_brand","embeddable":true,"href":"https:\/\/kingarms.ee\/lv\/wp-json\/wp\/v2\/product_brand?post=150959"},{"taxonomy":"product_cat","embeddable":true,"href":"https:\/\/kingarms.ee\/lv\/wp-json\/wp\/v2\/product_cat?post=150959"},{"taxonomy":"product_tag","embeddable":true,"href":"https:\/\/kingarms.ee\/lv\/wp-json\/wp\/v2\/product_tag?post=150959"}],"curies":[{"name":"wp","href":"https:\/\/api.w.org\/{rel}","templated":true}]}}