{"id":150962,"date":"2022-01-04T19:42:17","date_gmt":"2025-06-09T09:45:10","guid":{"rendered":"https:\/\/kingarms.ee\/product\/glock-eu17-skats-vorsk\/"},"modified":"2025-06-09T12:45:10","modified_gmt":"2025-06-09T09:45:10","slug":"glock-eu17-skats-vorsk","status":"publish","type":"product","link":"https:\/\/kingarms.ee\/lv\/product\/glock-eu17-skats-vorsk\/","title":{"rendered":"GLOCK EU17 + skats (Vorsk)"},"content":{"rendered":"<p><img loading=\"lazy\" decoding=\"async\" class=\"alignnone size-medium wp-image-34197\" src=\"https:\/\/kingarms.ee\/wp-content\/uploads\/2022\/01\/vgp-01-01_bds_a-300x205.jpeg\" alt=\"\" width=\"300\" height=\"205\" srcset=\"https:\/\/kingarms.ee\/wp-content\/uploads\/2022\/01\/vgp-01-01_bds_a-300x205.jpeg 300w, https:\/\/kingarms.ee\/wp-content\/uploads\/2022\/01\/vgp-01-01_bds_a-150x103.jpeg 150w, https:\/\/kingarms.ee\/wp-content\/uploads\/2022\/01\/vgp-01-01_bds_a-500x342.jpeg 500w, https:\/\/kingarms.ee\/wp-content\/uploads\/2022\/01\/vgp-01-01_bds_a-1024x700.jpeg 1024w, https:\/\/kingarms.ee\/wp-content\/uploads\/2022\/01\/vgp-01-01_bds_a-768x525.jpeg 768w, https:\/\/kingarms.ee\/wp-content\/uploads\/2022\/01\/vgp-01-01_bds_a-1536x1050.jpeg 1536w, https:\/\/kingarms.ee\/wp-content\/uploads\/2022\/01\/vgp-01-01_bds_a.jpeg 1756w\" sizes=\"auto, (max-width: 300px) 100vw, 300px\" \/><\/p>\n","protected":false},"excerpt":{"rendered":"<p>GLOCK EU17 + skats (Vorsk)<\/p>\n<p>Hop-Up: reguleeritav<\/p>\n<p>Fotograf\u0113\u0161anas re\u017e\u012bms: Pusautom\u0101tisks<\/p>\n<p>Papl\u0101tes ietilp\u012bba: 21 rd<\/p>\n<p>Garums: 220 mm<\/p>\n<p>Iek\u0161\u0113j\u0101s caurules garums: 90mm<\/p>\n<p>V\u012btnes garums: 14 mm CCW<\/p>\n<p>Kalibrs: 6 mm<\/p>\n<p>MOSFET: n\u0113<\/p>\n<p>Svars: 800 g<\/p>\n<p>Skats ir iek\u013cauts<\/p>\n","protected":false},"featured_media":114619,"template":"","meta":{"_acf_changed":false},"product_brand":[],"product_cat":[1000],"product_tag":[],"class_list":{"0":"post-150962","1":"product","2":"type-product","3":"status-publish","4":"has-post-thumbnail","6":"product_cat-rokas-pistoles","8":"first","9":"onbackorder","10":"taxable","11":"shipping-taxable","12":"product-type-simple"},"acf":[],"_links":{"self":[{"href":"https:\/\/kingarms.ee\/lv\/wp-json\/wp\/v2\/product\/150962","targetHints":{"allow":["GET"]}}],"collection":[{"href":"https:\/\/kingarms.ee\/lv\/wp-json\/wp\/v2\/product"}],"about":[{"href":"https:\/\/kingarms.ee\/lv\/wp-json\/wp\/v2\/types\/product"}],"wp:featuredmedia":[{"embeddable":true,"href":"https:\/\/kingarms.ee\/lv\/wp-json\/wp\/v2\/media\/114619"}],"wp:attachment":[{"href":"https:\/\/kingarms.ee\/lv\/wp-json\/wp\/v2\/media?parent=150962"}],"wp:term":[{"taxonomy":"product_brand","embeddable":true,"href":"https:\/\/kingarms.ee\/lv\/wp-json\/wp\/v2\/product_brand?post=150962"},{"taxonomy":"product_cat","embeddable":true,"href":"https:\/\/kingarms.ee\/lv\/wp-json\/wp\/v2\/product_cat?post=150962"},{"taxonomy":"product_tag","embeddable":true,"href":"https:\/\/kingarms.ee\/lv\/wp-json\/wp\/v2\/product_tag?post=150962"}],"curies":[{"name":"wp","href":"https:\/\/api.w.org\/{rel}","templated":true}]}}