{"id":150970,"date":"2021-12-20T15:59:31","date_gmt":"2025-06-09T10:05:33","guid":{"rendered":"https:\/\/kingarms.ee\/product\/walther-cp99-compact-umarex\/"},"modified":"2025-06-09T13:05:33","modified_gmt":"2025-06-09T10:05:33","slug":"walther-cp99-compact-umarex","status":"publish","type":"product","link":"https:\/\/kingarms.ee\/lv\/product\/walther-cp99-compact-umarex\/","title":{"rendered":"WALTHER CP99 COMPACT (Umarex)"},"content":{"rendered":"<p><img loading=\"lazy\" decoding=\"async\" class=\"alignnone size-medium wp-image-34020\" src=\"https:\/\/kingarms.ee\/wp-content\/uploads\/2021\/12\/pistol-walther-cp99-compact-4-5-mm-3505a079b3e84cf99815f79b5eb01a1d-5b1e064d-300x300.jpeg\" alt=\"\" width=\"300\" height=\"300\" srcset=\"https:\/\/kingarms.ee\/wp-content\/uploads\/2021\/12\/pistol-walther-cp99-compact-4-5-mm-3505a079b3e84cf99815f79b5eb01a1d-5b1e064d-300x300.jpeg 300w, https:\/\/kingarms.ee\/wp-content\/uploads\/2021\/12\/pistol-walther-cp99-compact-4-5-mm-3505a079b3e84cf99815f79b5eb01a1d-5b1e064d-150x150.jpeg 150w, https:\/\/kingarms.ee\/wp-content\/uploads\/2021\/12\/pistol-walther-cp99-compact-4-5-mm-3505a079b3e84cf99815f79b5eb01a1d-5b1e064d-500x500.jpeg 500w, https:\/\/kingarms.ee\/wp-content\/uploads\/2021\/12\/pistol-walther-cp99-compact-4-5-mm-3505a079b3e84cf99815f79b5eb01a1d-5b1e064d-768x768.jpeg 768w, https:\/\/kingarms.ee\/wp-content\/uploads\/2021\/12\/pistol-walther-cp99-compact-4-5-mm-3505a079b3e84cf99815f79b5eb01a1d-5b1e064d.jpeg 900w\" sizes=\"auto, (max-width: 300px) 100vw, 300px\" \/><\/p>\n","protected":false},"excerpt":{"rendered":"<p>WALTHER CP99 COMPACT (Umarex)<\/p>\n<p><strong>Walther cp99 gaisa pistole<\/strong> ir 18 \u0161\u0101vienu,<\/p>\n<p>ar rull\u012b\u0161u sledgehammer, prec\u012bzs un \u0113rts ierocis.<\/p>\n<p>Met\u0101la ragavas. Trieciens atpaka\u013c darb\u012bbu. <\/p>\n<p>Gaisa pistole Walther PPQ<\/p>\n<p>izmanto 12 gramu CO2 kapsulas.<\/p>\n<p>Kalibrs: 4.5 mm (.177).<\/p>\n<p>Lodes: apa\u013cas t\u0113rauda lod\u012btes BB.<\/p>\n<p>Bumbas \u0101trums: 105 m\/sek.<\/p>\n","protected":false},"featured_media":114567,"template":"","meta":{"_acf_changed":false},"product_brand":[],"product_cat":[1004,1005],"product_tag":[],"class_list":{"0":"post-150970","1":"product","2":"type-product","3":"status-publish","4":"has-post-thumbnail","6":"product_cat-lidmasinas","7":"product_cat-rokas-pistoles-lv","9":"first","10":"onbackorder","11":"taxable","12":"shipping-taxable","13":"product-type-simple"},"acf":[],"_links":{"self":[{"href":"https:\/\/kingarms.ee\/lv\/wp-json\/wp\/v2\/product\/150970","targetHints":{"allow":["GET"]}}],"collection":[{"href":"https:\/\/kingarms.ee\/lv\/wp-json\/wp\/v2\/product"}],"about":[{"href":"https:\/\/kingarms.ee\/lv\/wp-json\/wp\/v2\/types\/product"}],"wp:featuredmedia":[{"embeddable":true,"href":"https:\/\/kingarms.ee\/lv\/wp-json\/wp\/v2\/media\/114567"}],"wp:attachment":[{"href":"https:\/\/kingarms.ee\/lv\/wp-json\/wp\/v2\/media?parent=150970"}],"wp:term":[{"taxonomy":"product_brand","embeddable":true,"href":"https:\/\/kingarms.ee\/lv\/wp-json\/wp\/v2\/product_brand?post=150970"},{"taxonomy":"product_cat","embeddable":true,"href":"https:\/\/kingarms.ee\/lv\/wp-json\/wp\/v2\/product_cat?post=150970"},{"taxonomy":"product_tag","embeddable":true,"href":"https:\/\/kingarms.ee\/lv\/wp-json\/wp\/v2\/product_tag?post=150970"}],"curies":[{"name":"wp","href":"https:\/\/api.w.org\/{rel}","templated":true}]}}