{"id":150981,"date":"2023-05-24T14:59:47","date_gmt":"2025-06-09T10:51:36","guid":{"rendered":"https:\/\/kingarms.ee\/product\/taka-kamera-dl001-taka-kamera\/"},"modified":"2025-06-09T13:51:36","modified_gmt":"2025-06-09T10:51:36","slug":"taka-kamera-dl001-taka-kamera","status":"publish","type":"product","link":"https:\/\/kingarms.ee\/lv\/product\/taka-kamera-dl001-taka-kamera\/","title":{"rendered":"Taka kamera DL001 (taka kamera)"},"content":{"rendered":"","protected":false},"excerpt":{"rendered":"<p>Taka kamera DL001 (taka kamera)<\/p>\n<p><span style=\"font-weight: 400;\">Augstas kvalit\u0101tes 16 MP att\u0113la iz\u0161\u0137irtsp\u0113ja un Full HD 1080p video<\/span><\/p>\n<p><span style=\"font-weight: 400;\">Izv\u0113les att\u0113la iz\u0161\u0137irtsp\u0113ja: 16MP \/ 12MP \/ 8MP \/ 5MP \/ 3MP \/ 1.3 Mp<\/span><\/p>\n<p><span style=\"font-weight: 400;\">Gar\u0161 noteik\u0161anas un apgaismojuma diapazons l\u012bdz 10 metriem 90 gr\u0101dos<\/span><\/p>\n<p><span style=\"font-weight: 400;\">2.0 TFT ieb\u016bv\u0113ts skat\u012bt\u0101js, var atska\u0146ot fotoatt\u0113lus un videoklipus<\/span><\/p>\n<p><span style=\"font-weight: 400;\">\u0100trs s\u0101kuma laiks: 0.8 sec<\/span><\/p>\n<p><span style=\"font-weight: 400;\">Spr\u016bda interv\u0101ls: 5 sek &#8211; 60 min<\/span><\/p>\n<p><span style=\"font-weight: 400;\">Foto s\u0113rija: no 1 l\u012bdz 9<\/span><\/p>\n<p><span style=\"font-weight: 400;\">Video iz\u0161\u0137irtsp\u0113ja:<\/span><\/p>\n<p><span style=\"font-weight: 400;\">1080p: 1920&#215;1080 pikse\u013ci (16:9), 15 kadri sekund\u0113 (noklus\u0113jums)<\/span><\/p>\n<p><span style=\"font-weight: 400;\">720P: 1280&#215;720 pikse\u013ci (16: 9), 30 kadri sekund\u0113<\/span><\/p>\n<p><span style=\"font-weight: 400;\">480P: 848&#215;480 pikse\u013ci, 30 kadri sekund\u0113<\/span><\/p>\n<p><span style=\"font-weight: 400;\">640&#215;480 pikse\u013ci (3: 2), 30 kadri sekund\u0113<\/span><\/p>\n<p><span style=\"font-weight: 400;\">Viegli piestiprin\u0101ms ar jostu \/ kabeli<\/span><\/p>\n<p><span style=\"font-weight: 400;\">&lt;\u013boti zema gaid\u012b\u0161anas str\u0101va (0,2 mA)<\/span><\/p>\n<p><span style=\"font-weight: 400;\">Toiteallikas: 8tk AA patarei (ei kuulu komplekti)<\/span><\/p>\n<p><span style=\"font-weight: 400;\">Toetus kuni 32 GB Micro-SD kaardile (ei kuulu komplekti)<\/span><\/p>\n<p><span style=\"font-weight: 400;\">Veekindel IP66 standardiga<\/span><\/p>\n","protected":false},"featured_media":129223,"template":"","meta":{"_acf_changed":false},"product_brand":[],"product_cat":[1040],"product_tag":[],"class_list":{"0":"post-150981","1":"product","2":"type-product","3":"status-publish","4":"has-post-thumbnail","6":"product_cat-nakts-laika-aprikojums","8":"first","9":"instock","10":"taxable","11":"shipping-taxable","12":"purchasable","13":"product-type-simple"},"acf":[],"_links":{"self":[{"href":"https:\/\/kingarms.ee\/lv\/wp-json\/wp\/v2\/product\/150981","targetHints":{"allow":["GET"]}}],"collection":[{"href":"https:\/\/kingarms.ee\/lv\/wp-json\/wp\/v2\/product"}],"about":[{"href":"https:\/\/kingarms.ee\/lv\/wp-json\/wp\/v2\/types\/product"}],"wp:featuredmedia":[{"embeddable":true,"href":"https:\/\/kingarms.ee\/lv\/wp-json\/wp\/v2\/media\/129223"}],"wp:attachment":[{"href":"https:\/\/kingarms.ee\/lv\/wp-json\/wp\/v2\/media?parent=150981"}],"wp:term":[{"taxonomy":"product_brand","embeddable":true,"href":"https:\/\/kingarms.ee\/lv\/wp-json\/wp\/v2\/product_brand?post=150981"},{"taxonomy":"product_cat","embeddable":true,"href":"https:\/\/kingarms.ee\/lv\/wp-json\/wp\/v2\/product_cat?post=150981"},{"taxonomy":"product_tag","embeddable":true,"href":"https:\/\/kingarms.ee\/lv\/wp-json\/wp\/v2\/product_tag?post=150981"}],"curies":[{"name":"wp","href":"https:\/\/api.w.org\/{rel}","templated":true}]}}