{"id":150983,"date":"2021-12-03T17:44:01","date_gmt":"2025-06-09T10:52:46","guid":{"rendered":"https:\/\/kingarms.ee\/product\/t1-paaugstinats-sarkano-punktu-skats-aimtop\/"},"modified":"2025-06-09T13:52:46","modified_gmt":"2025-06-09T10:52:46","slug":"t1-paaugstinats-sarkano-punktu-skats-aimtop","status":"publish","type":"product","link":"https:\/\/kingarms.ee\/lv\/product\/t1-paaugstinats-sarkano-punktu-skats-aimtop\/","title":{"rendered":"T1 paaugstin\u0101ts sarkano punktu skats (Aimtop)"},"content":{"rendered":"<p><img loading=\"lazy\" decoding=\"async\" class=\"alignnone size-medium wp-image-33375\" src=\"https:\/\/kingarms.ee\/wp-content\/uploads\/2021\/12\/1152206240_4-300x200.jpeg\" alt=\"\" width=\"300\" height=\"200\" srcset=\"https:\/\/kingarms.ee\/wp-content\/uploads\/2021\/12\/1152206240_4-300x200.jpeg 300w, https:\/\/kingarms.ee\/wp-content\/uploads\/2021\/12\/1152206240_4-150x100.jpeg 150w, https:\/\/kingarms.ee\/wp-content\/uploads\/2021\/12\/1152206240_4-500x333.jpeg 500w, https:\/\/kingarms.ee\/wp-content\/uploads\/2021\/12\/1152206240_4-768x512.jpeg 768w, https:\/\/kingarms.ee\/wp-content\/uploads\/2021\/12\/1152206240_4.jpeg 800w\" sizes=\"auto, (max-width: 300px) 100vw, 300px\" \/><\/p>\n","protected":false},"excerpt":{"rendered":"<p>T1 paaugstin\u0101ts sarkano punktu skats (Aimtop)<\/p>\n<p>T1 red dot redzes kopija ar QD stiprin\u0101jumu un zemu stiprin\u0101jumu (iek\u013cauts komplekt\u0101)<\/p>\n<p>Kopija jaun\u0101ko sarkano nor\u0101d\u012bja redzi ar \u012bpa\u0161o sp\u0113ku vis\u0101 pasaul\u0113 izmanto. Red Dot redzes kopija ir piln\u012bb\u0101 izgatavota no met\u0101la un ir apr\u012bkota ar vienm\u0113r\u012bgu m\u0113r\u0137a t\u012bkla st\u0101vok\u013ca regul\u0113\u0161anu (izmantojot divas pogas). Turkl\u0101t \u0161\u0101v\u0113jam ir iesp\u0113ja piel\u0101got m\u0113r\u0137a t\u012bkla spilgtumu piecu gr\u0101du skal\u0101. Pa\u0161u m\u0113r\u0137a t\u012bklu var apgaismot ar sarkanu vai za\u013cu kr\u0101su.   <\/p>\n<p>Pilna m\u0113roga sarkano punktu redzam\u012bbas priek\u0161roc\u012bbas tika &#8220;aizz\u012bmogotas&#8221; p\u0113c iesp\u0113jas maz\u0101k\u0101 iepakojum\u0101. To var izmantot k\u0101 atsevi\u0161\u0137u m\u0113r\u0137a ier\u012bci visu veidu karab\u012bn\u0113s, \u0161auten\u0113s, \u0161auten\u0113s un automobi\u013cos. Tas lieliski der ar\u012b k\u0101 m\u0113r\u0137\u0113\u0161anas ier\u012bce, kas ir uzst\u0101d\u012bta uz mukt. Sarkan\u0101 punkta redzam\u012bba ir sader\u012bga ar nakts redzam\u012bbas ier\u012bc\u0113m (NVS).   <\/p>\n<p>Komplekt\u0101 ietilpst zems stiprin\u0101jums, kas \u013cauj uzst\u0101d\u012bt red dot skatu uz jebkuru kopiju, kas apr\u012bkota ar 22 mm platu RIS kopni.<\/p>\n","protected":false},"featured_media":114355,"template":"","meta":{"_acf_changed":false},"product_brand":[],"product_cat":[1067],"product_tag":[],"class_list":{"0":"post-150983","1":"product","2":"type-product","3":"status-publish","4":"has-post-thumbnail","6":"product_cat-skats","8":"first","9":"instock","10":"taxable","11":"shipping-taxable","12":"purchasable","13":"product-type-simple"},"acf":[],"_links":{"self":[{"href":"https:\/\/kingarms.ee\/lv\/wp-json\/wp\/v2\/product\/150983","targetHints":{"allow":["GET"]}}],"collection":[{"href":"https:\/\/kingarms.ee\/lv\/wp-json\/wp\/v2\/product"}],"about":[{"href":"https:\/\/kingarms.ee\/lv\/wp-json\/wp\/v2\/types\/product"}],"wp:featuredmedia":[{"embeddable":true,"href":"https:\/\/kingarms.ee\/lv\/wp-json\/wp\/v2\/media\/114355"}],"wp:attachment":[{"href":"https:\/\/kingarms.ee\/lv\/wp-json\/wp\/v2\/media?parent=150983"}],"wp:term":[{"taxonomy":"product_brand","embeddable":true,"href":"https:\/\/kingarms.ee\/lv\/wp-json\/wp\/v2\/product_brand?post=150983"},{"taxonomy":"product_cat","embeddable":true,"href":"https:\/\/kingarms.ee\/lv\/wp-json\/wp\/v2\/product_cat?post=150983"},{"taxonomy":"product_tag","embeddable":true,"href":"https:\/\/kingarms.ee\/lv\/wp-json\/wp\/v2\/product_tag?post=150983"}],"curies":[{"name":"wp","href":"https:\/\/api.w.org\/{rel}","templated":true}]}}