{"id":150992,"date":"2022-07-04T14:13:21","date_gmt":"2025-06-09T10:57:14","guid":{"rendered":"https:\/\/kingarms.ee\/product\/turnirs-emersongear\/"},"modified":"2025-06-09T13:57:14","modified_gmt":"2025-06-09T10:57:14","slug":"turnirs-emersongear","status":"publish","type":"product","link":"https:\/\/kingarms.ee\/lv\/product\/turnirs-emersongear\/","title":{"rendered":"Turn\u012brs Emersongear"},"content":{"rendered":"","protected":false},"excerpt":{"rendered":"<p>Turn\u012brs Emersongear<\/p>\n<p>MilSim West, ir lepna pazi\u0146ot nesen p\u0101rveidoja MilSim West MilSim \u017e\u0146augu! Izgatavoti, lai simul\u0113tu \u017e\u0146augu, tie ir paredz\u0113ti, lai aizst\u0101tu vecos ACE stila p\u0101rs\u0113jus, kas atrodami daudzos milsim pas\u0101kumos. <\/p>\n<p>Tie var b\u016bt gumijas atkar\u012bg\u0101s j\u016bsu komplektu, vai j\u0101ieliek ifak maisi\u0146\u0161, l\u012bdz nepiecie\u0161ams. Lai lietotu buddy aid, viss j\u016bsu draugs ir j\u0101dara, ir no\u0146emt IFAK no j\u016bsu komplekta, sl\u012bdot to virs rokas un pievelciet. <\/p>\n<p>MilSim \u017e\u0146augu veido 1,5 collu siksna ar \u0101\u0137a un cilpas velcro, elast\u012bga (lai nov\u0113rstu p\u0101rm\u0113r\u012bgu pievilk\u0161anu) un triglide spr\u0101dze ar noapa\u013cotu sarkanu galu viegl\u0101kai baro\u0161anai.<\/p>\n","protected":false},"featured_media":122811,"template":"","meta":{"_acf_changed":false},"product_brand":[],"product_cat":[1051],"product_tag":[],"class_list":{"0":"post-150992","1":"product","2":"type-product","3":"status-publish","4":"has-post-thumbnail","6":"product_cat-frist-palidziba","8":"first","9":"instock","10":"taxable","11":"shipping-taxable","12":"purchasable","13":"product-type-simple"},"acf":[],"_links":{"self":[{"href":"https:\/\/kingarms.ee\/lv\/wp-json\/wp\/v2\/product\/150992","targetHints":{"allow":["GET"]}}],"collection":[{"href":"https:\/\/kingarms.ee\/lv\/wp-json\/wp\/v2\/product"}],"about":[{"href":"https:\/\/kingarms.ee\/lv\/wp-json\/wp\/v2\/types\/product"}],"wp:featuredmedia":[{"embeddable":true,"href":"https:\/\/kingarms.ee\/lv\/wp-json\/wp\/v2\/media\/122811"}],"wp:attachment":[{"href":"https:\/\/kingarms.ee\/lv\/wp-json\/wp\/v2\/media?parent=150992"}],"wp:term":[{"taxonomy":"product_brand","embeddable":true,"href":"https:\/\/kingarms.ee\/lv\/wp-json\/wp\/v2\/product_brand?post=150992"},{"taxonomy":"product_cat","embeddable":true,"href":"https:\/\/kingarms.ee\/lv\/wp-json\/wp\/v2\/product_cat?post=150992"},{"taxonomy":"product_tag","embeddable":true,"href":"https:\/\/kingarms.ee\/lv\/wp-json\/wp\/v2\/product_tag?post=150992"}],"curies":[{"name":"wp","href":"https:\/\/api.w.org\/{rel}","templated":true}]}}