{"id":150994,"date":"2021-12-02T22:12:46","date_gmt":"2025-06-09T10:58:11","guid":{"rendered":"https:\/\/kingarms.ee\/product\/m4-lozmetejs-zelta-erglis\/"},"modified":"2025-06-09T13:58:11","modified_gmt":"2025-06-09T10:58:11","slug":"m4-lozmetejs-zelta-erglis","status":"publish","type":"product","link":"https:\/\/kingarms.ee\/lv\/product\/m4-lozmetejs-zelta-erglis\/","title":{"rendered":"M4 \/ lo\u017emet\u0113js (Zelta \u0113rglis)"},"content":{"rendered":"<p><img loading=\"lazy\" decoding=\"async\" class=\"alignnone size-medium wp-image-33241\" src=\"https:\/\/kingarms.ee\/wp-content\/uploads\/2021\/12\/1152223818_11-300x200.jpeg\" alt=\"\" width=\"300\" height=\"200\" srcset=\"https:\/\/kingarms.ee\/wp-content\/uploads\/2021\/12\/1152223818_11-300x200.jpeg 300w, https:\/\/kingarms.ee\/wp-content\/uploads\/2021\/12\/1152223818_11-150x100.jpeg 150w, https:\/\/kingarms.ee\/wp-content\/uploads\/2021\/12\/1152223818_11-500x333.jpeg 500w, https:\/\/kingarms.ee\/wp-content\/uploads\/2021\/12\/1152223818_11-1024x682.jpeg 1024w, https:\/\/kingarms.ee\/wp-content\/uploads\/2021\/12\/1152223818_11-768x512.jpeg 768w, https:\/\/kingarms.ee\/wp-content\/uploads\/2021\/12\/1152223818_11-1536x1024.jpeg 1536w, https:\/\/kingarms.ee\/wp-content\/uploads\/2021\/12\/1152223818_11.jpeg 2000w\" sizes=\"auto, (max-width: 300px) 100vw, 300px\" \/><\/p>\n","protected":false},"excerpt":{"rendered":"<p>M4 \/ lo\u017emet\u0113js (Zelta \u0113rglis)<\/p>\n<p>6670 lo\u017emet\u0113ja kopija no ra\u017eot\u0101ja Golden Eagle<\/p>\n<p>\u0160\u012b pistoles kopija ir gandr\u012bz piln\u012bb\u0101 izgatavota no augstas kvalit\u0101tes met\u0101la un maz\u0101k\u0101 m\u0113r\u0101 polim\u0113ra.<\/p>\n<p>Aug\u0161\u0113jo un apak\u0161\u0113jo \u0137erme\u0146a imit\u0101cijas, ar Silin ar \u0101tri no\u0146emamu sist\u0113mas un RIS \/ Keymod dzelzce\u013cu tika izgatavots no met\u0101la. Kopijai ir daudz piestiprin\u0101\u0161anas punktu QD strop\u0113m. <\/p>\n<p>Pistoles roktura un regul\u0113jama k\u0101ta ra\u017eo\u0161anai ra\u017eot\u0101js izmantoja iztur\u012bgu polim\u0113ru. Kabas ir akumulatora vieta un papl\u0101te ar ietilp\u012bbu l\u012bdz 2500 BBs. <\/p>\n<p>Kopijai ir fiks\u0113ti regul\u0113jami t\u0113m\u0113k\u013ci un RIS \/ Keymod sliedes, kas \u013cauj uzst\u0101d\u012bt da\u017e\u0101da veida taktiskos piederumus.<\/p>\n<p>Sirds \u0161is eksempl\u0101rs ir standarta modifik\u0101cija-gatavs v2 p\u0101rnesumk\u0101rbu.<\/p>\n<p>Komplekt\u0101 ietilpst:<\/p>\n<p>&#8211; ierocis<\/p>\n<p>&#8211; 2500bbs tilpuma papl\u0101te<\/p>\n<p>&#8211; imit\u0101cijas lodes<\/p>\n<p>Garantijas 3A<\/p>\n","protected":false},"featured_media":114303,"template":"","meta":{"_acf_changed":false},"product_brand":[],"product_cat":[1001],"product_tag":[1317],"class_list":{"0":"post-150994","1":"product","2":"type-product","3":"status-publish","4":"has-post-thumbnail","6":"product_cat-tirdzniecibas-automati","7":"product_tag-4blss3ph-lv","9":"first","10":"onbackorder","11":"taxable","12":"shipping-taxable","13":"product-type-simple"},"acf":[],"_links":{"self":[{"href":"https:\/\/kingarms.ee\/lv\/wp-json\/wp\/v2\/product\/150994","targetHints":{"allow":["GET"]}}],"collection":[{"href":"https:\/\/kingarms.ee\/lv\/wp-json\/wp\/v2\/product"}],"about":[{"href":"https:\/\/kingarms.ee\/lv\/wp-json\/wp\/v2\/types\/product"}],"wp:featuredmedia":[{"embeddable":true,"href":"https:\/\/kingarms.ee\/lv\/wp-json\/wp\/v2\/media\/114303"}],"wp:attachment":[{"href":"https:\/\/kingarms.ee\/lv\/wp-json\/wp\/v2\/media?parent=150994"}],"wp:term":[{"taxonomy":"product_brand","embeddable":true,"href":"https:\/\/kingarms.ee\/lv\/wp-json\/wp\/v2\/product_brand?post=150994"},{"taxonomy":"product_cat","embeddable":true,"href":"https:\/\/kingarms.ee\/lv\/wp-json\/wp\/v2\/product_cat?post=150994"},{"taxonomy":"product_tag","embeddable":true,"href":"https:\/\/kingarms.ee\/lv\/wp-json\/wp\/v2\/product_tag?post=150994"}],"curies":[{"name":"wp","href":"https:\/\/api.w.org\/{rel}","templated":true}]}}