{"id":150998,"date":"2022-07-04T14:04:41","date_gmt":"2025-06-09T10:59:43","guid":{"rendered":"https:\/\/kingarms.ee\/product\/mid-pirmas-palidzibas-komplekts-mil-tec\/"},"modified":"2025-06-09T13:59:43","modified_gmt":"2025-06-09T10:59:43","slug":"mid-pirmas-palidzibas-komplekts-mil-tec","status":"publish","type":"product","link":"https:\/\/kingarms.ee\/lv\/product\/mid-pirmas-palidzibas-komplekts-mil-tec\/","title":{"rendered":"Mid pirm\u0101s pal\u012bdz\u012bbas komplekts Mil-Tec"},"content":{"rendered":"","protected":false},"excerpt":{"rendered":"<p>Mid pirm\u0101s pal\u012bdz\u012bbas komplekts Mil-Tec<\/p>\n<p>Miniat\u016brs pirm\u0101s pal\u012bdz\u012bbas komplekts, kas piestiprin\u0101ts ar nopl\u016bdes necaurlaid\u012bgu r\u0101v\u0113jsl\u0113dz\u0113ju, Izgatavots no materi\u0101la ar Mil-Tec Ripstop austu.<\/p>\n<p>Pirm\u0101s pal\u012bdz\u012bbas komplektu var uzst\u0101d\u012bt uz virsm\u0101m, kas apr\u012bkotas ar MOLLE \/ PALS siksnu sist\u0113m\u0101m.<\/p>\n<p>Iek\u0101rta ietver:<br \/>\n&#8211; &#8211; 1 m\u0113rce 50 x 50 mm<br \/>\n&#8211; 6 dro\u0161\u012bbas tapas<br \/>\n&#8211; 5 T\u012br\u012b\u0161anas lupati\u0146as<br \/>\n&#8211; 1 rullis ar 40 mm x 1 m apmetumiem &#8211; 1 p\u0101rs\u0113js 75 mm x 4,5 m<br \/>\n&#8211; 1 vinila cimdu p\u0101ris<br \/>\n&#8211; 1 pa\u0161l\u012bm\u0113jo\u0161ais apmetums<br \/>\n&#8211; 1 \u0161\u0137\u0113ru p\u0101ris<\/p>\n","protected":false},"featured_media":122808,"template":"","meta":{"_acf_changed":false},"product_brand":[],"product_cat":[1051],"product_tag":[],"class_list":{"0":"post-150998","1":"product","2":"type-product","3":"status-publish","4":"has-post-thumbnail","6":"product_cat-frist-palidziba","8":"first","9":"instock","10":"taxable","11":"shipping-taxable","12":"purchasable","13":"product-type-simple"},"acf":[],"_links":{"self":[{"href":"https:\/\/kingarms.ee\/lv\/wp-json\/wp\/v2\/product\/150998","targetHints":{"allow":["GET"]}}],"collection":[{"href":"https:\/\/kingarms.ee\/lv\/wp-json\/wp\/v2\/product"}],"about":[{"href":"https:\/\/kingarms.ee\/lv\/wp-json\/wp\/v2\/types\/product"}],"wp:featuredmedia":[{"embeddable":true,"href":"https:\/\/kingarms.ee\/lv\/wp-json\/wp\/v2\/media\/122808"}],"wp:attachment":[{"href":"https:\/\/kingarms.ee\/lv\/wp-json\/wp\/v2\/media?parent=150998"}],"wp:term":[{"taxonomy":"product_brand","embeddable":true,"href":"https:\/\/kingarms.ee\/lv\/wp-json\/wp\/v2\/product_brand?post=150998"},{"taxonomy":"product_cat","embeddable":true,"href":"https:\/\/kingarms.ee\/lv\/wp-json\/wp\/v2\/product_cat?post=150998"},{"taxonomy":"product_tag","embeddable":true,"href":"https:\/\/kingarms.ee\/lv\/wp-json\/wp\/v2\/product_tag?post=150998"}],"curies":[{"name":"wp","href":"https:\/\/api.w.org\/{rel}","templated":true}]}}