{"id":151018,"date":"2022-07-04T13:24:29","date_gmt":"2025-06-09T11:10:07","guid":{"rendered":"https:\/\/kingarms.ee\/product\/11-33x50se-smeresanas-jomas-komplekts-sightmark\/"},"modified":"2025-06-09T14:10:07","modified_gmt":"2025-06-09T11:10:07","slug":"11-33x50se-smeresanas-jomas-komplekts-sightmark","status":"publish","type":"product","link":"https:\/\/kingarms.ee\/lv\/product\/11-33x50se-smeresanas-jomas-komplekts-sightmark\/","title":{"rendered":"11-33x50se sm\u0113r\u0113\u0161an\u0101s jomas komplekts Sightmark"},"content":{"rendered":"","protected":false},"excerpt":{"rendered":"<p>11-33x50se sm\u0113r\u0113\u0161an\u0101s jomas komplekts Sightmark<\/p>\n<p>Solitude 11 &#8211; 33x50se Spotting Scope komplekts ir ide\u0101li piem\u0113rots pla\u0161am lietojumu kl\u0101stam, ieskaitot \u0161au\u0161anu m\u0113r\u0137\u012b, sp\u0113\u013cu izl\u016bko\u0161anu\/izseko\u0161anu, policijas uzraudz\u012bbu vai snaiperu nov\u0113ro\u0161anu. Sightmark sm\u0113r\u0113\u0161an\u0101s jomas, kas veidotas no kvalitat\u012bviem materi\u0101liem da\u017e\u0101dos diapazonos, ir veidotas ar \u0113rtu acu atvieglojumu ilgsto\u0161ai lieto\u0161anai.Visas sm\u0113r\u0113\u0161an\u0101s jomas ir apr\u012bkotas ar daudzpus\u012bgu stat\u012bvu un somi\u0146u, kas optiku aizsarg\u0101 lauk\u0101. Izstr\u0101d\u0101ts ar taisnu acu gabalu un pagrie\u017eamu stiprin\u0101juma gredzenu, Sightmark spotting tv\u0113rumiem ir uzlabots alum\u012bnija prizmas p\u0101rkl\u0101jums optim\u0101lai gaismas caurlaid\u012bbai. Solitude spotting tv\u0113rumi ir izstr\u0101d\u0101ti ar porro Prizmas optisko sist\u0113mu, lai nodro\u0161in\u0101tu pla\u0161u redzes lauku, lai viegli izp\u0113t\u012btu un izsekotu sp\u0113li. Taisnais Okul\u0101ra dizains \u013cauj lietot\u0101jiem \u0113rti paman\u012bt ilgu laiku daudzos apst\u0101k\u013cos. Sightmark spotting tv\u0113rumi lepojas ar iztur\u012bgu, vieglu, ar gumiju bru\u0146otu korpusu, kas ir piepild\u012bts ar sl\u0101pekli un nosl\u0113gts ar O-gredzenu, padarot tos \u016bdensiztur\u012bgus un miglas necaurlaid\u012bgus. Regul\u0113jamas acu kr\u016bzes nodro\u0161ina \u0113rtu, piel\u0101gotu piem\u0113rot\u012bbu visiem lietot\u0101jiem neatkar\u012bgi no t\u0101, vai vi\u0146i valk\u0101 brilles vai n\u0113. Ar putek\u013cu necaurlaid\u012bgu konstrukciju Sightmark spotting tv\u0113rumi ir \u0101rk\u0101rt\u012bgi uzticami lieto\u0161anai visu m\u016b\u017eu.       <\/p>\n","protected":false},"featured_media":122785,"template":"","meta":{"_acf_changed":false},"product_brand":[],"product_cat":[1043],"product_tag":[],"class_list":{"0":"post-151018","1":"product","2":"type-product","3":"status-publish","4":"has-post-thumbnail","6":"product_cat-biloklalis","8":"first","9":"instock","10":"sale","11":"taxable","12":"shipping-taxable","13":"purchasable","14":"product-type-simple"},"acf":[],"_links":{"self":[{"href":"https:\/\/kingarms.ee\/lv\/wp-json\/wp\/v2\/product\/151018","targetHints":{"allow":["GET"]}}],"collection":[{"href":"https:\/\/kingarms.ee\/lv\/wp-json\/wp\/v2\/product"}],"about":[{"href":"https:\/\/kingarms.ee\/lv\/wp-json\/wp\/v2\/types\/product"}],"wp:featuredmedia":[{"embeddable":true,"href":"https:\/\/kingarms.ee\/lv\/wp-json\/wp\/v2\/media\/122785"}],"wp:attachment":[{"href":"https:\/\/kingarms.ee\/lv\/wp-json\/wp\/v2\/media?parent=151018"}],"wp:term":[{"taxonomy":"product_brand","embeddable":true,"href":"https:\/\/kingarms.ee\/lv\/wp-json\/wp\/v2\/product_brand?post=151018"},{"taxonomy":"product_cat","embeddable":true,"href":"https:\/\/kingarms.ee\/lv\/wp-json\/wp\/v2\/product_cat?post=151018"},{"taxonomy":"product_tag","embeddable":true,"href":"https:\/\/kingarms.ee\/lv\/wp-json\/wp\/v2\/product_tag?post=151018"}],"curies":[{"name":"wp","href":"https:\/\/api.w.org\/{rel}","templated":true}]}}