{"id":151020,"date":"2022-04-26T13:17:19","date_gmt":"2025-06-09T11:11:19","guid":{"rendered":"https:\/\/kingarms.ee\/product\/elastigs-triskarss-sr25-m14-reta-h-hk417-zurnala-maisins-koijots\/"},"modified":"2025-06-09T14:11:19","modified_gmt":"2025-06-09T11:11:19","slug":"elastigs-triskarss-sr25-m14-reta-h-hk417-zurnala-maisins-koijots","status":"publish","type":"product","link":"https:\/\/kingarms.ee\/lv\/product\/elastigs-triskarss-sr25-m14-reta-h-hk417-zurnala-maisins-koijots\/","title":{"rendered":"Elast\u012bgs tr\u012bsk\u0101r\u0161s SR25 M14 r\u0113ta H HK417 \u017eurn\u0101la maisi\u0146\u0161 koijots"},"content":{"rendered":"","protected":false},"excerpt":{"rendered":"<p>Elast\u012bgs tr\u012bsk\u0101r\u0161s SR25 M14 r\u0113ta H HK417 \u017eurn\u0101la maisi\u0146\u0161 koijots<\/p>\n<p>Viegls maisi\u0146\u0161 satur 3x SR25\/M14\/SCAR-H\/hk417 \u017eurn\u0101lus (polim\u0113ru vai met\u0101lu) vai citus l\u012bdz\u012bga izm\u0113ra priek\u0161metus (piem\u0113ram, d\u016bmu gran\u0101tas) un ir sader\u012bgs ar vis\u0101m MOLLE platform\u0101m. Speci\u0101ls elast\u012bgs materi\u0101ls nodro\u0161ina \u0101tru p\u0101rl\u0101d\u0113t un dro\u0161u p\u0101rvad\u0101\u0161anu. <\/p>\n","protected":false},"featured_media":117799,"template":"","meta":{"_acf_changed":false},"product_brand":[],"product_cat":[1098,1100],"product_tag":[],"class_list":{"0":"post-151020","1":"product","2":"type-product","3":"status-publish","4":"has-post-thumbnail","6":"product_cat-maisini-somas-un-siksnas","7":"product_cat-uzglabasanas-kabatas","9":"first","10":"instock","11":"purchasable","12":"product-type-simple"},"acf":[],"_links":{"self":[{"href":"https:\/\/kingarms.ee\/lv\/wp-json\/wp\/v2\/product\/151020","targetHints":{"allow":["GET"]}}],"collection":[{"href":"https:\/\/kingarms.ee\/lv\/wp-json\/wp\/v2\/product"}],"about":[{"href":"https:\/\/kingarms.ee\/lv\/wp-json\/wp\/v2\/types\/product"}],"wp:featuredmedia":[{"embeddable":true,"href":"https:\/\/kingarms.ee\/lv\/wp-json\/wp\/v2\/media\/117799"}],"wp:attachment":[{"href":"https:\/\/kingarms.ee\/lv\/wp-json\/wp\/v2\/media?parent=151020"}],"wp:term":[{"taxonomy":"product_brand","embeddable":true,"href":"https:\/\/kingarms.ee\/lv\/wp-json\/wp\/v2\/product_brand?post=151020"},{"taxonomy":"product_cat","embeddable":true,"href":"https:\/\/kingarms.ee\/lv\/wp-json\/wp\/v2\/product_cat?post=151020"},{"taxonomy":"product_tag","embeddable":true,"href":"https:\/\/kingarms.ee\/lv\/wp-json\/wp\/v2\/product_tag?post=151020"}],"curies":[{"name":"wp","href":"https:\/\/api.w.org\/{rel}","templated":true}]}}