{"id":151022,"date":"2021-03-15T20:46:09","date_gmt":"2021-03-15T17:46:09","guid":{"rendered":"https:\/\/kingarms.ee\/product\/c1911s-crosman\/"},"modified":"2025-06-09T14:12:42","modified_gmt":"2025-06-09T11:12:42","slug":"c1911s-crosman","status":"publish","type":"product","link":"https:\/\/kingarms.ee\/lv\/product\/c1911s-crosman\/","title":{"rendered":"C1911S (Crosman)"},"content":{"rendered":"<p><img loading=\"lazy\" decoding=\"async\" class=\"alignnone size-medium wp-image-31755\" src=\"https:\/\/kingarms.ee\/wp-content\/uploads\/2021\/03\/C1911S.1-300x207.jpg\" alt=\"\" width=\"300\" height=\"207\" srcset=\"https:\/\/kingarms.ee\/wp-content\/uploads\/2021\/03\/C1911S.1-300x207.jpg 300w, https:\/\/kingarms.ee\/wp-content\/uploads\/2021\/03\/C1911S.1-150x103.jpg 150w, https:\/\/kingarms.ee\/wp-content\/uploads\/2021\/03\/C1911S.1-500x344.jpg 500w, https:\/\/kingarms.ee\/wp-content\/uploads\/2021\/03\/C1911S.1-1024x705.jpg 1024w, https:\/\/kingarms.ee\/wp-content\/uploads\/2021\/03\/C1911S.1-768x529.jpg 768w, https:\/\/kingarms.ee\/wp-content\/uploads\/2021\/03\/C1911S.1.jpg 1487w\" sizes=\"auto, (max-width: 300px) 100vw, 300px\" \/><\/p>\n","protected":false},"excerpt":{"rendered":"<p>C1911S (Crosman)<\/p>\n<p>Crosman C1911S granulu gaisa pistole ir apr\u012bkota ar met\u0101la ragav\u0101m un t\u0113rauda Armoriju, Armorija ir polimeriz\u0113ta, ar koka rokturiem ar kvadr\u0101tveida rakstu lab\u0101kai sa\u0137erei. \u0112rta no\u0146emama papl\u0101te nodro\u0161ina piek\u013cuvi CO2 cilindram un taj\u0101 ir divas rot\u0113jo\u0161as 6 \u0161\u0101vienu bungas. Crosman C1911S Granulu dzinumi ar gaisa \u0161autene lodes.  <\/p>\n<ul>\n<li>Kalibrs: 4.5 mm (.177) gaisa \u0161autenes lodes (diabolo)<\/li>\n<li>Kaliberis: 4,5 mm (.177) Gaisa pistoles (Diabolo)<\/li>\n<li>S\u0101kotn\u0113jais \u0101trums: 137 m \/ s.<\/li>\n<li>T\u0113rauda pistole dzelzs.<\/li>\n<li>Alternat\u012bvi: 137 m\/s.<\/li>\n<li>Polim\u0113ra korpuss.<\/li>\n<li>Trigger: viena darb\u012bba.<\/li>\n<li>Priek\u0161\u0113jais skats: fiks\u0113ts.<\/li>\n<li>Atcel\u0161ana: fiks\u0113ts iecirtums.<\/li>\n<li>Koka rokturi.<\/li>\n<li>Backhow: fiks\u0113ts iegriezums.<\/li>\n<li>Pikkus: 203 mm.<\/li>\n<li>Kaal: 860 g.<\/li>\n<li>V\u00e4rv: h\u00f5be.<\/li>\n<\/ul>\n","protected":false},"featured_media":132140,"template":"","meta":{"_acf_changed":false},"product_brand":[],"product_cat":[1004,1005],"product_tag":[],"class_list":{"0":"post-151022","1":"product","2":"type-product","3":"status-publish","4":"has-post-thumbnail","6":"product_cat-lidmasinas","7":"product_cat-rokas-pistoles-lv","9":"first","10":"instock","11":"taxable","12":"shipping-taxable","13":"purchasable","14":"product-type-simple"},"acf":[],"_links":{"self":[{"href":"https:\/\/kingarms.ee\/lv\/wp-json\/wp\/v2\/product\/151022","targetHints":{"allow":["GET"]}}],"collection":[{"href":"https:\/\/kingarms.ee\/lv\/wp-json\/wp\/v2\/product"}],"about":[{"href":"https:\/\/kingarms.ee\/lv\/wp-json\/wp\/v2\/types\/product"}],"wp:featuredmedia":[{"embeddable":true,"href":"https:\/\/kingarms.ee\/lv\/wp-json\/wp\/v2\/media\/132140"}],"wp:attachment":[{"href":"https:\/\/kingarms.ee\/lv\/wp-json\/wp\/v2\/media?parent=151022"}],"wp:term":[{"taxonomy":"product_brand","embeddable":true,"href":"https:\/\/kingarms.ee\/lv\/wp-json\/wp\/v2\/product_brand?post=151022"},{"taxonomy":"product_cat","embeddable":true,"href":"https:\/\/kingarms.ee\/lv\/wp-json\/wp\/v2\/product_cat?post=151022"},{"taxonomy":"product_tag","embeddable":true,"href":"https:\/\/kingarms.ee\/lv\/wp-json\/wp\/v2\/product_tag?post=151022"}],"curies":[{"name":"wp","href":"https:\/\/api.w.org\/{rel}","templated":true}]}}