{"id":151024,"date":"2020-12-31T17:08:34","date_gmt":"2025-06-09T11:13:41","guid":{"rendered":"https:\/\/kingarms.ee\/product\/ipsc-merki-stingri\/"},"modified":"2025-06-09T14:13:41","modified_gmt":"2025-06-09T11:13:41","slug":"ipsc-merki-stingri","status":"publish","type":"product","link":"https:\/\/kingarms.ee\/lv\/product\/ipsc-merki-stingri\/","title":{"rendered":"IPSC m\u0113r\u0137i (stingri)"},"content":{"rendered":"<p><img loading=\"lazy\" decoding=\"async\" class=\"alignnone size-medium wp-image-37544\" src=\"https:\/\/kingarms.ee\/wp-content\/uploads\/2020\/12\/pratice-target-rs-ipsc-type-5-range-solutions-ran-020809-300x300.jpeg\" alt=\"\" width=\"300\" height=\"300\" srcset=\"https:\/\/kingarms.ee\/wp-content\/uploads\/2020\/12\/pratice-target-rs-ipsc-type-5-range-solutions-ran-020809-300x300.jpeg 300w, https:\/\/kingarms.ee\/wp-content\/uploads\/2020\/12\/pratice-target-rs-ipsc-type-5-range-solutions-ran-020809-150x150.jpeg 150w, https:\/\/kingarms.ee\/wp-content\/uploads\/2020\/12\/pratice-target-rs-ipsc-type-5-range-solutions-ran-020809-768x768.jpeg 768w, https:\/\/kingarms.ee\/wp-content\/uploads\/2020\/12\/pratice-target-rs-ipsc-type-5-range-solutions-ran-020809-500x500.jpeg 500w, https:\/\/kingarms.ee\/wp-content\/uploads\/2020\/12\/pratice-target-rs-ipsc-type-5-range-solutions-ran-020809.jpeg 850w\" sizes=\"auto, (max-width: 300px) 100vw, 300px\" \/><\/p>\n","protected":false},"excerpt":{"rendered":"<p>IPSC m\u0113r\u0137i (stingri)<\/p>\n<p><span class=\"JLqJ4b\" data-language-for-alternatives=\"et\" data-language-to-translate-into=\"pl\" data-phrase-index=\"1\"><span class=\"JLqJ4b ChMk0b\" data-language-for-alternatives=\"et\" data-language-to-translate-into=\"pl\" data-phrase-index=\"2\">IPSC m\u0113r\u0137a lapas, kas paredz\u0113tas \u0161\u0101v\u0113jiem, kuri v\u0113las apm\u0101c\u012bt vair\u0101k un vair\u0101k. Rakstz\u012bmju lapas Izm\u0113rs atbilst IPSC noteikumiem. Pl\u0101ksnes ir iespiestas uz 80 g ofseta pap\u012bra, kas padara t\u0101s l\u0113t\u0101kas, aiz\u0146em maz\u0101k vietas un ir viegl\u0101k transport\u0113jamas nek\u0101 kartona diski. L\u012bnijas, kas atdala zonas A, C un D, ir tik pl\u0101nas, ka t\u0101s ir neredzamas no 10m att\u0101luma, piem\u0113ram, uz kartona prototipa. P\u0113c m\u0113r\u0137a sasnieg\u0161anas tr\u0101p\u012bjumus var viegli at\u0161\u0137irt.    <\/span><\/span><\/p>\n<p>Suurus: 500x700mm<\/p>\n","protected":false},"featured_media":115391,"template":"","meta":{"_acf_changed":false},"product_brand":[],"product_cat":[1063],"product_tag":[],"class_list":{"0":"post-151024","1":"product","2":"type-product","3":"status-publish","4":"has-post-thumbnail","6":"product_cat-merki","8":"first","9":"instock","10":"taxable","11":"shipping-taxable","12":"purchasable","13":"product-type-simple"},"acf":[],"_links":{"self":[{"href":"https:\/\/kingarms.ee\/lv\/wp-json\/wp\/v2\/product\/151024","targetHints":{"allow":["GET"]}}],"collection":[{"href":"https:\/\/kingarms.ee\/lv\/wp-json\/wp\/v2\/product"}],"about":[{"href":"https:\/\/kingarms.ee\/lv\/wp-json\/wp\/v2\/types\/product"}],"wp:featuredmedia":[{"embeddable":true,"href":"https:\/\/kingarms.ee\/lv\/wp-json\/wp\/v2\/media\/115391"}],"wp:attachment":[{"href":"https:\/\/kingarms.ee\/lv\/wp-json\/wp\/v2\/media?parent=151024"}],"wp:term":[{"taxonomy":"product_brand","embeddable":true,"href":"https:\/\/kingarms.ee\/lv\/wp-json\/wp\/v2\/product_brand?post=151024"},{"taxonomy":"product_cat","embeddable":true,"href":"https:\/\/kingarms.ee\/lv\/wp-json\/wp\/v2\/product_cat?post=151024"},{"taxonomy":"product_tag","embeddable":true,"href":"https:\/\/kingarms.ee\/lv\/wp-json\/wp\/v2\/product_tag?post=151024"}],"curies":[{"name":"wp","href":"https:\/\/api.w.org\/{rel}","templated":true}]}}