{"id":151030,"date":"2022-07-04T13:03:40","date_gmt":"2025-06-09T11:16:11","guid":{"rendered":"https:\/\/kingarms.ee\/product\/dbal-a2-lazera-modulis-red-wadsn-2\/"},"modified":"2025-06-09T14:16:11","modified_gmt":"2025-06-09T11:16:11","slug":"dbal-a2-lazera-modulis-red-wadsn-2","status":"publish","type":"product","link":"https:\/\/kingarms.ee\/lv\/product\/dbal-a2-lazera-modulis-red-wadsn-2\/","title":{"rendered":"Dbal-A2 l\u0101zera modulis Red WADSN"},"content":{"rendered":"","protected":false},"excerpt":{"rendered":"<p>Dbal-A2 l\u0101zera modulis Red WADSN<\/p>\n<p><strong><u>Specifik\u0101cijas:<\/u><\/strong><\/p>\n<ul>\n<li>Redzams Sarkans L\u0101zera jauda: 5 mw<\/li>\n<li>LED apgaismot\u0101ja jauda: 10mW<\/li>\n<li>Mount: picatinny mount<\/li>\n<li>Akumulators: 1 x CR123A (nav iek\u013cauts)<\/li>\n<li>Izm\u0113rs: 85mm x 70mm x 40mm<\/li>\n<li>Svars: 230g<\/li>\n<li>N\u0101k ar T\u0101lvad\u012bbas Sl\u0113dzi Asti<\/li>\n<\/ul>\n","protected":false},"featured_media":122749,"template":"","meta":{"_acf_changed":false},"product_brand":[],"product_cat":[1028],"product_tag":[],"class_list":{"0":"post-151030","1":"product","2":"type-product","3":"status-publish","4":"has-post-thumbnail","6":"product_cat-lazeri","8":"first","9":"onbackorder","10":"taxable","11":"shipping-taxable","12":"product-type-simple"},"acf":[],"_links":{"self":[{"href":"https:\/\/kingarms.ee\/lv\/wp-json\/wp\/v2\/product\/151030","targetHints":{"allow":["GET"]}}],"collection":[{"href":"https:\/\/kingarms.ee\/lv\/wp-json\/wp\/v2\/product"}],"about":[{"href":"https:\/\/kingarms.ee\/lv\/wp-json\/wp\/v2\/types\/product"}],"wp:featuredmedia":[{"embeddable":true,"href":"https:\/\/kingarms.ee\/lv\/wp-json\/wp\/v2\/media\/122749"}],"wp:attachment":[{"href":"https:\/\/kingarms.ee\/lv\/wp-json\/wp\/v2\/media?parent=151030"}],"wp:term":[{"taxonomy":"product_brand","embeddable":true,"href":"https:\/\/kingarms.ee\/lv\/wp-json\/wp\/v2\/product_brand?post=151030"},{"taxonomy":"product_cat","embeddable":true,"href":"https:\/\/kingarms.ee\/lv\/wp-json\/wp\/v2\/product_cat?post=151030"},{"taxonomy":"product_tag","embeddable":true,"href":"https:\/\/kingarms.ee\/lv\/wp-json\/wp\/v2\/product_tag?post=151030"}],"curies":[{"name":"wp","href":"https:\/\/api.w.org\/{rel}","templated":true}]}}