{"id":151034,"date":"2022-07-04T12:52:30","date_gmt":"2025-06-09T11:17:47","guid":{"rendered":"https:\/\/kingarms.ee\/product\/rokas-pulkstenis-clawgear\/"},"modified":"2025-06-09T14:17:47","modified_gmt":"2025-06-09T11:17:47","slug":"rokas-pulkstenis-clawgear","status":"publish","type":"product","link":"https:\/\/kingarms.ee\/lv\/product\/rokas-pulkstenis-clawgear\/","title":{"rendered":"Rokas pulkstenis Clawgear"},"content":{"rendered":"","protected":false},"excerpt":{"rendered":"<article>\n<div class=\"product-tabs\">\n<div>Rokas pulkstenis Clawgear<\/div>\n<div id=\"text\">Uzticams hronometrs milit\u0101riem un ties\u012bbaizsardz\u012bbas operatoriem, kas nodro\u0161ina augstu funkcionalit\u0101tes l\u012bmeni. Divk\u0101r\u0161ais taimeris ir izstr\u0101d\u0101ts \u013coti bie\u017eu pras\u012bbu d\u0113\u013c, kas nodro\u0161ina analogo, k\u0101 ar\u012b digit\u0101l\u0101s funkcijas. Att\u0113lots ar augsta bl\u012bvuma polikarbon\u0101ta korpusu, melno OPS dizainu bez atstarojo\u0161\u0101m met\u0101la deta\u013c\u0101m, digit\u0101l\u0101 kompasa, pasaules taimera, trauksmes re\u017e\u012bma, hronogr\u0101fa un daudz\u0101m cit\u0101m. Baltas rokas un melnas matricas displejs ar fona apgaismojuma p\u0101rsl\u0113g\u0161anu nodro\u0161ina lielu redzam\u012bbu gr\u016btos apst\u0101k\u013cos. Pogas pogas izmanto\u0161anas pogu var izsl\u0113gt.    <\/div>\n<\/div>\n<\/article>\n","protected":false},"featured_media":122745,"template":"","meta":{"_acf_changed":false},"product_brand":[],"product_cat":[1076],"product_tag":[],"class_list":{"0":"post-151034","1":"product","2":"type-product","3":"status-publish","4":"has-post-thumbnail","6":"product_cat-rokas-pulkstenis","8":"first","9":"onbackorder","10":"taxable","11":"shipping-taxable","12":"product-type-simple"},"acf":[],"_links":{"self":[{"href":"https:\/\/kingarms.ee\/lv\/wp-json\/wp\/v2\/product\/151034","targetHints":{"allow":["GET"]}}],"collection":[{"href":"https:\/\/kingarms.ee\/lv\/wp-json\/wp\/v2\/product"}],"about":[{"href":"https:\/\/kingarms.ee\/lv\/wp-json\/wp\/v2\/types\/product"}],"wp:featuredmedia":[{"embeddable":true,"href":"https:\/\/kingarms.ee\/lv\/wp-json\/wp\/v2\/media\/122745"}],"wp:attachment":[{"href":"https:\/\/kingarms.ee\/lv\/wp-json\/wp\/v2\/media?parent=151034"}],"wp:term":[{"taxonomy":"product_brand","embeddable":true,"href":"https:\/\/kingarms.ee\/lv\/wp-json\/wp\/v2\/product_brand?post=151034"},{"taxonomy":"product_cat","embeddable":true,"href":"https:\/\/kingarms.ee\/lv\/wp-json\/wp\/v2\/product_cat?post=151034"},{"taxonomy":"product_tag","embeddable":true,"href":"https:\/\/kingarms.ee\/lv\/wp-json\/wp\/v2\/product_tag?post=151034"}],"curies":[{"name":"wp","href":"https:\/\/api.w.org\/{rel}","templated":true}]}}