{"id":151097,"date":"2023-02-09T14:29:29","date_gmt":"2025-06-20T12:29:39","guid":{"rendered":"https:\/\/kingarms.ee\/product\/nomainama-magnetiska-montazas-paplate\/"},"modified":"2025-06-20T15:29:39","modified_gmt":"2025-06-20T12:29:39","slug":"nomainama-magnetiska-montazas-paplate","status":"publish","type":"product","link":"https:\/\/kingarms.ee\/lv\/product\/nomainama-magnetiska-montazas-paplate\/","title":{"rendered":"Nomain\u0101ma magn\u0113tisk\u0101 mont\u0101\u017eas papl\u0101te"},"content":{"rendered":"<p><img loading=\"lazy\" decoding=\"async\" class=\"alignnone size-full wp-image-74476\" src=\"https:\/\/kingarms.ee\/wp-content\/uploads\/2023\/02\/1.jpg\" alt=\"\" width=\"640\" height=\"640\" srcset=\"https:\/\/kingarms.ee\/wp-content\/uploads\/2023\/02\/1.jpg 640w, https:\/\/kingarms.ee\/wp-content\/uploads\/2023\/02\/1-300x300.jpg 300w, https:\/\/kingarms.ee\/wp-content\/uploads\/2023\/02\/1-150x150.jpg 150w, https:\/\/kingarms.ee\/wp-content\/uploads\/2023\/02\/1-500x500.jpg 500w\" sizes=\"auto, (max-width: 640px) 100vw, 640px\" \/><\/p>\n","protected":false},"excerpt":{"rendered":"<p><strong>Nomain\u0101ma magn\u0113tisk\u0101 mont\u0101\u017eas papl\u0101te<\/strong><\/p>\n<p>Piestiprin\u0101ts ar magn\u0113tiem caur dr\u0113b\u0113m, siksn\u0101m, audumu utt<br \/>\nPiln\u012bb\u0101 integr\u0113ts, ieb\u016bv\u0113ts retzemju neod\u012bma magn\u0113ts<br \/>\nPolster\u0113ts dibens komfortam<br \/>\n\u0160is apstiprin\u0101jums ir katr\u0101 2020.gad\u0101. elites s\u0113rija<br \/>\nSavietojams gan ar Elite, gan Microalise ier\u012bc\u0113m <\/p>\n","protected":false},"featured_media":127237,"template":"","meta":{"_acf_changed":false},"product_brand":[],"product_cat":[1019],"product_tag":[],"class_list":{"0":"post-151097","1":"product","2":"type-product","3":"status-publish","4":"has-post-thumbnail","6":"product_cat-policija-militaristi","8":"first","9":"instock","10":"taxable","11":"shipping-taxable","12":"purchasable","13":"product-type-simple"},"acf":[],"_links":{"self":[{"href":"https:\/\/kingarms.ee\/lv\/wp-json\/wp\/v2\/product\/151097","targetHints":{"allow":["GET"]}}],"collection":[{"href":"https:\/\/kingarms.ee\/lv\/wp-json\/wp\/v2\/product"}],"about":[{"href":"https:\/\/kingarms.ee\/lv\/wp-json\/wp\/v2\/types\/product"}],"wp:featuredmedia":[{"embeddable":true,"href":"https:\/\/kingarms.ee\/lv\/wp-json\/wp\/v2\/media\/127237"}],"wp:attachment":[{"href":"https:\/\/kingarms.ee\/lv\/wp-json\/wp\/v2\/media?parent=151097"}],"wp:term":[{"taxonomy":"product_brand","embeddable":true,"href":"https:\/\/kingarms.ee\/lv\/wp-json\/wp\/v2\/product_brand?post=151097"},{"taxonomy":"product_cat","embeddable":true,"href":"https:\/\/kingarms.ee\/lv\/wp-json\/wp\/v2\/product_cat?post=151097"},{"taxonomy":"product_tag","embeddable":true,"href":"https:\/\/kingarms.ee\/lv\/wp-json\/wp\/v2\/product_tag?post=151097"}],"curies":[{"name":"wp","href":"https:\/\/api.w.org\/{rel}","templated":true}]}}