{"id":151098,"date":"2023-02-09T14:15:13","date_gmt":"2023-02-09T11:15:13","guid":{"rendered":"https:\/\/kingarms.ee\/product\/nakts-noverosanas-ierice-sytong-ht-66-940-nm\/"},"modified":"2025-06-20T15:29:41","modified_gmt":"2025-06-20T12:29:41","slug":"nakts-noverosanas-ierice-sytong-ht-66-940-nm","status":"publish","type":"product","link":"https:\/\/kingarms.ee\/lv\/product\/nakts-noverosanas-ierice-sytong-ht-66-940-nm\/","title":{"rendered":"Nakts nov\u0113ro\u0161anas ier\u012bce-Sytong HT-66 940 nm"},"content":{"rendered":"<p><img loading=\"lazy\" decoding=\"async\" class=\"alignnone size-full wp-image-74452\" src=\"https:\/\/kingarms.ee\/wp-content\/uploads\/2023\/02\/cyfrowy-monokular-nasadka-noktowizyjna-sytong-ht-66-940-nm-354c419a5b2541fab73f3cf59555a035-44b2696f.jpg\" alt=\"\" width=\"900\" height=\"900\" srcset=\"https:\/\/kingarms.ee\/wp-content\/uploads\/2023\/02\/cyfrowy-monokular-nasadka-noktowizyjna-sytong-ht-66-940-nm-354c419a5b2541fab73f3cf59555a035-44b2696f.jpg 900w, https:\/\/kingarms.ee\/wp-content\/uploads\/2023\/02\/cyfrowy-monokular-nasadka-noktowizyjna-sytong-ht-66-940-nm-354c419a5b2541fab73f3cf59555a035-44b2696f-300x300.jpg 300w, https:\/\/kingarms.ee\/wp-content\/uploads\/2023\/02\/cyfrowy-monokular-nasadka-noktowizyjna-sytong-ht-66-940-nm-354c419a5b2541fab73f3cf59555a035-44b2696f-150x150.jpg 150w, https:\/\/kingarms.ee\/wp-content\/uploads\/2023\/02\/cyfrowy-monokular-nasadka-noktowizyjna-sytong-ht-66-940-nm-354c419a5b2541fab73f3cf59555a035-44b2696f-768x768.jpg 768w, https:\/\/kingarms.ee\/wp-content\/uploads\/2023\/02\/cyfrowy-monokular-nasadka-noktowizyjna-sytong-ht-66-940-nm-354c419a5b2541fab73f3cf59555a035-44b2696f-500x500.jpg 500w\" sizes=\"auto, (max-width: 900px) 100vw, 900px\" \/><\/p>\n","protected":false},"excerpt":{"rendered":"<p>Nakts nov\u0113ro\u0161anas ier\u012bce-Sytong HT-66 940 nm<\/p>\n<p>IR noteik\u0161anas diapazons: l\u012bdz 200m<br \/>\nintegr\u0113ts IR gaismeklis 5W 940nm<br \/>\n3 veidi, k\u0101 iestat\u012bt apgaismojuma jaudu<br \/>\npalielin\u0101jums: 4-14x<\/p>\n<p>\u013cauj ierakst\u012bt video 1920&#215;1080 iz\u0161\u0137irtsp\u0113j\u0101<br \/>\nfotograf\u0113\u0161anas iz\u0161\u0137irtsp\u0113ja 2680&#215;1944<br \/>\nOLED displejs<br \/>\nakumulatora darb\u012bbas laiks: l\u012bdz 8 stund\u0101m<br \/>\n\u012apa\u0161i kompakti izm\u0113ri 120x47x97mm<br \/>\nsvars: 250g<br \/>\ngarantija: 1 gads<\/p>\n<p>Optikas atstaro\u0161ana tiek p\u0101rbaud\u012bta l\u012bdz 6000j.<\/p>\n<p>Iek\u013cauts 45 mm adapteris, l\u0101d\u0113t\u0101js un kabelis.<\/p>\n","protected":false},"featured_media":127219,"template":"","meta":{"_acf_changed":false},"product_brand":[],"product_cat":[1040],"product_tag":[],"class_list":{"0":"post-151098","1":"product","2":"type-product","3":"status-publish","4":"has-post-thumbnail","6":"product_cat-nakts-laika-aprikojums","8":"first","9":"instock","10":"taxable","11":"shipping-taxable","12":"purchasable","13":"product-type-simple"},"acf":[],"_links":{"self":[{"href":"https:\/\/kingarms.ee\/lv\/wp-json\/wp\/v2\/product\/151098","targetHints":{"allow":["GET"]}}],"collection":[{"href":"https:\/\/kingarms.ee\/lv\/wp-json\/wp\/v2\/product"}],"about":[{"href":"https:\/\/kingarms.ee\/lv\/wp-json\/wp\/v2\/types\/product"}],"wp:featuredmedia":[{"embeddable":true,"href":"https:\/\/kingarms.ee\/lv\/wp-json\/wp\/v2\/media\/127219"}],"wp:attachment":[{"href":"https:\/\/kingarms.ee\/lv\/wp-json\/wp\/v2\/media?parent=151098"}],"wp:term":[{"taxonomy":"product_brand","embeddable":true,"href":"https:\/\/kingarms.ee\/lv\/wp-json\/wp\/v2\/product_brand?post=151098"},{"taxonomy":"product_cat","embeddable":true,"href":"https:\/\/kingarms.ee\/lv\/wp-json\/wp\/v2\/product_cat?post=151098"},{"taxonomy":"product_tag","embeddable":true,"href":"https:\/\/kingarms.ee\/lv\/wp-json\/wp\/v2\/product_tag?post=151098"}],"curies":[{"name":"wp","href":"https:\/\/api.w.org\/{rel}","templated":true}]}}