{"id":151101,"date":"2023-02-08T19:28:56","date_gmt":"2025-06-20T12:30:42","guid":{"rendered":"https:\/\/kingarms.ee\/product\/kanoe-laivu-gaismas-komplekts-sargengelis\/"},"modified":"2025-06-20T15:30:42","modified_gmt":"2025-06-20T12:30:42","slug":"kanoe-laivu-gaismas-komplekts-sargengelis","status":"publish","type":"product","link":"https:\/\/kingarms.ee\/lv\/product\/kanoe-laivu-gaismas-komplekts-sargengelis\/","title":{"rendered":"Kanoe\/laivu gaismas komplekts (sarge\u0146\u0123elis)"},"content":{"rendered":"<p><img loading=\"lazy\" decoding=\"async\" class=\"alignnone size-full wp-image-74335\" src=\"https:\/\/kingarms.ee\/wp-content\/uploads\/2023\/02\/2022_05_01_ELTKayakKit_1-scaled-1.jpg\" alt=\"\" width=\"2560\" height=\"2560\" srcset=\"https:\/\/kingarms.ee\/wp-content\/uploads\/2023\/02\/2022_05_01_ELTKayakKit_1-scaled-1.jpg 2560w, https:\/\/kingarms.ee\/wp-content\/uploads\/2023\/02\/2022_05_01_ELTKayakKit_1-scaled-1-300x300.jpg 300w, https:\/\/kingarms.ee\/wp-content\/uploads\/2023\/02\/2022_05_01_ELTKayakKit_1-scaled-1-1024x1024.jpg 1024w, https:\/\/kingarms.ee\/wp-content\/uploads\/2023\/02\/2022_05_01_ELTKayakKit_1-scaled-1-150x150.jpg 150w, https:\/\/kingarms.ee\/wp-content\/uploads\/2023\/02\/2022_05_01_ELTKayakKit_1-scaled-1-768x768.jpg 768w, https:\/\/kingarms.ee\/wp-content\/uploads\/2023\/02\/2022_05_01_ELTKayakKit_1-scaled-1-1536x1536.jpg 1536w, https:\/\/kingarms.ee\/wp-content\/uploads\/2023\/02\/2022_05_01_ELTKayakKit_1-scaled-1-2048x2048.jpg 2048w, https:\/\/kingarms.ee\/wp-content\/uploads\/2023\/02\/2022_05_01_ELTKayakKit_1-scaled-1-500x500.jpg 500w\" sizes=\"auto, (max-width: 2560px) 100vw, 2560px\" \/><\/p>\n","protected":false},"excerpt":{"rendered":"<p><strong>Kanoe\/laivu gaismas komplekts (sarge\u0146\u0123elis)<\/strong><\/p>\n<p>Lieliska d\u0101vana-viss, kas jums j\u0101pievieno iepakotai kanoe kop\u0101<br \/>\n2-mikro s\u0113rijas apr\u012bkojums-sarkana \/ za\u013ca priek\u0161gala navig\u0101cijas gaisma un balta \/ balta paka\u013cgala gaisma. Abi ar ieprogramm\u0113tiem navig\u0101cijas iestat\u012bjumiem<br \/>\n2 stiprin\u0101jumi-nemet\u0101liska l\u012bme un skr\u016bvju stiprin\u0101jums<br \/>\nDivu ier\u012b\u010du saites &#8211; nav j\u0101uztraucas par apr\u012bkojuma zaud\u0113\u0161anu<br \/>\nUzl\u0101d\u0113jams ieb\u016bv\u0113ts akumulators-izmanto USB tipa A uzl\u0101des kabeli (nop\u0113rkams atsevi\u0161\u0137i)<br \/>\nAkumulatora darb\u012bbas laiks 150 stundas. Uzl\u0101des laiks ir 90 min\u016btes.  <\/p>\n","protected":false},"featured_media":127118,"template":"","meta":{"_acf_changed":false},"product_brand":[],"product_cat":[1019],"product_tag":[],"class_list":{"0":"post-151101","1":"product","2":"type-product","3":"status-publish","4":"has-post-thumbnail","6":"product_cat-policija-militaristi","8":"first","9":"instock","10":"taxable","11":"shipping-taxable","12":"purchasable","13":"product-type-simple"},"acf":[],"_links":{"self":[{"href":"https:\/\/kingarms.ee\/lv\/wp-json\/wp\/v2\/product\/151101","targetHints":{"allow":["GET"]}}],"collection":[{"href":"https:\/\/kingarms.ee\/lv\/wp-json\/wp\/v2\/product"}],"about":[{"href":"https:\/\/kingarms.ee\/lv\/wp-json\/wp\/v2\/types\/product"}],"wp:featuredmedia":[{"embeddable":true,"href":"https:\/\/kingarms.ee\/lv\/wp-json\/wp\/v2\/media\/127118"}],"wp:attachment":[{"href":"https:\/\/kingarms.ee\/lv\/wp-json\/wp\/v2\/media?parent=151101"}],"wp:term":[{"taxonomy":"product_brand","embeddable":true,"href":"https:\/\/kingarms.ee\/lv\/wp-json\/wp\/v2\/product_brand?post=151101"},{"taxonomy":"product_cat","embeddable":true,"href":"https:\/\/kingarms.ee\/lv\/wp-json\/wp\/v2\/product_cat?post=151101"},{"taxonomy":"product_tag","embeddable":true,"href":"https:\/\/kingarms.ee\/lv\/wp-json\/wp\/v2\/product_tag?post=151101"}],"curies":[{"name":"wp","href":"https:\/\/api.w.org\/{rel}","templated":true}]}}