{"id":151107,"date":"2023-02-09T13:58:54","date_gmt":"2025-06-20T13:53:11","guid":{"rendered":"https:\/\/kingarms.ee\/product\/ak47-atbrivosanas-vadiba-ar-atru-stiprinajumu-utg\/"},"modified":"2025-06-20T16:53:11","modified_gmt":"2025-06-20T13:53:11","slug":"ak47-atbrivosanas-vadiba-ar-atru-stiprinajumu-utg","status":"publish","type":"product","link":"https:\/\/kingarms.ee\/lv\/product\/ak47-atbrivosanas-vadiba-ar-atru-stiprinajumu-utg\/","title":{"rendered":"AK47 atbr\u012bvo\u0161anas vad\u012bba &#8211; ar \u0101tru stiprin\u0101jumu (UTG)"},"content":{"rendered":"<p><img loading=\"lazy\" decoding=\"async\" class=\"alignnone size-full wp-image-74444\" src=\"https:\/\/kingarms.ee\/wp-content\/uploads\/2023\/02\/71m2S4gtj9L._AC_UF10001000_QL80_.jpg\" alt=\"\" width=\"1000\" height=\"707\" srcset=\"https:\/\/kingarms.ee\/wp-content\/uploads\/2023\/02\/71m2S4gtj9L._AC_UF10001000_QL80_.jpg 1000w, https:\/\/kingarms.ee\/wp-content\/uploads\/2023\/02\/71m2S4gtj9L._AC_UF10001000_QL80_-300x212.jpg 300w, https:\/\/kingarms.ee\/wp-content\/uploads\/2023\/02\/71m2S4gtj9L._AC_UF10001000_QL80_-768x543.jpg 768w, https:\/\/kingarms.ee\/wp-content\/uploads\/2023\/02\/71m2S4gtj9L._AC_UF10001000_QL80_-500x354.jpg 500w, https:\/\/kingarms.ee\/wp-content\/uploads\/2023\/02\/71m2S4gtj9L._AC_UF10001000_QL80_-150x106.jpg 150w\" sizes=\"auto, (max-width: 1000px) 100vw, 1000px\" \/><\/p>\n","protected":false},"excerpt":{"rendered":"<p><strong>AK47 rokas stiprin\u0101jums-stiprin\u0101jums (UTG)<\/strong><\/p>\n<p>Lepni izstr\u0101d\u0101ts un izgatavots ASV<br \/>\nPiem\u0113rots liel\u0101kajai da\u013cai AK un variantu ar s\u0101nu push autobusu<br \/>\nErgonomiska svira ar pilnu regul\u0113jam\u012bbu un \u0101tru blo\u0137\u0113\u0161anu \/ atbr\u012bvo\u0161anu<br \/>\nAug\u0161\u0101 \u0161eit ar 16 spraug\u0101m elast\u012bgai optikas lieto\u0161anai<br \/>\nS\u0101nu sliede ar no\u0146emamu 6 slotu Picatinny autobusu<br \/>\nAug\u0161\u0113jais U formas griezums ar dzelzs t\u0113m\u0113k\u013ciem caursp\u012bd\u012bgai uzkl\u0101\u0161anai<br \/>\nLielisks veids, k\u0101 saglab\u0101t nulli un Atiestat\u012bt v\u0113lreiz<\/p>\n","protected":false},"featured_media":134396,"template":"","meta":{"_acf_changed":false},"product_brand":[],"product_cat":[1033],"product_tag":[],"class_list":{"0":"post-151107","1":"product","2":"type-product","3":"status-publish","4":"has-post-thumbnail","6":"product_cat-apstiprinasana","8":"first","9":"onbackorder","10":"taxable","11":"shipping-taxable","12":"product-type-simple"},"acf":[],"_links":{"self":[{"href":"https:\/\/kingarms.ee\/lv\/wp-json\/wp\/v2\/product\/151107","targetHints":{"allow":["GET"]}}],"collection":[{"href":"https:\/\/kingarms.ee\/lv\/wp-json\/wp\/v2\/product"}],"about":[{"href":"https:\/\/kingarms.ee\/lv\/wp-json\/wp\/v2\/types\/product"}],"wp:featuredmedia":[{"embeddable":true,"href":"https:\/\/kingarms.ee\/lv\/wp-json\/wp\/v2\/media\/134396"}],"wp:attachment":[{"href":"https:\/\/kingarms.ee\/lv\/wp-json\/wp\/v2\/media?parent=151107"}],"wp:term":[{"taxonomy":"product_brand","embeddable":true,"href":"https:\/\/kingarms.ee\/lv\/wp-json\/wp\/v2\/product_brand?post=151107"},{"taxonomy":"product_cat","embeddable":true,"href":"https:\/\/kingarms.ee\/lv\/wp-json\/wp\/v2\/product_cat?post=151107"},{"taxonomy":"product_tag","embeddable":true,"href":"https:\/\/kingarms.ee\/lv\/wp-json\/wp\/v2\/product_tag?post=151107"}],"curies":[{"name":"wp","href":"https:\/\/api.w.org\/{rel}","templated":true}]}}