{"id":151121,"date":"2023-01-06T16:22:14","date_gmt":"2025-06-20T14:57:41","guid":{"rendered":"https:\/\/kingarms.ee\/product\/gl19r-pistoles-lampa-fenix\/"},"modified":"2025-06-20T17:57:41","modified_gmt":"2025-06-20T14:57:41","slug":"gl19r-pistoles-lampa-fenix","status":"publish","type":"product","link":"https:\/\/kingarms.ee\/lv\/product\/gl19r-pistoles-lampa-fenix\/","title":{"rendered":"GL19R pistoles lampa (Fenix)"},"content":{"rendered":"<p><img loading=\"lazy\" decoding=\"async\" class=\"alignnone size-full wp-image-70814\" src=\"https:\/\/kingarms.ee\/wp-content\/uploads\/2023\/01\/1-2.jpg\" alt=\"\" width=\"850\" height=\"850\" srcset=\"https:\/\/kingarms.ee\/wp-content\/uploads\/2023\/01\/1-2.jpg 850w, https:\/\/kingarms.ee\/wp-content\/uploads\/2023\/01\/1-2-300x300.jpg 300w, https:\/\/kingarms.ee\/wp-content\/uploads\/2023\/01\/1-2-150x150.jpg 150w, https:\/\/kingarms.ee\/wp-content\/uploads\/2023\/01\/1-2-768x768.jpg 768w, https:\/\/kingarms.ee\/wp-content\/uploads\/2023\/01\/1-2-500x500.jpg 500w\" sizes=\"auto, (max-width: 850px) 100vw, 850px\" \/><\/p>\n","protected":false},"excerpt":{"rendered":"<p><strong>GL19R pistoles lampa<\/strong><\/p>\n<p>Fenix GL19R ir unik\u0101la pistoles un iero\u010du lampa ar lielu maksim\u0101lo vieglo jaudu. Uzsvars tiek likts uz kompaktu un iztur\u012bbu. Fenix GL19R maksim\u0101lais gaismas sp\u0113ks ir 1200 l\u016bmeni un maksim\u0101l\u0101 gaismas pl\u016bsma l\u012bdz 210 metriem. Ir pieejama divu gaismas intensit\u0101te (1200lm un 350lm) un Strob re\u017e\u012bms. P\u0101reja uz lampu tiek veikta lampas aizmugur\u0113 uz spr\u016bda spr\u016bda vai p\u0101rsl\u0113g\u0161anas sl\u0113dzi uz piederuma sl\u0113dzi-AER-06S. Ir iesp\u0113jams p\u0101rsl\u0113gt lampu gan uz past\u0101v\u012bgu darbu, gan izmantot tikai t\u016bl\u012bt\u0113jam apgaismojumam (lampa darbojas tikai tad, ja turat sl\u0113dzi). Gl19R ir piestiprin\u0101ts pie iero\u010da ar \u0101tru stiprin\u0101jumu, un taj\u0101 ietilpst uzst\u0101d\u012b\u0161anas pl\u0101ksnes, padarot lukturi gan Picatinny, gan Glock standarta stiprin\u0101jumos. Fenix GL19R korpuss ir izgatavots no sp\u0113c\u012bga alum\u012bnija sakaus\u0113juma un p\u0101rkl\u0101ta ar III tipa anod\u0113\u0161anu. Str\u0101vas avots ir standarta augstas slodzes neso\u0161ais 18350 Li-Ion akumulators, kuram Fenix ir pievienojis papildu aizsarg\u0101jo\u0161u moduli pret p\u0101rm\u0113r\u012bgu uzl\u0101di, nepietiekamu apg\u0101d\u0101jo\u0161u, p\u0101rkar\u0161anu, p\u0101rm\u0113r\u012bgu savienojumu un \u012bsu savienojumu. Jums nav j\u0101no\u0146em akumulators no luktura uzl\u0101d\u0113\u0161anai. Lampai ir standarta integr\u0113ts USB-C uzl\u0101des ports tie\u0161ai uzl\u0101d\u0113\u0161anai. Izmantojot to pa\u0161u portu, ir iesp\u0113jams ar\u012b kontrol\u0113t lampu ar att\u0101luma sl\u0113dzi, izmantojot Fenix AER-06 att\u0101luma saiti, kas pieejama k\u0101 piederumi. Str\u0101vas padeves baro\u0161anas l\u012bmeni var p\u0101rbaud\u012bt, izmantojot LUM integr\u0113to baro\u0161anas l\u012bme\u0146a indikatoru. Tas pats indikators darbojas ar\u012b k\u0101 luktura iel\u0101des procesa indikators. Fenix GL19R tiek p\u0101rbaud\u012bts ar \u016bdensnecaurlaid\u012bgu lampu ar dro\u0161\u012bbas klasi IP68 2M. Pieg\u0101d\u0101ts k\u0101 pilns komplekts, kas papildus Lamp Fenix 1100mAh Li-Ion akumulatoram, USB-C l\u0101d\u0113\u0161anas kabelim, uzst\u0101d\u012b\u0161anas pl\u0101ksn\u0113m pieska\u0146o\u0161anai Glock un Picatinny, rezerves gredzena bl\u012bv\u0113juma un manu\u0101la. AER-06S att\u0101luma sl\u0113dzis ir pieejams atsevi\u0161\u0137i.                <\/p>\n<p><strong>Uzman\u012bbu!<\/strong> Fenx GL19R der liel\u0101kajai da\u013cai standarta izm\u0113ra pistoles ar Glock vai MIL-STD-1913 (Picatinny) standarta stiprin\u0101jumu. Fenix GL19R nav sader\u012bgs ar Sig Sauer P226. Fenix GL19R der tikai da\u017eiem kompaktiem pistol\u0113m, piem\u0113ram, Glock36\/Springfield DX standarta stiprin\u0101jumiem. Fenix GL19R nav piem\u0113rots kompaktiem iero\u010diem ar \u012bsu mont\u0101\u017eas pistoli vai bez Mont\u0101\u017eas pistoles.   <\/p>\n","protected":false},"featured_media":126203,"template":"","meta":{"_acf_changed":false},"product_brand":[],"product_cat":[1037],"product_tag":[],"class_list":{"0":"post-151121","1":"product","2":"type-product","3":"status-publish","4":"has-post-thumbnail","6":"product_cat-lukturisi","8":"first","9":"onbackorder","10":"taxable","11":"shipping-taxable","12":"product-type-simple"},"acf":[],"_links":{"self":[{"href":"https:\/\/kingarms.ee\/lv\/wp-json\/wp\/v2\/product\/151121","targetHints":{"allow":["GET"]}}],"collection":[{"href":"https:\/\/kingarms.ee\/lv\/wp-json\/wp\/v2\/product"}],"about":[{"href":"https:\/\/kingarms.ee\/lv\/wp-json\/wp\/v2\/types\/product"}],"wp:featuredmedia":[{"embeddable":true,"href":"https:\/\/kingarms.ee\/lv\/wp-json\/wp\/v2\/media\/126203"}],"wp:attachment":[{"href":"https:\/\/kingarms.ee\/lv\/wp-json\/wp\/v2\/media?parent=151121"}],"wp:term":[{"taxonomy":"product_brand","embeddable":true,"href":"https:\/\/kingarms.ee\/lv\/wp-json\/wp\/v2\/product_brand?post=151121"},{"taxonomy":"product_cat","embeddable":true,"href":"https:\/\/kingarms.ee\/lv\/wp-json\/wp\/v2\/product_cat?post=151121"},{"taxonomy":"product_tag","embeddable":true,"href":"https:\/\/kingarms.ee\/lv\/wp-json\/wp\/v2\/product_tag?post=151121"}],"curies":[{"name":"wp","href":"https:\/\/api.w.org\/{rel}","templated":true}]}}