{"id":151124,"date":"2022-12-20T18:40:46","date_gmt":"2025-06-20T15:01:34","guid":{"rendered":"https:\/\/kingarms.ee\/product\/gumijas-lodes-t4e-rb-prac-43-500-pcs\/"},"modified":"2025-06-20T18:01:34","modified_gmt":"2025-06-20T15:01:34","slug":"gumijas-lodes-t4e-rb-prac-43-500-pcs","status":"publish","type":"product","link":"https:\/\/kingarms.ee\/lv\/product\/gumijas-lodes-t4e-rb-prac-43-500-pcs\/","title":{"rendered":"Gumijas lodes T4E RB PRAC .43 500 PCs"},"content":{"rendered":"<p><img loading=\"lazy\" decoding=\"async\" class=\"alignnone size-full wp-image-69641\" src=\"https:\/\/kingarms.ee\/wp-content\/uploads\/2022\/12\/kulki-poliuretanowe-t4e-practice-plb-kal-43-500-szt-szare-eda0f5f678114873adf2cfd133b87e4e-c203ef54.jpeg\" alt=\"\" width=\"900\" height=\"900\" srcset=\"https:\/\/kingarms.ee\/wp-content\/uploads\/2022\/12\/kulki-poliuretanowe-t4e-practice-plb-kal-43-500-szt-szare-eda0f5f678114873adf2cfd133b87e4e-c203ef54.jpeg 900w, https:\/\/kingarms.ee\/wp-content\/uploads\/2022\/12\/kulki-poliuretanowe-t4e-practice-plb-kal-43-500-szt-szare-eda0f5f678114873adf2cfd133b87e4e-c203ef54-300x300.jpeg 300w, https:\/\/kingarms.ee\/wp-content\/uploads\/2022\/12\/kulki-poliuretanowe-t4e-practice-plb-kal-43-500-szt-szare-eda0f5f678114873adf2cfd133b87e4e-c203ef54-150x150.jpeg 150w, https:\/\/kingarms.ee\/wp-content\/uploads\/2022\/12\/kulki-poliuretanowe-t4e-practice-plb-kal-43-500-szt-szare-eda0f5f678114873adf2cfd133b87e4e-c203ef54-768x768.jpeg 768w, https:\/\/kingarms.ee\/wp-content\/uploads\/2022\/12\/kulki-poliuretanowe-t4e-practice-plb-kal-43-500-szt-szare-eda0f5f678114873adf2cfd133b87e4e-c203ef54-500x500.jpeg 500w\" sizes=\"auto, (max-width: 900px) 100vw, 900px\" \/><\/p>\n","protected":false},"excerpt":{"rendered":"<p>.43 kalibra gumijas lodes, kas paredz\u0113tas lieto\u0161anai ar T4E m\u0101c\u012bbu platform\u0101m un citiem .43 kalibra nen\u0101v\u0113jo\u0161i iero\u010di.<\/p>\n<ul>\n<li>.43 kalibra gumijas lodes<\/li>\n<li>Augstas kvalit\u0101tes m\u0101c\u012bbu bumbas<\/li>\n<li>Uzticama gumijas lasskemoon<\/li>\n<li>P\u0101rstr\u0101d\u0101jams (sav\u0101kt, mazg\u0101t, atk\u0101rtoti izmantot)<\/li>\n<\/ul>\n<p>TEHNISKIE DATI<\/p>\n<ul>\n<li>Kalibrs: .43<\/li>\n<li>Svars: 0.75 g<\/li>\n<li>Daudzums iepakojum\u0101: 500 gab<\/li>\n<li>Iepakojums: plastmasas burka<\/li>\n<li>Kr\u0101sa: melna<\/li>\n<\/ul>\n","protected":false},"featured_media":131954,"template":"","meta":{"_acf_changed":false},"product_brand":[],"product_cat":[1049],"product_tag":[],"class_list":{"0":"post-151124","1":"product","2":"type-product","3":"status-publish","4":"has-post-thumbnail","6":"product_cat-gumijas-brankasss","8":"first","9":"instock","10":"taxable","11":"shipping-taxable","12":"purchasable","13":"product-type-simple"},"acf":[],"_links":{"self":[{"href":"https:\/\/kingarms.ee\/lv\/wp-json\/wp\/v2\/product\/151124","targetHints":{"allow":["GET"]}}],"collection":[{"href":"https:\/\/kingarms.ee\/lv\/wp-json\/wp\/v2\/product"}],"about":[{"href":"https:\/\/kingarms.ee\/lv\/wp-json\/wp\/v2\/types\/product"}],"wp:featuredmedia":[{"embeddable":true,"href":"https:\/\/kingarms.ee\/lv\/wp-json\/wp\/v2\/media\/131954"}],"wp:attachment":[{"href":"https:\/\/kingarms.ee\/lv\/wp-json\/wp\/v2\/media?parent=151124"}],"wp:term":[{"taxonomy":"product_brand","embeddable":true,"href":"https:\/\/kingarms.ee\/lv\/wp-json\/wp\/v2\/product_brand?post=151124"},{"taxonomy":"product_cat","embeddable":true,"href":"https:\/\/kingarms.ee\/lv\/wp-json\/wp\/v2\/product_cat?post=151124"},{"taxonomy":"product_tag","embeddable":true,"href":"https:\/\/kingarms.ee\/lv\/wp-json\/wp\/v2\/product_tag?post=151124"}],"curies":[{"name":"wp","href":"https:\/\/api.w.org\/{rel}","templated":true}]}}