{"id":151128,"date":"2022-12-20T17:45:19","date_gmt":"2025-06-20T15:09:10","guid":{"rendered":"https:\/\/kingarms.ee\/product\/metala-bumbinas-devitator-kal-68-40-szt\/"},"modified":"2025-06-20T18:09:10","modified_gmt":"2025-06-20T15:09:10","slug":"metala-bumbinas-devitator-kal-68-40-szt","status":"publish","type":"product","link":"https:\/\/kingarms.ee\/lv\/product\/metala-bumbinas-devitator-kal-68-40-szt\/","title":{"rendered":"Met\u0101la bumbi\u0146as Devitator Kal. 68 \/40 SZT"},"content":{"rendered":"<p><img loading=\"lazy\" decoding=\"async\" class=\"alignnone size-full wp-image-69604\" src=\"https:\/\/kingarms.ee\/wp-content\/uploads\/2022\/12\/kule-metalowe-razorgun-steel-core-devastator-kal-68-40-szt-do-umarex-t4e-hds-68-kal-001e2dbc18b5457785a77a7174c9eee5-48a3a3cb.jpeg\" alt=\"\" width=\"900\" height=\"900\" srcset=\"https:\/\/kingarms.ee\/wp-content\/uploads\/2022\/12\/kule-metalowe-razorgun-steel-core-devastator-kal-68-40-szt-do-umarex-t4e-hds-68-kal-001e2dbc18b5457785a77a7174c9eee5-48a3a3cb.jpeg 900w, https:\/\/kingarms.ee\/wp-content\/uploads\/2022\/12\/kule-metalowe-razorgun-steel-core-devastator-kal-68-40-szt-do-umarex-t4e-hds-68-kal-001e2dbc18b5457785a77a7174c9eee5-48a3a3cb-300x300.jpeg 300w, https:\/\/kingarms.ee\/wp-content\/uploads\/2022\/12\/kule-metalowe-razorgun-steel-core-devastator-kal-68-40-szt-do-umarex-t4e-hds-68-kal-001e2dbc18b5457785a77a7174c9eee5-48a3a3cb-150x150.jpeg 150w, https:\/\/kingarms.ee\/wp-content\/uploads\/2022\/12\/kule-metalowe-razorgun-steel-core-devastator-kal-68-40-szt-do-umarex-t4e-hds-68-kal-001e2dbc18b5457785a77a7174c9eee5-48a3a3cb-768x768.jpeg 768w, https:\/\/kingarms.ee\/wp-content\/uploads\/2022\/12\/kule-metalowe-razorgun-steel-core-devastator-kal-68-40-szt-do-umarex-t4e-hds-68-kal-001e2dbc18b5457785a77a7174c9eee5-48a3a3cb-500x500.jpeg 500w\" sizes=\"auto, (max-width: 900px) 100vw, 900px\" \/><\/p>\n","protected":false},"excerpt":{"rendered":"<p><strong>Met\u0101la bumbi\u0146as Devastator kal. 68<\/strong><\/p>\n<p>RazorGun t\u0113rauda kodols Devastator cal. 68 t\u0113rauda lod\u012btes sast\u0101v no cieta t\u0113rauda serdes, kas p\u0101rkl\u0101ta ar plastmasu.<br \/>\nPlastmasas v\u0101ks nodro\u0161ina bumbas lidojuma stabiliz\u0101ciju un \u013coti prec\u012bzu bumbas \u0161au\u0161anu pat lielos att\u0101lumos.<br \/>\n\u012apa\u0161i piem\u0113rots Umarex HDS 68 m\u0101jas aizsardz\u012bbas bise un NXG PS-300 peintbola mar\u0137ieris.<\/p>\n<p>Tehniskie dati:<\/p>\n<p>Kalibrs:, 68<br \/>\nSvars: 5,40 grami<br \/>\nSaturs: 40 Gab<\/p>\n","protected":false},"featured_media":126040,"template":"","meta":{"_acf_changed":false},"product_brand":[],"product_cat":[1049],"product_tag":[],"class_list":{"0":"post-151128","1":"product","2":"type-product","3":"status-publish","4":"has-post-thumbnail","6":"product_cat-gumijas-brankasss","8":"first","9":"onbackorder","10":"taxable","11":"shipping-taxable","12":"product-type-simple"},"acf":[],"_links":{"self":[{"href":"https:\/\/kingarms.ee\/lv\/wp-json\/wp\/v2\/product\/151128","targetHints":{"allow":["GET"]}}],"collection":[{"href":"https:\/\/kingarms.ee\/lv\/wp-json\/wp\/v2\/product"}],"about":[{"href":"https:\/\/kingarms.ee\/lv\/wp-json\/wp\/v2\/types\/product"}],"wp:featuredmedia":[{"embeddable":true,"href":"https:\/\/kingarms.ee\/lv\/wp-json\/wp\/v2\/media\/126040"}],"wp:attachment":[{"href":"https:\/\/kingarms.ee\/lv\/wp-json\/wp\/v2\/media?parent=151128"}],"wp:term":[{"taxonomy":"product_brand","embeddable":true,"href":"https:\/\/kingarms.ee\/lv\/wp-json\/wp\/v2\/product_brand?post=151128"},{"taxonomy":"product_cat","embeddable":true,"href":"https:\/\/kingarms.ee\/lv\/wp-json\/wp\/v2\/product_cat?post=151128"},{"taxonomy":"product_tag","embeddable":true,"href":"https:\/\/kingarms.ee\/lv\/wp-json\/wp\/v2\/product_tag?post=151128"}],"curies":[{"name":"wp","href":"https:\/\/api.w.org\/{rel}","templated":true}]}}