{"id":151130,"date":"2022-12-20T17:40:25","date_gmt":"2025-06-20T15:11:59","guid":{"rendered":"https:\/\/kingarms.ee\/product\/gumijas-metala-lodes-200-kartas-razorgun\/"},"modified":"2025-06-20T18:11:59","modified_gmt":"2025-06-20T15:11:59","slug":"gumijas-metala-lodes-200-kartas-razorgun","status":"publish","type":"product","link":"https:\/\/kingarms.ee\/lv\/product\/gumijas-metala-lodes-200-kartas-razorgun\/","title":{"rendered":"Gumijas-met\u0101la lodes \/ 200 k\u0101rtas [RazorGun]"},"content":{"rendered":"<p><img loading=\"lazy\" decoding=\"async\" class=\"alignnone size-full wp-image-69596\" src=\"https:\/\/kingarms.ee\/wp-content\/uploads\/2022\/12\/kule-gumowo-metalowe-razorgun-43-kal-43-200-szt-do-umarex-m-p9c-tpm1-ppq-22795039e6f24f11abc674d1d7ed2d1f-5b412dd6.jpeg\" alt=\"\" width=\"900\" height=\"900\" srcset=\"https:\/\/kingarms.ee\/wp-content\/uploads\/2022\/12\/kule-gumowo-metalowe-razorgun-43-kal-43-200-szt-do-umarex-m-p9c-tpm1-ppq-22795039e6f24f11abc674d1d7ed2d1f-5b412dd6.jpeg 900w, https:\/\/kingarms.ee\/wp-content\/uploads\/2022\/12\/kule-gumowo-metalowe-razorgun-43-kal-43-200-szt-do-umarex-m-p9c-tpm1-ppq-22795039e6f24f11abc674d1d7ed2d1f-5b412dd6-300x300.jpeg 300w, https:\/\/kingarms.ee\/wp-content\/uploads\/2022\/12\/kule-gumowo-metalowe-razorgun-43-kal-43-200-szt-do-umarex-m-p9c-tpm1-ppq-22795039e6f24f11abc674d1d7ed2d1f-5b412dd6-150x150.jpeg 150w, https:\/\/kingarms.ee\/wp-content\/uploads\/2022\/12\/kule-gumowo-metalowe-razorgun-43-kal-43-200-szt-do-umarex-m-p9c-tpm1-ppq-22795039e6f24f11abc674d1d7ed2d1f-5b412dd6-768x768.jpeg 768w, https:\/\/kingarms.ee\/wp-content\/uploads\/2022\/12\/kule-gumowo-metalowe-razorgun-43-kal-43-200-szt-do-umarex-m-p9c-tpm1-ppq-22795039e6f24f11abc674d1d7ed2d1f-5b412dd6-500x500.jpeg 500w\" sizes=\"auto, (max-width: 900px) 100vw, 900px\" \/><\/p>\n","protected":false},"excerpt":{"rendered":"<p>RazorGun Gumijas-met\u0101la bumbi\u0146as cal. 43 ir smags m\u0101c\u012bbu mun\u012bcija RAM mar\u0137ieriem.<\/p>\n<p>RazorGun Gumijas-met\u0101la mun\u012bcija ir paredz\u0113ta Amatieru \u0161au\u0161anai, pa\u0161aizsardz\u012bbai, apm\u0101c\u012bbai un taktiskajai apm\u0101c\u012bbai ar RAM noz\u012bm\u012bt\u0113m.<\/p>\n<p>Bumbi\u0146as ir izgatavotas no cietas gumijas, kas papildus bag\u0101tin\u0101ta ar met\u0101la da\u013ci\u0146\u0101m. Sakar\u0101 ar \u0161\u0101du dizainu, lodes ciet\u012bba un masa ir augst\u0101ka, kas padara tos efekt\u012bv\u0101kus, lai pan\u0101ktu ener\u0123iju m\u0113r\u0137im un lab\u0101ku iek\u013c\u016b\u0161anu. <\/p>\n","protected":false},"featured_media":126038,"template":"","meta":{"_acf_changed":false},"product_brand":[],"product_cat":[1049],"product_tag":[],"class_list":{"0":"post-151130","1":"product","2":"type-product","3":"status-publish","4":"has-post-thumbnail","6":"product_cat-gumijas-brankasss","8":"first","9":"onbackorder","10":"taxable","11":"shipping-taxable","12":"product-type-simple"},"acf":[],"_links":{"self":[{"href":"https:\/\/kingarms.ee\/lv\/wp-json\/wp\/v2\/product\/151130","targetHints":{"allow":["GET"]}}],"collection":[{"href":"https:\/\/kingarms.ee\/lv\/wp-json\/wp\/v2\/product"}],"about":[{"href":"https:\/\/kingarms.ee\/lv\/wp-json\/wp\/v2\/types\/product"}],"wp:featuredmedia":[{"embeddable":true,"href":"https:\/\/kingarms.ee\/lv\/wp-json\/wp\/v2\/media\/126038"}],"wp:attachment":[{"href":"https:\/\/kingarms.ee\/lv\/wp-json\/wp\/v2\/media?parent=151130"}],"wp:term":[{"taxonomy":"product_brand","embeddable":true,"href":"https:\/\/kingarms.ee\/lv\/wp-json\/wp\/v2\/product_brand?post=151130"},{"taxonomy":"product_cat","embeddable":true,"href":"https:\/\/kingarms.ee\/lv\/wp-json\/wp\/v2\/product_cat?post=151130"},{"taxonomy":"product_tag","embeddable":true,"href":"https:\/\/kingarms.ee\/lv\/wp-json\/wp\/v2\/product_tag?post=151130"}],"curies":[{"name":"wp","href":"https:\/\/api.w.org\/{rel}","templated":true}]}}