{"id":151133,"date":"2022-12-19T17:00:03","date_gmt":"2025-06-20T15:17:08","guid":{"rendered":"https:\/\/kingarms.ee\/product\/3-dekorativais-katana-komplekts-koka-vaks-un-rokturis\/"},"modified":"2025-06-20T18:17:08","modified_gmt":"2025-06-20T15:17:08","slug":"3-dekorativais-katana-komplekts-koka-vaks-un-rokturis","status":"publish","type":"product","link":"https:\/\/kingarms.ee\/lv\/product\/3-dekorativais-katana-komplekts-koka-vaks-un-rokturis\/","title":{"rendered":"3 dekorat\u012bvais katana komplekts koka v\u0101ks un rokturis"},"content":{"rendered":"","protected":false},"excerpt":{"rendered":"<p>3 dekorat\u012bvais katana komplekts koka v\u0101ks un rokturis<\/p>\n<p>3 dekorat\u012bvo katana komplekts<br \/>\niedvesmojoties no goemon ishikawa zobeniem<br \/>\nlup\u012bnu s\u0113rija<br \/>\nkoka v\u0101ks un rokturis<br \/>\nmet\u0101la asmens<\/p>\n<p>katana<br \/>\nkop\u0113jais garums 990mm<br \/>\nasmens garums 675mm<\/p>\n<p>wakizashi<br \/>\nkop\u0113jais garums 765mm<br \/>\nasmens garums 480mm<\/p>\n<p>tanto<br \/>\nkop\u0113jais garums 532mm<br \/>\nasmens garums 290mm<\/p>\n<p>koka galda Stat\u012bvs iek\u013cauts<\/p>\n","protected":false},"featured_media":125862,"template":"","meta":{"_acf_changed":false},"product_brand":[],"product_cat":[1127],"product_tag":[],"class_list":{"0":"post-151133","1":"product","2":"type-product","3":"status-publish","4":"has-post-thumbnail","6":"product_cat-katana-tanto","8":"first","9":"instock","10":"purchasable","11":"product-type-simple"},"acf":[],"_links":{"self":[{"href":"https:\/\/kingarms.ee\/lv\/wp-json\/wp\/v2\/product\/151133","targetHints":{"allow":["GET"]}}],"collection":[{"href":"https:\/\/kingarms.ee\/lv\/wp-json\/wp\/v2\/product"}],"about":[{"href":"https:\/\/kingarms.ee\/lv\/wp-json\/wp\/v2\/types\/product"}],"wp:featuredmedia":[{"embeddable":true,"href":"https:\/\/kingarms.ee\/lv\/wp-json\/wp\/v2\/media\/125862"}],"wp:attachment":[{"href":"https:\/\/kingarms.ee\/lv\/wp-json\/wp\/v2\/media?parent=151133"}],"wp:term":[{"taxonomy":"product_brand","embeddable":true,"href":"https:\/\/kingarms.ee\/lv\/wp-json\/wp\/v2\/product_brand?post=151133"},{"taxonomy":"product_cat","embeddable":true,"href":"https:\/\/kingarms.ee\/lv\/wp-json\/wp\/v2\/product_cat?post=151133"},{"taxonomy":"product_tag","embeddable":true,"href":"https:\/\/kingarms.ee\/lv\/wp-json\/wp\/v2\/product_tag?post=151133"}],"curies":[{"name":"wp","href":"https:\/\/api.w.org\/{rel}","templated":true}]}}