{"id":151140,"date":"2022-12-19T16:59:52","date_gmt":"2025-06-21T10:52:52","guid":{"rendered":"https:\/\/kingarms.ee\/product\/es-oh-kiivrite-sailitussusteem\/"},"modified":"2025-06-21T13:52:52","modified_gmt":"2025-06-21T10:52:52","slug":"es-oh-kiivrite-sailitussusteem","status":"publish","type":"product","link":"https:\/\/kingarms.ee\/lv\/product\/es-oh-kiivrite-sailitussusteem\/","title":{"rendered":"Es \/ Oh kiivrite s\u00e4ilituss\u00fcsteem"},"content":{"rendered":"","protected":false},"excerpt":{"rendered":"<h2>Es \/ Oh kiivrite s\u00e4ilituss\u00fcsteem<\/h2>\n<p>aiztur\u0113\u0161anas sist\u0113ma<br \/>\npiem\u0113rots Mich \/ ach \u0137iver\u0113m<br \/>\nregul\u0113jams<br \/>\nmont\u0101\u017eas skr\u016bves iek\u013cautas<\/p>\n","protected":false},"featured_media":132285,"template":"","meta":{"_acf_changed":false},"product_brand":[],"product_cat":[1079],"product_tag":[],"class_list":{"0":"post-151140","1":"product","2":"type-product","3":"status-publish","4":"has-post-thumbnail","6":"product_cat-kivera-stiprinajums","8":"first","9":"instock","10":"purchasable","11":"product-type-simple"},"acf":[],"_links":{"self":[{"href":"https:\/\/kingarms.ee\/lv\/wp-json\/wp\/v2\/product\/151140","targetHints":{"allow":["GET"]}}],"collection":[{"href":"https:\/\/kingarms.ee\/lv\/wp-json\/wp\/v2\/product"}],"about":[{"href":"https:\/\/kingarms.ee\/lv\/wp-json\/wp\/v2\/types\/product"}],"wp:featuredmedia":[{"embeddable":true,"href":"https:\/\/kingarms.ee\/lv\/wp-json\/wp\/v2\/media\/132285"}],"wp:attachment":[{"href":"https:\/\/kingarms.ee\/lv\/wp-json\/wp\/v2\/media?parent=151140"}],"wp:term":[{"taxonomy":"product_brand","embeddable":true,"href":"https:\/\/kingarms.ee\/lv\/wp-json\/wp\/v2\/product_brand?post=151140"},{"taxonomy":"product_cat","embeddable":true,"href":"https:\/\/kingarms.ee\/lv\/wp-json\/wp\/v2\/product_cat?post=151140"},{"taxonomy":"product_tag","embeddable":true,"href":"https:\/\/kingarms.ee\/lv\/wp-json\/wp\/v2\/product_tag?post=151140"}],"curies":[{"name":"wp","href":"https:\/\/api.w.org\/{rel}","templated":true}]}}