{"id":151144,"date":"2022-12-19T16:59:52","date_gmt":"2022-12-19T13:59:52","guid":{"rendered":"https:\/\/kingarms.ee\/product\/tukss-pistoles-revolveris-magnum-380-nikelis-bruni\/"},"modified":"2025-06-21T13:58:17","modified_gmt":"2025-06-21T10:58:17","slug":"tukss-pistoles-revolveris-magnum-380-nikelis-bruni","status":"publish","type":"product","link":"https:\/\/kingarms.ee\/lv\/product\/tukss-pistoles-revolveris-magnum-380-nikelis-bruni\/","title":{"rendered":"Tuk\u0161s pistoles revolveris magnum 380 ni\u0137elis [Bruni]"},"content":{"rendered":"<p><img loading=\"lazy\" decoding=\"async\" class=\"alignnone size-full wp-image-99297\" src=\"https:\/\/kingarms.ee\/wp-content\/uploads\/2022\/12\/BR-700N.png\" alt=\"\" width=\"1276\" height=\"1134\" srcset=\"https:\/\/kingarms.ee\/wp-content\/uploads\/2022\/12\/BR-700N.png 1276w, https:\/\/kingarms.ee\/wp-content\/uploads\/2022\/12\/BR-700N-300x267.png 300w, https:\/\/kingarms.ee\/wp-content\/uploads\/2022\/12\/BR-700N-1024x910.png 1024w, https:\/\/kingarms.ee\/wp-content\/uploads\/2022\/12\/BR-700N-768x683.png 768w, https:\/\/kingarms.ee\/wp-content\/uploads\/2022\/12\/BR-700N-500x444.png 500w, https:\/\/kingarms.ee\/wp-content\/uploads\/2022\/12\/BR-700N-150x133.png 150w\" sizes=\"auto, (max-width: 1276px) 100vw, 1276px\" \/><\/p>\n","protected":false},"excerpt":{"rendered":"<p>Tuk\u0161s pistoles revolveris magnum 380 ni\u0137elis [Bruni]<\/p>\n<p>aug\u0161\u0113j\u0101 \u0161au\u0161anas tuk\u0161a pistole<br \/>\n6 k\u0101rtas \u017eurn\u0101ls<br \/>\n380 kalibrs<br \/>\nviena vai divk\u0101r\u0161a darb\u012bba<br \/>\nkoka grip pl\u0101ksnes<br \/>\n4 collas barelu<br \/>\ngarums 235mm<br \/>\nsvars 900g<br \/>\nnikel versija<\/p>\n","protected":false},"featured_media":152633,"template":"","meta":{"_acf_changed":false},"product_brand":[],"product_cat":[1010],"product_tag":[],"class_list":{"0":"post-151144","1":"product","2":"type-product","3":"status-publish","4":"has-post-thumbnail","6":"product_cat-starta-pistoles","8":"first","9":"instock","10":"purchasable","11":"product-type-simple"},"acf":[],"_links":{"self":[{"href":"https:\/\/kingarms.ee\/lv\/wp-json\/wp\/v2\/product\/151144","targetHints":{"allow":["GET"]}}],"collection":[{"href":"https:\/\/kingarms.ee\/lv\/wp-json\/wp\/v2\/product"}],"about":[{"href":"https:\/\/kingarms.ee\/lv\/wp-json\/wp\/v2\/types\/product"}],"wp:featuredmedia":[{"embeddable":true,"href":"https:\/\/kingarms.ee\/lv\/wp-json\/wp\/v2\/media\/152633"}],"wp:attachment":[{"href":"https:\/\/kingarms.ee\/lv\/wp-json\/wp\/v2\/media?parent=151144"}],"wp:term":[{"taxonomy":"product_brand","embeddable":true,"href":"https:\/\/kingarms.ee\/lv\/wp-json\/wp\/v2\/product_brand?post=151144"},{"taxonomy":"product_cat","embeddable":true,"href":"https:\/\/kingarms.ee\/lv\/wp-json\/wp\/v2\/product_cat?post=151144"},{"taxonomy":"product_tag","embeddable":true,"href":"https:\/\/kingarms.ee\/lv\/wp-json\/wp\/v2\/product_tag?post=151144"}],"curies":[{"name":"wp","href":"https:\/\/api.w.org\/{rel}","templated":true}]}}