{"id":151145,"date":"2022-12-19T16:59:52","date_gmt":"2025-06-21T10:59:31","guid":{"rendered":"https:\/\/kingarms.ee\/product\/co2-pistole-45mm-92-bruni\/"},"modified":"2025-06-21T13:59:31","modified_gmt":"2025-06-21T10:59:31","slug":"co2-pistole-45mm-92-bruni","status":"publish","type":"product","link":"https:\/\/kingarms.ee\/lv\/product\/co2-pistole-45mm-92-bruni\/","title":{"rendered":"CO2 pistole 45mm 92 [Bruni]"},"content":{"rendered":"","protected":false},"excerpt":{"rendered":"<p>CO2 pistole 45mm 92 [Bruni]<\/p>\n<p>CO2 pistole<br \/>\nkalibrs 45mm<br \/>\nmun\u012bcija plastmasas vai t\u0113rauda sf\u0113risks bbs<br \/>\npilns met\u0101ls<br \/>\nblowback<br \/>\n18 k\u0101rtas \u017eurn\u0101ls<br \/>\ndro\u0161s un viens \u0161\u0101viens<br \/>\nregul\u0113jams hop up<br \/>\nco2 nodal\u012bjums \u017eurn\u0101la iek\u0161pus\u0113<br \/>\ngarums 216mm<br \/>\nsvars 1080g<\/p>\n","protected":false},"featured_media":125910,"template":"","meta":{"_acf_changed":false},"product_brand":[],"product_cat":[1005],"product_tag":[],"class_list":{"0":"post-151145","1":"product","2":"type-product","3":"status-publish","4":"has-post-thumbnail","6":"product_cat-rokas-pistoles-lv","8":"first","9":"instock","10":"purchasable","11":"product-type-simple"},"acf":[],"_links":{"self":[{"href":"https:\/\/kingarms.ee\/lv\/wp-json\/wp\/v2\/product\/151145","targetHints":{"allow":["GET"]}}],"collection":[{"href":"https:\/\/kingarms.ee\/lv\/wp-json\/wp\/v2\/product"}],"about":[{"href":"https:\/\/kingarms.ee\/lv\/wp-json\/wp\/v2\/types\/product"}],"wp:featuredmedia":[{"embeddable":true,"href":"https:\/\/kingarms.ee\/lv\/wp-json\/wp\/v2\/media\/125910"}],"wp:attachment":[{"href":"https:\/\/kingarms.ee\/lv\/wp-json\/wp\/v2\/media?parent=151145"}],"wp:term":[{"taxonomy":"product_brand","embeddable":true,"href":"https:\/\/kingarms.ee\/lv\/wp-json\/wp\/v2\/product_brand?post=151145"},{"taxonomy":"product_cat","embeddable":true,"href":"https:\/\/kingarms.ee\/lv\/wp-json\/wp\/v2\/product_cat?post=151145"},{"taxonomy":"product_tag","embeddable":true,"href":"https:\/\/kingarms.ee\/lv\/wp-json\/wp\/v2\/product_tag?post=151145"}],"curies":[{"name":"wp","href":"https:\/\/api.w.org\/{rel}","templated":true}]}}