{"id":151147,"date":"2022-12-19T16:59:52","date_gmt":"2025-06-21T11:01:32","guid":{"rendered":"https:\/\/kingarms.ee\/product\/elektriska-sautene-m4-14-5-caa\/"},"modified":"2025-06-21T14:01:32","modified_gmt":"2025-06-21T11:01:32","slug":"elektriska-sautene-m4-14-5-caa","status":"publish","type":"product","link":"https:\/\/kingarms.ee\/lv\/product\/elektriska-sautene-m4-14-5-caa\/","title":{"rendered":"Elektrisk\u0101 \u0161autene M4 14.5 CAA"},"content":{"rendered":"","protected":false},"excerpt":{"rendered":"<p>Elektrisk\u0101 \u0161autene M4 14.5 CAA<\/p>\n<p>elektrisk\u0101 \u0161autene M4 karab\u012bna<br \/>\nmet\u0101la korpuss ar standarta 20 mm aug\u0161\u0113jo sliedes<br \/>\nneilona \u0161\u0137iedru rokas sargs ar zem mucas sliedes un 2x no\u0146emam\u0101m s\u0101nu slied\u0113m<br \/>\nMet\u0101la \u0101r\u0113j\u0101 muca<br \/>\nhi-cap neilona \u0161\u0137iedru \u017eurn\u0101ls 360 k\u0101rtas<br \/>\nergonomisk\u0101 neilona \u0161\u0137iedru pistoles sa\u0137ere<br \/>\nneilona \u0161\u0137iedra CAA ievelkams kr\u0101jums 6 poz\u012bcijas regul\u0113jamas<br \/>\nar regul\u0113jamu vaigu spilventi\u0146u un akumulatora nodal\u012bjumu CR123 akumulatoram<br \/>\nFlip-up regul\u0113jams aizmugures redze<br \/>\nUguns re\u017e\u012bms: dro\u0161s<br \/>\nviens \u0161\u0101viens un pilns auto<br \/>\ngarums: 800 mm &#8211; 885 mm<br \/>\nSvars: 3200g<\/p>\n","protected":false},"featured_media":125892,"template":"","meta":{"_acf_changed":false},"product_brand":[],"product_cat":[1001],"product_tag":[],"class_list":{"0":"post-151147","1":"product","2":"type-product","3":"status-publish","4":"has-post-thumbnail","6":"product_cat-tirdzniecibas-automati","8":"first","9":"instock","10":"sale","11":"purchasable","12":"product-type-simple"},"acf":[],"_links":{"self":[{"href":"https:\/\/kingarms.ee\/lv\/wp-json\/wp\/v2\/product\/151147","targetHints":{"allow":["GET"]}}],"collection":[{"href":"https:\/\/kingarms.ee\/lv\/wp-json\/wp\/v2\/product"}],"about":[{"href":"https:\/\/kingarms.ee\/lv\/wp-json\/wp\/v2\/types\/product"}],"wp:featuredmedia":[{"embeddable":true,"href":"https:\/\/kingarms.ee\/lv\/wp-json\/wp\/v2\/media\/125892"}],"wp:attachment":[{"href":"https:\/\/kingarms.ee\/lv\/wp-json\/wp\/v2\/media?parent=151147"}],"wp:term":[{"taxonomy":"product_brand","embeddable":true,"href":"https:\/\/kingarms.ee\/lv\/wp-json\/wp\/v2\/product_brand?post=151147"},{"taxonomy":"product_cat","embeddable":true,"href":"https:\/\/kingarms.ee\/lv\/wp-json\/wp\/v2\/product_cat?post=151147"},{"taxonomy":"product_tag","embeddable":true,"href":"https:\/\/kingarms.ee\/lv\/wp-json\/wp\/v2\/product_tag?post=151147"}],"curies":[{"name":"wp","href":"https:\/\/api.w.org\/{rel}","templated":true}]}}