{"id":151148,"date":"2022-12-19T16:59:31","date_gmt":"2025-06-21T12:17:07","guid":{"rendered":"https:\/\/kingarms.ee\/product\/7-dienu-partikas-iepakojums-gala-trek-n-eat\/"},"modified":"2025-06-21T15:17:07","modified_gmt":"2025-06-21T12:17:07","slug":"7-dienu-partikas-iepakojums-gala-trek-n-eat","status":"publish","type":"product","link":"https:\/\/kingarms.ee\/lv\/product\/7-dienu-partikas-iepakojums-gala-trek-n-eat\/","title":{"rendered":"7 dienu p\u0101rtikas iepakojums, ga\u013ca [Trek &#8216; N Eat]"},"content":{"rendered":"","protected":false},"excerpt":{"rendered":"<p>7 dienu p\u0101rtikas iepakojums, ga\u013ca [Trek &#8216; N Eat]<\/p>\n<p>malt\u012btes iepakojums 1 personai 7 dienas<br \/>\n\u0161o p\u0101rtikas produktu sagatavo\u0161anai nepiecie\u0161ams<br \/>\n4,36 l dzeram\u0101 \u016bdens<br \/>\n\u016bdensnecaurlaid\u012bga, atk\u0101rtoti nosl\u0113dzama transporta kaste<br \/>\n3 x &#8220;\u0160veices stila&#8221; musli ar pilnpienu 150 g<br \/>\n2 x pilngraudu aug\u013cu musli 150 g<br \/>\n1 x savva\u013cas s\u0113\u0146u rag\u016b ar n\u016bdel\u0113m 160 g<br \/>\n1 x makaroni ar ve\u0123et\u0101ro bolognese 180g<br \/>\n1 x chana masala-aunazir\u0146u karijs ar r\u012bsiem 180 g<br \/>\n1 x kartupe\u013cu saut\u0113jums ar ceptiem s\u012bpoliem 150 g<br \/>\n1 x pikanta liellopa ga\u013cas kastrolis ar n\u016bdel\u0113m 160 g<br \/>\n1 x kr\u0113mveida makaroni ar vistu un spin\u0101tiem 150 g<br \/>\n1 x makaroni ar lasi un pesto 160 g<br \/>\n1 x av\u0101rijas devas, NRG-5, 500 g, (9 b\u0101ri)<br \/>\n1 x av\u0101rijas devas, NRG-5, nulle, 500 g, (9 b\u0101ri)<\/p>\n<p>ener\u0123ija Dien\u0101 kcal: 1991<br \/>\nSaturs: 2890 g<\/p>\n","protected":false},"featured_media":126000,"template":"","meta":{"_acf_changed":false},"product_brand":[],"product_cat":[1128],"product_tag":[],"class_list":{"0":"post-151148","1":"product","2":"type-product","3":"status-publish","4":"has-post-thumbnail","6":"product_cat-taktiska-partikas","8":"first","9":"instock","10":"sale","11":"purchasable","12":"product-type-simple"},"acf":[],"_links":{"self":[{"href":"https:\/\/kingarms.ee\/lv\/wp-json\/wp\/v2\/product\/151148","targetHints":{"allow":["GET"]}}],"collection":[{"href":"https:\/\/kingarms.ee\/lv\/wp-json\/wp\/v2\/product"}],"about":[{"href":"https:\/\/kingarms.ee\/lv\/wp-json\/wp\/v2\/types\/product"}],"wp:featuredmedia":[{"embeddable":true,"href":"https:\/\/kingarms.ee\/lv\/wp-json\/wp\/v2\/media\/126000"}],"wp:attachment":[{"href":"https:\/\/kingarms.ee\/lv\/wp-json\/wp\/v2\/media?parent=151148"}],"wp:term":[{"taxonomy":"product_brand","embeddable":true,"href":"https:\/\/kingarms.ee\/lv\/wp-json\/wp\/v2\/product_brand?post=151148"},{"taxonomy":"product_cat","embeddable":true,"href":"https:\/\/kingarms.ee\/lv\/wp-json\/wp\/v2\/product_cat?post=151148"},{"taxonomy":"product_tag","embeddable":true,"href":"https:\/\/kingarms.ee\/lv\/wp-json\/wp\/v2\/product_tag?post=151148"}],"curies":[{"name":"wp","href":"https:\/\/api.w.org\/{rel}","templated":true}]}}