{"id":151150,"date":"2022-12-19T16:59:31","date_gmt":"2025-06-21T12:23:09","guid":{"rendered":"https:\/\/kingarms.ee\/product\/roku-siltaks-thermopad\/"},"modified":"2025-06-21T15:23:09","modified_gmt":"2025-06-21T12:23:09","slug":"roku-siltaks-thermopad","status":"publish","type":"product","link":"https:\/\/kingarms.ee\/lv\/product\/roku-siltaks-thermopad\/","title":{"rendered":"Roku Silt\u0101ks, [Thermopad]"},"content":{"rendered":"","protected":false},"excerpt":{"rendered":"<p>Roku Silt\u0101ks, [Thermopad]<\/p>\n<p>uzsilst l\u012bdz apm.<\/p>\n<p> 12 h<br \/>\ntemperat\u016bra l\u012bdz apm. 68\u00b0C<br \/>\naktiviz\u0113ts ar sk\u0101bekli<br \/>\napglab\u0101\u0161ana atliku\u0161ajos atkritumos p\u0113c lieto\u0161anas<br \/>\nun atdzes\u0113<br \/>\nIzm\u0113ri: apm. 9 x 5,5 cm  <\/p>\n<p>Sast\u0101vs:<br \/>\nDzelzs Pulveris, S\u0101ls, Aktiv\u0113t\u0101 Ogle, \u016adens,<br \/>\nVermikul\u012bts<\/p>\n","protected":false},"featured_media":125990,"template":"","meta":{"_acf_changed":false},"product_brand":[],"product_cat":[1119],"product_tag":[],"class_list":{"0":"post-151150","1":"product","2":"type-product","3":"status-publish","4":"has-post-thumbnail","6":"product_cat-celojumu-preces","8":"first","9":"instock","10":"purchasable","11":"product-type-simple"},"acf":[],"_links":{"self":[{"href":"https:\/\/kingarms.ee\/lv\/wp-json\/wp\/v2\/product\/151150","targetHints":{"allow":["GET"]}}],"collection":[{"href":"https:\/\/kingarms.ee\/lv\/wp-json\/wp\/v2\/product"}],"about":[{"href":"https:\/\/kingarms.ee\/lv\/wp-json\/wp\/v2\/types\/product"}],"wp:featuredmedia":[{"embeddable":true,"href":"https:\/\/kingarms.ee\/lv\/wp-json\/wp\/v2\/media\/125990"}],"wp:attachment":[{"href":"https:\/\/kingarms.ee\/lv\/wp-json\/wp\/v2\/media?parent=151150"}],"wp:term":[{"taxonomy":"product_brand","embeddable":true,"href":"https:\/\/kingarms.ee\/lv\/wp-json\/wp\/v2\/product_brand?post=151150"},{"taxonomy":"product_cat","embeddable":true,"href":"https:\/\/kingarms.ee\/lv\/wp-json\/wp\/v2\/product_cat?post=151150"},{"taxonomy":"product_tag","embeddable":true,"href":"https:\/\/kingarms.ee\/lv\/wp-json\/wp\/v2\/product_tag?post=151150"}],"curies":[{"name":"wp","href":"https:\/\/api.w.org\/{rel}","templated":true}]}}