{"id":151158,"date":"2022-12-19T16:59:31","date_gmt":"2025-06-21T12:34:22","guid":{"rendered":"https:\/\/kingarms.ee\/product\/udens-filtrs-katadyn\/"},"modified":"2025-06-21T15:34:22","modified_gmt":"2025-06-21T12:34:22","slug":"udens-filtrs-katadyn","status":"publish","type":"product","link":"https:\/\/kingarms.ee\/lv\/product\/udens-filtrs-katadyn\/","title":{"rendered":"\u016adens Filtrs [Katadyn]"},"content":{"rendered":"","protected":false},"excerpt":{"rendered":"<p>\u016adens Filtrs [Katadyn]<\/p>\n<p>Filtra k\u0101rtrid\u017es ar 0,2 mikronu stikla \u0161\u0137iedru<br \/>\nfiltrs, dro\u0161i izn\u012bcina bakt\u0113rijas, cistas<br \/>\nun nogulsnes, uzlabo gar\u0161u<br \/>\nviegla s\u016bkn\u0113\u0161ana lielas filtra virsmas d\u0113\u013c<br \/>\nvar savienot ar hidrat\u0101cijas iepakojumu<br \/>\nergonomiskas formas rokturis<br \/>\nt\u012br\u0101ms Filtra aizsargs<br \/>\npagarin\u0101ts kalpo\u0161anas laiks<\/p>\n","protected":false},"featured_media":125992,"template":"","meta":{"_acf_changed":false},"product_brand":[],"product_cat":[1119],"product_tag":[],"class_list":{"0":"post-151158","1":"product","2":"type-product","3":"status-publish","4":"has-post-thumbnail","6":"product_cat-celojumu-preces","8":"first","9":"instock","10":"purchasable","11":"product-type-simple"},"acf":[],"_links":{"self":[{"href":"https:\/\/kingarms.ee\/lv\/wp-json\/wp\/v2\/product\/151158","targetHints":{"allow":["GET"]}}],"collection":[{"href":"https:\/\/kingarms.ee\/lv\/wp-json\/wp\/v2\/product"}],"about":[{"href":"https:\/\/kingarms.ee\/lv\/wp-json\/wp\/v2\/types\/product"}],"wp:featuredmedia":[{"embeddable":true,"href":"https:\/\/kingarms.ee\/lv\/wp-json\/wp\/v2\/media\/125992"}],"wp:attachment":[{"href":"https:\/\/kingarms.ee\/lv\/wp-json\/wp\/v2\/media?parent=151158"}],"wp:term":[{"taxonomy":"product_brand","embeddable":true,"href":"https:\/\/kingarms.ee\/lv\/wp-json\/wp\/v2\/product_brand?post=151158"},{"taxonomy":"product_cat","embeddable":true,"href":"https:\/\/kingarms.ee\/lv\/wp-json\/wp\/v2\/product_cat?post=151158"},{"taxonomy":"product_tag","embeddable":true,"href":"https:\/\/kingarms.ee\/lv\/wp-json\/wp\/v2\/product_tag?post=151158"}],"curies":[{"name":"wp","href":"https:\/\/api.w.org\/{rel}","templated":true}]}}