{"id":151162,"date":"2022-12-19T16:59:31","date_gmt":"2025-06-21T12:38:26","guid":{"rendered":"https:\/\/kingarms.ee\/product\/elektriska-sautene-m4-metala-versija-ge\/"},"modified":"2025-06-21T15:38:26","modified_gmt":"2025-06-21T12:38:26","slug":"elektriska-sautene-m4-metala-versija-ge","status":"publish","type":"product","link":"https:\/\/kingarms.ee\/lv\/product\/elektriska-sautene-m4-metala-versija-ge\/","title":{"rendered":"Elektrisk\u0101 \u0161autene M4 met\u0101la versija [GE]"},"content":{"rendered":"","protected":false},"excerpt":{"rendered":"<p>Elektrisk\u0101 \u0161autene M4 met\u0101la versija [GE]<\/p>\n<p>elektrisk\u0101 \u0161autene m4 s-sist\u0113ma<br \/>\npilns met\u0101ls<br \/>\n300 k\u0101rtu \u017durn\u0101ls<br \/>\nievelkams kr\u0101jums<br \/>\nflip-up apskates vietas<br \/>\nuguns re\u017e\u012bms: dro\u0161s<br \/>\nviens \u0161\u0101viens<br \/>\npilna auto<br \/>\ngarums 770mm-850mm<br \/>\nsvars 3800g<\/p>\n","protected":false},"featured_media":125980,"template":"","meta":{"_acf_changed":false},"product_brand":[],"product_cat":[1001],"product_tag":[],"class_list":{"0":"post-151162","1":"product","2":"type-product","3":"status-publish","4":"has-post-thumbnail","6":"product_cat-tirdzniecibas-automati","8":"first","9":"instock","10":"sale","11":"purchasable","12":"product-type-simple"},"acf":[],"_links":{"self":[{"href":"https:\/\/kingarms.ee\/lv\/wp-json\/wp\/v2\/product\/151162","targetHints":{"allow":["GET"]}}],"collection":[{"href":"https:\/\/kingarms.ee\/lv\/wp-json\/wp\/v2\/product"}],"about":[{"href":"https:\/\/kingarms.ee\/lv\/wp-json\/wp\/v2\/types\/product"}],"wp:featuredmedia":[{"embeddable":true,"href":"https:\/\/kingarms.ee\/lv\/wp-json\/wp\/v2\/media\/125980"}],"wp:attachment":[{"href":"https:\/\/kingarms.ee\/lv\/wp-json\/wp\/v2\/media?parent=151162"}],"wp:term":[{"taxonomy":"product_brand","embeddable":true,"href":"https:\/\/kingarms.ee\/lv\/wp-json\/wp\/v2\/product_brand?post=151162"},{"taxonomy":"product_cat","embeddable":true,"href":"https:\/\/kingarms.ee\/lv\/wp-json\/wp\/v2\/product_cat?post=151162"},{"taxonomy":"product_tag","embeddable":true,"href":"https:\/\/kingarms.ee\/lv\/wp-json\/wp\/v2\/product_tag?post=151162"}],"curies":[{"name":"wp","href":"https:\/\/api.w.org\/{rel}","templated":true}]}}