{"id":151175,"date":"2022-11-28T18:52:20","date_gmt":"2022-11-28T15:52:20","guid":{"rendered":"https:\/\/kingarms.ee\/product\/gatavs-2-speles-komplekts-20-marcinu-klasiskais-prieksgals\/"},"modified":"2025-06-21T15:53:14","modified_gmt":"2025-06-21T12:53:14","slug":"gatavs-2-speles-komplekts-20-marcinu-klasiskais-prieksgals","status":"publish","type":"product","link":"https:\/\/kingarms.ee\/lv\/product\/gatavs-2-speles-komplekts-20-marcinu-klasiskais-prieksgals\/","title":{"rendered":"Gatavs 2 sp\u0113les komplekts 20 m\u0101rci\u0146u klasiskais priek\u0161gals"},"content":{"rendered":"","protected":false},"excerpt":{"rendered":"<p>Gatavs 2 sp\u0113les komplekts 20 m\u0101rci\u0146u klasiskais priek\u0161gals<\/p>\n<p>Klasisks priek\u0161gala velt\u012bts m\u0101c\u012bbu loka \u0161au\u0161ana b\u0113rniem. Tas \u013cauj iepaz\u012bties ar aizraujo\u0161o loka \u0161au\u0161anas pasauli un \u013cauj apg\u016bt un att\u012bst\u012bt savas prasmes. Tas ir apr\u012bkots ar vilk\u0161anas sp\u0113ku 20 m\u0101rci\u0146as (9 kg) un vair\u0101k. T\u0101s rokas ir izgatavotas no stikla \u0161\u0137iedras, un maypole ir izgatavota no iztur\u012bgas plastmasas. Pateicoties \u0161\u0101du materi\u0101lu izmanto\u0161anai, priek\u0161gala ir \u013coti viegla, tom\u0113r iztur\u012bga. T\u0101s garums ir 123 cm.     <\/p>\n","protected":false},"featured_media":125576,"template":"","meta":{"_acf_changed":false},"product_brand":[],"product_cat":[1018],"product_tag":[],"class_list":{"0":"post-151175","1":"product","2":"type-product","3":"status-publish","4":"has-post-thumbnail","6":"product_cat-loki","8":"first","9":"instock","10":"purchasable","11":"product-type-simple"},"acf":[],"_links":{"self":[{"href":"https:\/\/kingarms.ee\/lv\/wp-json\/wp\/v2\/product\/151175","targetHints":{"allow":["GET"]}}],"collection":[{"href":"https:\/\/kingarms.ee\/lv\/wp-json\/wp\/v2\/product"}],"about":[{"href":"https:\/\/kingarms.ee\/lv\/wp-json\/wp\/v2\/types\/product"}],"wp:featuredmedia":[{"embeddable":true,"href":"https:\/\/kingarms.ee\/lv\/wp-json\/wp\/v2\/media\/125576"}],"wp:attachment":[{"href":"https:\/\/kingarms.ee\/lv\/wp-json\/wp\/v2\/media?parent=151175"}],"wp:term":[{"taxonomy":"product_brand","embeddable":true,"href":"https:\/\/kingarms.ee\/lv\/wp-json\/wp\/v2\/product_brand?post=151175"},{"taxonomy":"product_cat","embeddable":true,"href":"https:\/\/kingarms.ee\/lv\/wp-json\/wp\/v2\/product_cat?post=151175"},{"taxonomy":"product_tag","embeddable":true,"href":"https:\/\/kingarms.ee\/lv\/wp-json\/wp\/v2\/product_tag?post=151175"}],"curies":[{"name":"wp","href":"https:\/\/api.w.org\/{rel}","templated":true}]}}