{"id":151177,"date":"2022-11-28T18:52:20","date_gmt":"2025-06-21T12:55:56","guid":{"rendered":"https:\/\/kingarms.ee\/product\/gt-5-radio-baofeng\/"},"modified":"2025-06-21T15:55:56","modified_gmt":"2025-06-21T12:55:56","slug":"gt-5-radio-baofeng","status":"publish","type":"product","link":"https:\/\/kingarms.ee\/lv\/product\/gt-5-radio-baofeng\/","title":{"rendered":"GT-5 radio [Baofeng]"},"content":{"rendered":"","protected":false},"excerpt":{"rendered":"<p>GT-5 radio [Baofeng]<\/p>\n<p>Baofeng radioapar\u0101tiem ir neizteiksm\u012bga popularit\u0101te pamatota iemesla d\u0113\u013c un vado\u0161\u0101 poz\u012bcija pieejamu ier\u012b\u010du tirg\u016b. Vi\u0146u augstas kvalit\u0101tes meistar\u012bba apvienojum\u0101 ar \u0101rk\u0101rt\u012bgi efekt\u012bvu darb\u012bbu padara mode\u013cus par popul\u0101ru izv\u0113li medniekiem un citiem, kas mekl\u0113 efekt\u012bvu un \u0101tru komunik\u0101ciju \u0161aj\u0101 jom\u0101. Baofeng GT-5 radio \u0161obr\u012bd ir jaun\u0101kais modelis no ra\u017eot\u0101ja pied\u0101v\u0101juma, nodro\u0161inot mums v\u0113l lab\u0101ku diapazonu un iesp\u0113ju str\u0101d\u0101t ar ChIRP r\u012bku, kas \u013cauj \u0113rti programm\u0113t ier\u012bces.  <\/p>\n","protected":false},"featured_media":136516,"template":"","meta":{"_acf_changed":false},"product_brand":[],"product_cat":[1125],"product_tag":[],"class_list":{"0":"post-151177","1":"product","2":"type-product","3":"status-publish","4":"has-post-thumbnail","6":"product_cat-uztvereji","8":"first","9":"instock","10":"purchasable","11":"product-type-simple"},"acf":[],"_links":{"self":[{"href":"https:\/\/kingarms.ee\/lv\/wp-json\/wp\/v2\/product\/151177","targetHints":{"allow":["GET"]}}],"collection":[{"href":"https:\/\/kingarms.ee\/lv\/wp-json\/wp\/v2\/product"}],"about":[{"href":"https:\/\/kingarms.ee\/lv\/wp-json\/wp\/v2\/types\/product"}],"wp:featuredmedia":[{"embeddable":true,"href":"https:\/\/kingarms.ee\/lv\/wp-json\/wp\/v2\/media\/136516"}],"wp:attachment":[{"href":"https:\/\/kingarms.ee\/lv\/wp-json\/wp\/v2\/media?parent=151177"}],"wp:term":[{"taxonomy":"product_brand","embeddable":true,"href":"https:\/\/kingarms.ee\/lv\/wp-json\/wp\/v2\/product_brand?post=151177"},{"taxonomy":"product_cat","embeddable":true,"href":"https:\/\/kingarms.ee\/lv\/wp-json\/wp\/v2\/product_cat?post=151177"},{"taxonomy":"product_tag","embeddable":true,"href":"https:\/\/kingarms.ee\/lv\/wp-json\/wp\/v2\/product_tag?post=151177"}],"curies":[{"name":"wp","href":"https:\/\/api.w.org\/{rel}","templated":true}]}}