{"id":151183,"date":"2022-12-19T16:59:42","date_gmt":"2022-12-19T13:59:42","guid":{"rendered":"https:\/\/kingarms.ee\/product\/tuksa-pistole-315-8mm-bruni\/"},"modified":"2025-06-21T16:06:53","modified_gmt":"2025-06-21T13:06:53","slug":"tuksa-pistole-315-8mm-bruni","status":"publish","type":"product","link":"https:\/\/kingarms.ee\/lv\/product\/tuksa-pistole-315-8mm-bruni\/","title":{"rendered":"Tuk\u0161a pistole 315 8mm (Bruni)"},"content":{"rendered":"<p><img loading=\"lazy\" decoding=\"async\" class=\"alignnone size-full wp-image-74765\" src=\"https:\/\/kingarms.ee\/wp-content\/uploads\/2022\/12\/bruni-315-blackk.jpeg\" alt=\"\" width=\"1000\" height=\"1000\" srcset=\"https:\/\/kingarms.ee\/wp-content\/uploads\/2022\/12\/bruni-315-blackk.jpeg 1000w, https:\/\/kingarms.ee\/wp-content\/uploads\/2022\/12\/bruni-315-blackk-300x300.jpeg 300w, https:\/\/kingarms.ee\/wp-content\/uploads\/2022\/12\/bruni-315-blackk-150x150.jpeg 150w, https:\/\/kingarms.ee\/wp-content\/uploads\/2022\/12\/bruni-315-blackk-768x768.jpeg 768w, https:\/\/kingarms.ee\/wp-content\/uploads\/2022\/12\/bruni-315-blackk-500x500.jpeg 500w\" sizes=\"auto, (max-width: 1000px) 100vw, 1000px\" \/><\/p>\n","protected":false},"excerpt":{"rendered":"<p>Tuk\u0161a pistole 315 8mm (Bruni)<\/p>\n<table>\n<tbody>\n<tr>\n<td><b>AMADEUS<\/b><\/td>\n<td><b>TEHNILISED ANDMED<\/b><\/td>\n<\/tr>\n<tr>\n<td><span style=\"font-weight: 400;\">Ra\u017eot\u0101js:<\/span><\/td>\n<td><span style=\"font-weight: 400;\">Bruni (It\u0101lija)<\/span><\/td>\n<\/tr>\n<tr>\n<td><span style=\"font-weight: 400;\">Modelis:<\/span><\/td>\n<td><span style=\"font-weight: 400;\">315<\/span><\/td>\n<\/tr>\n<tr>\n<td><span style=\"font-weight: 400;\">Kalibrs:<\/span><\/td>\n<td><span style=\"font-weight: 400;\">8mm<\/span><\/td>\n<\/tr>\n<tr>\n<td><span style=\"font-weight: 400;\">Veids:<\/span><\/td>\n<td><span style=\"font-weight: 400;\">Pusautom\u0101tisk\u0101<\/span><\/td>\n<\/tr>\n<tr>\n<td><span style=\"font-weight: 400;\">Neveiksme:<\/span><\/td>\n<td><span style=\"font-weight: 400;\">J\u0101<\/span><\/td>\n<\/tr>\n<tr>\n<td><span style=\"font-weight: 400;\">Papl\u0101tes ietilp\u012bba:<\/span><\/td>\n<td><span style=\"font-weight: 400;\">7 + 1<\/span><\/td>\n<\/tr>\n<tr>\n<td><span style=\"font-weight: 400;\">Kr\u0101sa:<\/span><\/td>\n<td><span style=\"font-weight: 400;\">Melns<\/span><\/td>\n<\/tr>\n<tr>\n<td><span style=\"font-weight: 400;\">Materi\u0101ls:<\/span><\/td>\n<td><span style=\"font-weight: 400;\">Ner\u016bs\u0113jo\u0161ais t\u0113rauds, alum\u012bnijs<\/span><\/td>\n<\/tr>\n<tr>\n<td><span style=\"font-weight: 400;\">Garums:<\/span><\/td>\n<td><span style=\"font-weight: 400;\">122mm<\/span><\/td>\n<\/tr>\n<tr>\n<td><span style=\"font-weight: 400;\">Platums:<\/span><\/td>\n<td><span style=\"font-weight: 400;\">27mm<\/span><\/td>\n<\/tr>\n<tr>\n<td><span style=\"font-weight: 400;\">Augstums:<\/span><\/td>\n<td><span style=\"font-weight: 400;\">87mm<\/span><\/td>\n<\/tr>\n<tr>\n<td><span style=\"font-weight: 400;\">Svars:<\/span><\/td>\n<td><span style=\"font-weight: 400;\">440g<\/span><\/td>\n<\/tr>\n<\/tbody>\n<\/table>\n","protected":false},"featured_media":152681,"template":"","meta":{"_acf_changed":false},"product_brand":[],"product_cat":[1010],"product_tag":[],"class_list":{"0":"post-151183","1":"product","2":"type-product","3":"status-publish","4":"has-post-thumbnail","6":"product_cat-starta-pistoles","8":"first","9":"instock","10":"purchasable","11":"product-type-simple"},"acf":[],"_links":{"self":[{"href":"https:\/\/kingarms.ee\/lv\/wp-json\/wp\/v2\/product\/151183","targetHints":{"allow":["GET"]}}],"collection":[{"href":"https:\/\/kingarms.ee\/lv\/wp-json\/wp\/v2\/product"}],"about":[{"href":"https:\/\/kingarms.ee\/lv\/wp-json\/wp\/v2\/types\/product"}],"wp:featuredmedia":[{"embeddable":true,"href":"https:\/\/kingarms.ee\/lv\/wp-json\/wp\/v2\/media\/152681"}],"wp:attachment":[{"href":"https:\/\/kingarms.ee\/lv\/wp-json\/wp\/v2\/media?parent=151183"}],"wp:term":[{"taxonomy":"product_brand","embeddable":true,"href":"https:\/\/kingarms.ee\/lv\/wp-json\/wp\/v2\/product_brand?post=151183"},{"taxonomy":"product_cat","embeddable":true,"href":"https:\/\/kingarms.ee\/lv\/wp-json\/wp\/v2\/product_cat?post=151183"},{"taxonomy":"product_tag","embeddable":true,"href":"https:\/\/kingarms.ee\/lv\/wp-json\/wp\/v2\/product_tag?post=151183"}],"curies":[{"name":"wp","href":"https:\/\/api.w.org\/{rel}","templated":true}]}}