{"id":151205,"date":"2022-05-16T14:10:32","date_gmt":"2025-06-28T14:13:00","guid":{"rendered":"https:\/\/kingarms.ee\/product\/talruna-maisins-melns-gfc\/"},"modified":"2025-06-28T17:13:00","modified_gmt":"2025-06-28T14:13:00","slug":"talruna-maisins-melns-gfc","status":"publish","type":"product","link":"https:\/\/kingarms.ee\/lv\/product\/talruna-maisins-melns-gfc\/","title":{"rendered":"T\u0101lru\u0146a maisi\u0146\u0161 melns GFC"},"content":{"rendered":"","protected":false},"excerpt":{"rendered":"<p>T\u0101lru\u0146a maisi\u0146\u0161 melns GFC<\/p>\n<p>Maisi\u0146\u0161, kas izgatavots no neilona ar \u0101\u0137a un cilpas stiprin\u0101jumu, kas paredz\u0113ts elektronisko ier\u012b\u010du, piem\u0113ram, mobil\u0101 t\u0101lru\u0146a, glab\u0101\u0161anai. Inside maisi\u0146\u0161 ir m\u012bksts velveteen materi\u0101ls polster\u0113jums, kas nov\u0113r\u0161 skr\u0101p\u0113jumus uz virsmas t\u0101lruni. Maisi\u0146\u0161 ir pietiekami liels, lai uzglab\u0101tu ar\u012b vienu M4\/M16 \u017eurn\u0101lu. Tas ir piestiprin\u0101ts ar 2 MOLLE siksnu siksn\u0101m, kas \u013cauj to piestiprin\u0101t pie apr\u012bkojuma, k\u0101 ar\u012b jostas.   <\/p>\n","protected":false},"featured_media":119733,"template":"","meta":{"_acf_changed":false},"product_brand":[],"product_cat":[1104,1098],"product_tag":[],"class_list":{"0":"post-151205","1":"product","2":"type-product","3":"status-publish","4":"has-post-thumbnail","6":"product_cat-kabatas","7":"product_cat-maisini-somas-un-siksnas","9":"first","10":"onbackorder","11":"product-type-simple"},"acf":[],"_links":{"self":[{"href":"https:\/\/kingarms.ee\/lv\/wp-json\/wp\/v2\/product\/151205","targetHints":{"allow":["GET"]}}],"collection":[{"href":"https:\/\/kingarms.ee\/lv\/wp-json\/wp\/v2\/product"}],"about":[{"href":"https:\/\/kingarms.ee\/lv\/wp-json\/wp\/v2\/types\/product"}],"wp:featuredmedia":[{"embeddable":true,"href":"https:\/\/kingarms.ee\/lv\/wp-json\/wp\/v2\/media\/119733"}],"wp:attachment":[{"href":"https:\/\/kingarms.ee\/lv\/wp-json\/wp\/v2\/media?parent=151205"}],"wp:term":[{"taxonomy":"product_brand","embeddable":true,"href":"https:\/\/kingarms.ee\/lv\/wp-json\/wp\/v2\/product_brand?post=151205"},{"taxonomy":"product_cat","embeddable":true,"href":"https:\/\/kingarms.ee\/lv\/wp-json\/wp\/v2\/product_cat?post=151205"},{"taxonomy":"product_tag","embeddable":true,"href":"https:\/\/kingarms.ee\/lv\/wp-json\/wp\/v2\/product_tag?post=151205"}],"curies":[{"name":"wp","href":"https:\/\/api.w.org\/{rel}","templated":true}]}}