{"id":151206,"date":"2022-05-16T14:10:32","date_gmt":"2025-06-28T14:13:02","guid":{"rendered":"https:\/\/kingarms.ee\/product\/open-iii-2-xs-1-m-pistol-5-56-zurnalu-maisinu-komplekts-molle\/"},"modified":"2025-06-28T17:13:02","modified_gmt":"2025-06-28T14:13:02","slug":"open-iii-2-xs-1-m-pistol-5-56-zurnalu-maisinu-komplekts-molle","status":"publish","type":"product","link":"https:\/\/kingarms.ee\/lv\/product\/open-iii-2-xs-1-m-pistol-5-56-zurnalu-maisinu-komplekts-molle\/","title":{"rendered":"Open III 2 XS 1 m Pistol 5.56 \u017eurn\u0101lu maisi\u0146u komplekts Molle"},"content":{"rendered":"","protected":false},"excerpt":{"rendered":"<p>Open III 2 XS 1 m Pistol 5.56 \u017eurn\u0101lu maisi\u0146u komplekts Molle<\/p>\n<p>2 aitru Maisi\u0146u Komplekts, Kasizgatavots nav izturieg polim\u0113ra ar prim\u0101ro p\u0101rnesumu, velt\u012btu pistoli \u017durn\u0101liem un Maisi\u0146am, Kas velt\u012bts ar-15 \u017durn\u0101liemi vaiem, Kas ir l\u012btiedzi Izm\u0113m. Vi\u0146iem nav Atloku, Kas \u013cAUJ \u0100TRI PIEK\u013cUT \u017dURNALIEM, VIENLAIKUS Turot Tos NoteIKTI Viet\u0101 un ne\u013caUjot nejau\u0161i Izkrist, Pat ja tie ir Uzst\u0101vie Otr\u0101di. Uz atvglo maisi\u0146a Uzb\u016bve &#8211; tas sast\u0101v no div\u0101m pus\u0113m, cie\u0161i Turot Kop\u0101 ar sil\u012bcija gumaJas josl\u0101m.  <\/p>\n","protected":false},"featured_media":119719,"template":"","meta":{"_acf_changed":false},"product_brand":[],"product_cat":[1098,1100],"product_tag":[],"class_list":{"0":"post-151206","1":"product","2":"type-product","3":"status-publish","4":"has-post-thumbnail","6":"product_cat-maisini-somas-un-siksnas","7":"product_cat-uzglabasanas-kabatas","9":"first","10":"instock","11":"purchasable","12":"product-type-simple"},"acf":[],"_links":{"self":[{"href":"https:\/\/kingarms.ee\/lv\/wp-json\/wp\/v2\/product\/151206","targetHints":{"allow":["GET"]}}],"collection":[{"href":"https:\/\/kingarms.ee\/lv\/wp-json\/wp\/v2\/product"}],"about":[{"href":"https:\/\/kingarms.ee\/lv\/wp-json\/wp\/v2\/types\/product"}],"wp:featuredmedia":[{"embeddable":true,"href":"https:\/\/kingarms.ee\/lv\/wp-json\/wp\/v2\/media\/119719"}],"wp:attachment":[{"href":"https:\/\/kingarms.ee\/lv\/wp-json\/wp\/v2\/media?parent=151206"}],"wp:term":[{"taxonomy":"product_brand","embeddable":true,"href":"https:\/\/kingarms.ee\/lv\/wp-json\/wp\/v2\/product_brand?post=151206"},{"taxonomy":"product_cat","embeddable":true,"href":"https:\/\/kingarms.ee\/lv\/wp-json\/wp\/v2\/product_cat?post=151206"},{"taxonomy":"product_tag","embeddable":true,"href":"https:\/\/kingarms.ee\/lv\/wp-json\/wp\/v2\/product_tag?post=151206"}],"curies":[{"name":"wp","href":"https:\/\/api.w.org\/{rel}","templated":true}]}}