{"id":151208,"date":"2022-05-16T14:10:32","date_gmt":"2025-06-28T14:13:14","guid":{"rendered":"https:\/\/kingarms.ee\/product\/pusi-sejas-maska-fma\/"},"modified":"2025-06-28T17:13:14","modified_gmt":"2025-06-28T14:13:14","slug":"pusi-sejas-maska-fma","status":"publish","type":"product","link":"https:\/\/kingarms.ee\/lv\/product\/pusi-sejas-maska-fma\/","title":{"rendered":"Pusi sejas maska FMA"},"content":{"rendered":"","protected":false},"excerpt":{"rendered":"<p>Pusi sejas maska FMA<\/p>\n<p>Viegla un \u0113rta maska no polim\u0113ra un neilona. Polim\u0113ru apvalks ir savienots ar diviem neilona pane\u013ciem. Pane\u013cu iek\u0161pus\u0113 ir acu apdare, kas uzlabo valk\u0101\u0161anas komfortu. Neso\u0161\u0101 sist\u0113ma sast\u0101v no regul\u0113jamas, elast\u012bgas lentes.   <\/p>\n","protected":false},"featured_media":119711,"template":"","meta":{"_acf_changed":false},"product_brand":[],"product_cat":[1081],"product_tag":[],"class_list":{"0":"post-151208","1":"product","2":"type-product","3":"status-publish","4":"has-post-thumbnail","6":"product_cat-bez-kiveres-stiprinajuma","8":"first","9":"instock","10":"purchasable","11":"product-type-simple"},"acf":[],"_links":{"self":[{"href":"https:\/\/kingarms.ee\/lv\/wp-json\/wp\/v2\/product\/151208","targetHints":{"allow":["GET"]}}],"collection":[{"href":"https:\/\/kingarms.ee\/lv\/wp-json\/wp\/v2\/product"}],"about":[{"href":"https:\/\/kingarms.ee\/lv\/wp-json\/wp\/v2\/types\/product"}],"wp:featuredmedia":[{"embeddable":true,"href":"https:\/\/kingarms.ee\/lv\/wp-json\/wp\/v2\/media\/119711"}],"wp:attachment":[{"href":"https:\/\/kingarms.ee\/lv\/wp-json\/wp\/v2\/media?parent=151208"}],"wp:term":[{"taxonomy":"product_brand","embeddable":true,"href":"https:\/\/kingarms.ee\/lv\/wp-json\/wp\/v2\/product_brand?post=151208"},{"taxonomy":"product_cat","embeddable":true,"href":"https:\/\/kingarms.ee\/lv\/wp-json\/wp\/v2\/product_cat?post=151208"},{"taxonomy":"product_tag","embeddable":true,"href":"https:\/\/kingarms.ee\/lv\/wp-json\/wp\/v2\/product_tag?post=151208"}],"curies":[{"name":"wp","href":"https:\/\/api.w.org\/{rel}","templated":true}]}}