{"id":151209,"date":"2022-05-15T23:46:29","date_gmt":"2025-06-28T14:13:28","guid":{"rendered":"https:\/\/kingarms.ee\/product\/sarkana-punkta-redze-gfc\/"},"modified":"2025-06-28T17:13:28","modified_gmt":"2025-06-28T14:13:28","slug":"sarkana-punkta-redze-gfc","status":"publish","type":"product","link":"https:\/\/kingarms.ee\/lv\/product\/sarkana-punkta-redze-gfc\/","title":{"rendered":"Sarkan\u0101 Punkta Redze GFC"},"content":{"rendered":"","protected":false},"excerpt":{"rendered":"<p>Sarkan\u0101 Punkta Redze GFC<\/p>\n<p>Sarkan\u0101 punkta skats gandr\u012bz piln\u012bb\u0101 izgatavots no met\u0101la. Iztur\u012bgs korpuss nodro\u0161ina aizsardz\u012bbu pret boj\u0101jumiem. Darbina divas 393a baterijas.<br \/>\nSkats par\u0101da Aimpoint sarkan\u0101 vai za\u013c\u0101 kr\u0101s\u0101, katrs ar vair\u0101k\u0101m pak\u0101p\u0113m spilgtumu. Lietot\u0101js var izv\u0113l\u0113ties no l\u012bdz pat 4 da\u017e\u0101diem aimpoints. Divas regul\u0113\u0161anas skr\u016bves \u013cauj regul\u0113t \u0161\u0137idrumu horizont\u0101li un vertik\u0101li.<br \/>\nT\u0113m\u0113klim ir 22 mm RIS sliedes stiprin\u0101jums. Tas \u013cauj redzes piestiprin\u0101\u0161anai praktiski katrai reprodukcijai, kas apr\u012bkota ar \u0161\u0101du sliedi. QD sist\u0113ma \u013cauj \u0101tri piestiprin\u0101t bez papildu r\u012bkiem.      <\/p>\n","protected":false},"featured_media":119305,"template":"","meta":{"_acf_changed":false},"product_brand":[],"product_cat":[1067],"product_tag":[],"class_list":{"0":"post-151209","1":"product","2":"type-product","3":"status-publish","4":"has-post-thumbnail","6":"product_cat-skats","8":"first","9":"onbackorder","10":"product-type-simple"},"acf":[],"_links":{"self":[{"href":"https:\/\/kingarms.ee\/lv\/wp-json\/wp\/v2\/product\/151209","targetHints":{"allow":["GET"]}}],"collection":[{"href":"https:\/\/kingarms.ee\/lv\/wp-json\/wp\/v2\/product"}],"about":[{"href":"https:\/\/kingarms.ee\/lv\/wp-json\/wp\/v2\/types\/product"}],"wp:featuredmedia":[{"embeddable":true,"href":"https:\/\/kingarms.ee\/lv\/wp-json\/wp\/v2\/media\/119305"}],"wp:attachment":[{"href":"https:\/\/kingarms.ee\/lv\/wp-json\/wp\/v2\/media?parent=151209"}],"wp:term":[{"taxonomy":"product_brand","embeddable":true,"href":"https:\/\/kingarms.ee\/lv\/wp-json\/wp\/v2\/product_brand?post=151209"},{"taxonomy":"product_cat","embeddable":true,"href":"https:\/\/kingarms.ee\/lv\/wp-json\/wp\/v2\/product_cat?post=151209"},{"taxonomy":"product_tag","embeddable":true,"href":"https:\/\/kingarms.ee\/lv\/wp-json\/wp\/v2\/product_tag?post=151209"}],"curies":[{"name":"wp","href":"https:\/\/api.w.org\/{rel}","templated":true}]}}