{"id":151212,"date":"2022-05-15T23:46:29","date_gmt":"2025-06-28T14:16:41","guid":{"rendered":"https:\/\/kingarms.ee\/product\/6-24x50-aoeg-darbibas-joma-theta-optika\/"},"modified":"2025-06-28T17:16:41","modified_gmt":"2025-06-28T14:16:41","slug":"6-24x50-aoeg-darbibas-joma-theta-optika","status":"publish","type":"product","link":"https:\/\/kingarms.ee\/lv\/product\/6-24x50-aoeg-darbibas-joma-theta-optika\/","title":{"rendered":"6-24&#215;50 Aoeg darb\u012bbas joma THETA optika"},"content":{"rendered":"","protected":false},"excerpt":{"rendered":"<p>6-24&#215;50 Aoeg darb\u012bbas joma THETA optika<\/p>\n<p>Theta Optics\u2122 joma ir augstas kvalit\u0101tes garantija par sapr\u0101t\u012bgu cenu. Liktas iztur\u012bgs, met\u0101la korpuss skaidrs optika ar mil-dot tipa krustu, k\u0101 m\u0113s k\u0101 regul\u0113jams t\u0101lummai\u0146u. Krusta apgaismojuma (sarkan\u0101, zil\u0101 vai za\u013c\u0101 kr\u0101s\u0101) d\u0113\u013c darb\u012bbas jomu var veiksm\u012bgi izmantot gan dienas, gan nakts oper\u0101cij\u0101s. Darbojas ar CR2032 akumulatoru (iek\u013cauts komplekt\u0101).    M\u0113r\u0137a krustu var vienm\u0113r\u012bgi regul\u0113t horizont\u0101li un vertik\u0101li. Produkts ir uzst\u0101d\u012bts uz standarta 22 mm RIS sliedes.<br \/>\nTheta Optics\u2122 m\u0113r\u0137is ir ne tikai nodro\u0161in\u0101t augstas kvalit\u0101tes optisko apr\u012bkojumu, bet ar\u012b nep\u0101rtraukti papla\u0161in\u0101t savu pied\u0101v\u0101jumu ar inovat\u012bviem risin\u0101jumiem, kas kop\u012bgi augst\u0101k\u0101s kvalit\u0101tes produktiem. Pirms ievie\u0161anas tirg\u016b katram produktam tiek veikta virkne testu. Theta Optics\u2122 ir ieteikums lietot\u0101jiem, kas mekl\u0113 augstas kvalit\u0101tes produktu par sapr\u0101t\u012bgu cenu.<br \/>\nKomplekt\u0101 ietilpst divda\u013c\u012bgs stiprin\u0101jums RIS sliedei un v\u0101ku komplekts.<br \/>\nKomplekt\u0101 ietilpst:<br \/>\n&#8211; Joma<br \/>\n&#8211; Mount<br \/>\n&#8211; Hei atsl\u0113ga<br \/>\n&#8211; Lietot\u0101ja rokasgr\u0101mata<br \/>\n&#8211; CR2032 akumulators<br \/>\n&#8211; V\u0101ku komplekts   <\/p>\n","protected":false},"featured_media":119297,"template":"","meta":{"_acf_changed":false},"product_brand":[],"product_cat":[1067],"product_tag":[],"class_list":{"0":"post-151212","1":"product","2":"type-product","3":"status-publish","4":"has-post-thumbnail","6":"product_cat-skats","8":"first","9":"instock","10":"purchasable","11":"product-type-simple"},"acf":[],"_links":{"self":[{"href":"https:\/\/kingarms.ee\/lv\/wp-json\/wp\/v2\/product\/151212","targetHints":{"allow":["GET"]}}],"collection":[{"href":"https:\/\/kingarms.ee\/lv\/wp-json\/wp\/v2\/product"}],"about":[{"href":"https:\/\/kingarms.ee\/lv\/wp-json\/wp\/v2\/types\/product"}],"wp:featuredmedia":[{"embeddable":true,"href":"https:\/\/kingarms.ee\/lv\/wp-json\/wp\/v2\/media\/119297"}],"wp:attachment":[{"href":"https:\/\/kingarms.ee\/lv\/wp-json\/wp\/v2\/media?parent=151212"}],"wp:term":[{"taxonomy":"product_brand","embeddable":true,"href":"https:\/\/kingarms.ee\/lv\/wp-json\/wp\/v2\/product_brand?post=151212"},{"taxonomy":"product_cat","embeddable":true,"href":"https:\/\/kingarms.ee\/lv\/wp-json\/wp\/v2\/product_cat?post=151212"},{"taxonomy":"product_tag","embeddable":true,"href":"https:\/\/kingarms.ee\/lv\/wp-json\/wp\/v2\/product_tag?post=151212"}],"curies":[{"name":"wp","href":"https:\/\/api.w.org\/{rel}","templated":true}]}}