{"id":151213,"date":"2022-05-15T23:46:29","date_gmt":"2025-06-28T14:17:14","guid":{"rendered":"https:\/\/kingarms.ee\/product\/rhino-4x32-darbibas-joma-teta-optika\/"},"modified":"2025-06-28T17:17:14","modified_gmt":"2025-06-28T14:17:14","slug":"rhino-4x32-darbibas-joma-teta-optika","status":"publish","type":"product","link":"https:\/\/kingarms.ee\/lv\/product\/rhino-4x32-darbibas-joma-teta-optika\/","title":{"rendered":"Rhino 4&#215;32 darb\u012bbas joma teta optika"},"content":{"rendered":"","protected":false},"excerpt":{"rendered":"<p>Rhino 4&#215;32 darb\u012bbas joma teta optika<\/p>\n<p>Joma ar Theta Optics\u2122 ir garantija augstas kvalit\u0101tes un sapr\u0101t\u012bgu cenu. Ievietots iztur\u012bg\u0101, met\u0101la korpus\u0101, spilgta optika ar Mil-Dot t\u012bkli\u0146u, k\u0101 ar\u012b fiks\u0113ts, 4 reizes liel\u0101ks palielin\u0101jums. Pateicoties apgaismotiem krusti\u0146iem (sarkan\u0101, zil\u0101 vai za\u013c\u0101 kr\u0101s\u0101), darb\u012bbas jomu var viegli izmantot oper\u0101cij\u0101m gan dienas, gan nakts laik\u0101. Darbojas ar vienu CR1620 akumulatoru.    T\u012bkli\u0146u var vienm\u0113r\u012bgi noregul\u0113t gan vertik\u0101li, gan horizont\u0101li. Produkts ir piestiprin\u0101ts pie standarta RIS 22 mm sliedes.<br \/>\nDarb\u012bbas joma ir apr\u012bkota ar \u012bs\u0101m RIS slied\u0113m (kop\u0101 3) papildu piederumu piestiprin\u0101\u0161anai.<br \/>\nTheta Optics\u2122 m\u0113r\u0137is ir ne tikai augstas kvalit\u0101tes optikas pieg\u0101de, bet ar\u012b past\u0101v\u012bgi papla\u0161in\u0101t savu pied\u0101v\u0101jumu ar inovat\u012bviem risin\u0101jumiem, kas sastopami augst\u0101kas klases produktos. Katrs modelis iet caur virkni testu, pirms tiek ieviesti tirg\u016b. Theta Optics\u2122 ir priek\u0161likums cilv\u0113kiem, kas mekl\u0113 augstu kvalit\u0101ti par sapr\u0101t\u012bgu cenu.<br \/>\nKomplekt\u0101 ietilpst:<br \/>\n&#8211; darb\u012bbas joma-Lietot\u0101ja rokasgr\u0101mata-akumulators-t\u012br\u012b\u0161anas audums<\/p>\n","protected":false},"featured_media":119269,"template":"","meta":{"_acf_changed":false},"product_brand":[],"product_cat":[1067],"product_tag":[],"class_list":{"0":"post-151213","1":"product","2":"type-product","3":"status-publish","4":"has-post-thumbnail","6":"product_cat-skats","8":"first","9":"onbackorder","10":"product-type-simple"},"acf":[],"_links":{"self":[{"href":"https:\/\/kingarms.ee\/lv\/wp-json\/wp\/v2\/product\/151213","targetHints":{"allow":["GET"]}}],"collection":[{"href":"https:\/\/kingarms.ee\/lv\/wp-json\/wp\/v2\/product"}],"about":[{"href":"https:\/\/kingarms.ee\/lv\/wp-json\/wp\/v2\/types\/product"}],"wp:featuredmedia":[{"embeddable":true,"href":"https:\/\/kingarms.ee\/lv\/wp-json\/wp\/v2\/media\/119269"}],"wp:attachment":[{"href":"https:\/\/kingarms.ee\/lv\/wp-json\/wp\/v2\/media?parent=151213"}],"wp:term":[{"taxonomy":"product_brand","embeddable":true,"href":"https:\/\/kingarms.ee\/lv\/wp-json\/wp\/v2\/product_brand?post=151213"},{"taxonomy":"product_cat","embeddable":true,"href":"https:\/\/kingarms.ee\/lv\/wp-json\/wp\/v2\/product_cat?post=151213"},{"taxonomy":"product_tag","embeddable":true,"href":"https:\/\/kingarms.ee\/lv\/wp-json\/wp\/v2\/product_tag?post=151213"}],"curies":[{"name":"wp","href":"https:\/\/api.w.org\/{rel}","templated":true}]}}