{"id":151221,"date":"2022-05-15T23:46:17","date_gmt":"2025-06-28T14:20:01","guid":{"rendered":"https:\/\/kingarms.ee\/product\/m2-sarkana-punkta-merkis-replika-aim-o-2\/"},"modified":"2025-06-28T17:20:01","modified_gmt":"2025-06-28T14:20:01","slug":"m2-sarkana-punkta-merkis-replika-aim-o-2","status":"publish","type":"product","link":"https:\/\/kingarms.ee\/lv\/product\/m2-sarkana-punkta-merkis-replika-aim-o-2\/","title":{"rendered":"M2 sarkan\u0101 punkta m\u0113r\u0137is replika Aim O"},"content":{"rendered":"","protected":false},"excerpt":{"rendered":"<p>M2 sarkan\u0101 punkta m\u0113r\u0137is replika Aim O<\/p>\n<p>M2 red dot sight replica ir apr\u012bkota ar fluent m\u0113r\u0137a t\u012bkli\u0146a poz\u012bcijas regul\u0113\u0161anu ( ar divu pogu pal\u012bdz\u012bbu ). Turkl\u0101t \u0161\u0101v\u0113jam ir iesp\u0113ja piel\u0101got m\u0113r\u0137a t\u012bkli\u0146a spilgtumu piecu gr\u0101du skal\u0101.<br \/>\nFlip-up tipa p\u0101rsegi \u013cauj nodro\u0161in\u0101t objekt\u012bvus transport\u0113\u0161anas laik\u0101 un \u013cauj izmantot \u012bpa\u0161u m\u0113r\u0137\u0113\u0161anas tehniku, kad viens no flip-ups ir aizv\u0113rts, kas iev\u0113rojami atvieglo sarkan\u0101 punkta redzes izmanto\u0161anu gai\u0161\u0101s telp\u0101s un vienlaikus sp\u0113c\u012bgu dienasgaismu, vienlaikus saglab\u0101jot att\u0113la skaidr\u012bbu un asumu.<br \/>\nKomplekt\u0101 ietilpst zems stiprin\u0101jums, kas \u013cauj uzst\u0101d\u012bt sarkano punktu skatu uz jebkuras kopijas, kas apr\u012bkota ar 22 mm platu RIS sliedi. <\/p>\n","protected":false},"featured_media":119327,"template":"","meta":{"_acf_changed":false},"product_brand":[],"product_cat":[1067],"product_tag":[],"class_list":{"0":"post-151221","1":"product","2":"type-product","3":"status-publish","4":"has-post-thumbnail","6":"product_cat-skats","8":"first","9":"instock","10":"purchasable","11":"product-type-simple"},"acf":[],"_links":{"self":[{"href":"https:\/\/kingarms.ee\/lv\/wp-json\/wp\/v2\/product\/151221","targetHints":{"allow":["GET"]}}],"collection":[{"href":"https:\/\/kingarms.ee\/lv\/wp-json\/wp\/v2\/product"}],"about":[{"href":"https:\/\/kingarms.ee\/lv\/wp-json\/wp\/v2\/types\/product"}],"wp:featuredmedia":[{"embeddable":true,"href":"https:\/\/kingarms.ee\/lv\/wp-json\/wp\/v2\/media\/119327"}],"wp:attachment":[{"href":"https:\/\/kingarms.ee\/lv\/wp-json\/wp\/v2\/media?parent=151221"}],"wp:term":[{"taxonomy":"product_brand","embeddable":true,"href":"https:\/\/kingarms.ee\/lv\/wp-json\/wp\/v2\/product_brand?post=151221"},{"taxonomy":"product_cat","embeddable":true,"href":"https:\/\/kingarms.ee\/lv\/wp-json\/wp\/v2\/product_cat?post=151221"},{"taxonomy":"product_tag","embeddable":true,"href":"https:\/\/kingarms.ee\/lv\/wp-json\/wp\/v2\/product_tag?post=151221"}],"curies":[{"name":"wp","href":"https:\/\/api.w.org\/{rel}","templated":true}]}}