{"id":151224,"date":"2022-05-15T23:46:17","date_gmt":"2025-06-28T14:20:28","guid":{"rendered":"https:\/\/kingarms.ee\/product\/sarkana-punkta-redze-gfc-2\/"},"modified":"2025-06-28T17:20:28","modified_gmt":"2025-06-28T14:20:28","slug":"sarkana-punkta-redze-gfc-2","status":"publish","type":"product","link":"https:\/\/kingarms.ee\/lv\/product\/sarkana-punkta-redze-gfc-2\/","title":{"rendered":"Sarkan\u0101 Punkta Redze GFC"},"content":{"rendered":"","protected":false},"excerpt":{"rendered":"<p>Sarkan\u0101 Punkta Redze GFC<\/p>\n<p>Sarkan\u0101 punkta skats gandr\u012bz piln\u012bb\u0101 izgatavots no met\u0101la. Iztur\u012bgs korpuss nodro\u0161ina aizsardz\u012bbu pret boj\u0101jumiem.<br \/>\nSkats par\u0101da sarkanu vai za\u013cu kr\u0101su. Redzes funkcijas vienm\u0113r\u012bgu vertik\u0101lo un horizont\u0101lo regul\u0113jumu. L\u0113cas ir aizsarg\u0101tas ar gumijas p\u0101rsegiem.<br \/>\nT\u0113m\u0113klim ir 22 mm RIS sliedes stiprin\u0101jums. Tas \u013cauj redzes piestiprin\u0101\u0161anai praktiski katrai reprodukcijai, kas apr\u012bkota ar \u0161\u0101du sliedi.<br \/>\nKomplekt\u0101 ietilpst:<br \/>\n&#8211; Sarkan\u0101 punkta skats<br \/>\n&#8211; Se\u0161st\u016bra atsl\u0113ga<br \/>\n&#8211; T\u012br\u012b\u0161anas lupati\u0146a<br \/>\n&#8211; Gumijas p\u0101rsegs    <\/p>\n","protected":false},"featured_media":119311,"template":"","meta":{"_acf_changed":false},"product_brand":[],"product_cat":[1067],"product_tag":[],"class_list":{"0":"post-151224","1":"product","2":"type-product","3":"status-publish","4":"has-post-thumbnail","6":"product_cat-skats","8":"first","9":"instock","10":"purchasable","11":"product-type-simple"},"acf":[],"_links":{"self":[{"href":"https:\/\/kingarms.ee\/lv\/wp-json\/wp\/v2\/product\/151224","targetHints":{"allow":["GET"]}}],"collection":[{"href":"https:\/\/kingarms.ee\/lv\/wp-json\/wp\/v2\/product"}],"about":[{"href":"https:\/\/kingarms.ee\/lv\/wp-json\/wp\/v2\/types\/product"}],"wp:featuredmedia":[{"embeddable":true,"href":"https:\/\/kingarms.ee\/lv\/wp-json\/wp\/v2\/media\/119311"}],"wp:attachment":[{"href":"https:\/\/kingarms.ee\/lv\/wp-json\/wp\/v2\/media?parent=151224"}],"wp:term":[{"taxonomy":"product_brand","embeddable":true,"href":"https:\/\/kingarms.ee\/lv\/wp-json\/wp\/v2\/product_brand?post=151224"},{"taxonomy":"product_cat","embeddable":true,"href":"https:\/\/kingarms.ee\/lv\/wp-json\/wp\/v2\/product_cat?post=151224"},{"taxonomy":"product_tag","embeddable":true,"href":"https:\/\/kingarms.ee\/lv\/wp-json\/wp\/v2\/product_tag?post=151224"}],"curies":[{"name":"wp","href":"https:\/\/api.w.org\/{rel}","templated":true}]}}