{"id":151227,"date":"2022-05-14T17:45:17","date_gmt":"2025-06-28T14:21:56","guid":{"rendered":"https:\/\/kingarms.ee\/product\/big-dragon-hq-m130-pavasaris\/"},"modified":"2025-06-28T17:21:56","modified_gmt":"2025-06-28T14:21:56","slug":"big-dragon-hq-m130-pavasaris","status":"publish","type":"product","link":"https:\/\/kingarms.ee\/lv\/product\/big-dragon-hq-m130-pavasaris\/","title":{"rendered":"Big Dragon HQ M130 Pavasaris"},"content":{"rendered":"","protected":false},"excerpt":{"rendered":"<p>Augstas kvalit\u0101tes galvenais pavasaris ar Big Dragon Izgatavots no t\u0113rauda stieples. Atsperei ir neregul\u0101ra tinums ar jaudu M30, un tas ir ide\u0101li piem\u0113rots jaudas regul\u0113\u0161anai. Funkcijas zemes abos galos.  <\/p>\n","protected":false},"featured_media":119106,"template":"","meta":{"_acf_changed":false},"product_brand":[],"product_cat":[1129],"product_tag":[],"class_list":{"0":"post-151227","1":"product","2":"type-product","3":"status-publish","4":"has-post-thumbnail","6":"product_cat-rezerves-dalas","8":"first","9":"instock","10":"purchasable","11":"product-type-simple"},"acf":[],"_links":{"self":[{"href":"https:\/\/kingarms.ee\/lv\/wp-json\/wp\/v2\/product\/151227","targetHints":{"allow":["GET"]}}],"collection":[{"href":"https:\/\/kingarms.ee\/lv\/wp-json\/wp\/v2\/product"}],"about":[{"href":"https:\/\/kingarms.ee\/lv\/wp-json\/wp\/v2\/types\/product"}],"wp:featuredmedia":[{"embeddable":true,"href":"https:\/\/kingarms.ee\/lv\/wp-json\/wp\/v2\/media\/119106"}],"wp:attachment":[{"href":"https:\/\/kingarms.ee\/lv\/wp-json\/wp\/v2\/media?parent=151227"}],"wp:term":[{"taxonomy":"product_brand","embeddable":true,"href":"https:\/\/kingarms.ee\/lv\/wp-json\/wp\/v2\/product_brand?post=151227"},{"taxonomy":"product_cat","embeddable":true,"href":"https:\/\/kingarms.ee\/lv\/wp-json\/wp\/v2\/product_cat?post=151227"},{"taxonomy":"product_tag","embeddable":true,"href":"https:\/\/kingarms.ee\/lv\/wp-json\/wp\/v2\/product_tag?post=151227"}],"curies":[{"name":"wp","href":"https:\/\/api.w.org\/{rel}","templated":true}]}}