{"id":151231,"date":"2022-05-10T16:14:00","date_gmt":"2025-06-28T14:23:22","guid":{"rendered":"https:\/\/kingarms.ee\/product\/omega-stock-mil-spec-trinity-force-2\/"},"modified":"2025-06-28T17:23:22","modified_gmt":"2025-06-28T14:23:22","slug":"omega-stock-mil-spec-trinity-force-2","status":"publish","type":"product","link":"https:\/\/kingarms.ee\/lv\/product\/omega-stock-mil-spec-trinity-force-2\/","title":{"rendered":"Omega Stock Mil Spec Trinity Force"},"content":{"rendered":"","protected":false},"excerpt":{"rendered":"<p>Omega Stock Mil Spec Trinity Force<\/p>\n<p>Konstrukcija bez aiz\u0137er\u0161an\u0101s, kas nov\u0113r\u0161 jebk\u0101du sasp\u012bl\u0113\u0161anos ar zvejas r\u012bkiem<br \/>\nVair\u0101ki cilpu stiprin\u0101juma punkti, tostarp QD groz\u0101mie \u0161arn\u012bra ligzdi\u0146i<br \/>\nLiels gumijas spilvens, kas ir no\u0146emams<br \/>\nVienm\u0113r\u012bga p\u0101rbaudes atp\u016bta<br \/>\nBlo\u0137\u0113\u0161anas klips, kas nodro\u0161ina novieto\u0161anu<\/p>\n","protected":false},"featured_media":118846,"template":"","meta":{"_acf_changed":false},"product_brand":[],"product_cat":[1038],"product_tag":[],"class_list":{"0":"post-151231","1":"product","2":"type-product","3":"status-publish","4":"has-post-thumbnail","6":"product_cat-kliedziens","8":"first","9":"instock","10":"taxable","11":"shipping-taxable","12":"purchasable","13":"product-type-simple"},"acf":[],"_links":{"self":[{"href":"https:\/\/kingarms.ee\/lv\/wp-json\/wp\/v2\/product\/151231","targetHints":{"allow":["GET"]}}],"collection":[{"href":"https:\/\/kingarms.ee\/lv\/wp-json\/wp\/v2\/product"}],"about":[{"href":"https:\/\/kingarms.ee\/lv\/wp-json\/wp\/v2\/types\/product"}],"wp:featuredmedia":[{"embeddable":true,"href":"https:\/\/kingarms.ee\/lv\/wp-json\/wp\/v2\/media\/118846"}],"wp:attachment":[{"href":"https:\/\/kingarms.ee\/lv\/wp-json\/wp\/v2\/media?parent=151231"}],"wp:term":[{"taxonomy":"product_brand","embeddable":true,"href":"https:\/\/kingarms.ee\/lv\/wp-json\/wp\/v2\/product_brand?post=151231"},{"taxonomy":"product_cat","embeddable":true,"href":"https:\/\/kingarms.ee\/lv\/wp-json\/wp\/v2\/product_cat?post=151231"},{"taxonomy":"product_tag","embeddable":true,"href":"https:\/\/kingarms.ee\/lv\/wp-json\/wp\/v2\/product_tag?post=151231"}],"curies":[{"name":"wp","href":"https:\/\/api.w.org\/{rel}","templated":true}]}}