{"id":151234,"date":"2022-05-10T15:43:00","date_gmt":"2025-06-28T14:23:51","guid":{"rendered":"https:\/\/kingarms.ee\/product\/walther-punkts-izskatas-eps3\/"},"modified":"2025-06-28T17:23:51","modified_gmt":"2025-06-28T14:23:51","slug":"walther-punkts-izskatas-eps3","status":"publish","type":"product","link":"https:\/\/kingarms.ee\/lv\/product\/walther-punkts-izskatas-eps3\/","title":{"rendered":"WALTHER PUNKTS IZSKAT\u0100S EPS3"},"content":{"rendered":"","protected":false},"excerpt":{"rendered":"<p>Evol\u016bcijas punkta redzam\u012bbai 3 ir smalki regul\u0113jams sarkanais punkts ar diametru 4 MOA. Ir 7 spilgtuma iestat\u012bjumi. Tom\u0113r EPS 3 nav tikai sarkan\u0101 punkta redze. Tas ir piln\u012bgs komplekts, kas sast\u0101v no redzesloka un 3 sp\u0113ku palielin\u0101t\u0101ja iztur\u012bg\u0101 polim\u0113ra jak\u0101. Turkl\u0101t tas ir apr\u012bkots ar pagrieziena objekt\u012bvu p\u0101rsegiem un aizsargiem piel\u0101go\u0161anas pog\u0101m. V\u0113l viena noder\u012bga iez\u012bme ir nob\u012bdes stiprin\u0101jums, kas iev\u0113rojami palielina stiprin\u0101juma sliedes piel\u0101go\u0161anas diapazonu. Optiskie komponenti ir \u0101rk\u0101rt\u012bgi labi noenkuroti, un katram komponentam ir 3 skr\u016bves.<br \/>\nSpilgtums regul\u0113jams 7 iestat\u012bjumos      <\/p>\n","protected":false},"featured_media":118838,"template":"","meta":{"_acf_changed":false},"product_brand":[],"product_cat":[1031,1027],"product_tag":[],"class_list":{"0":"post-151234","1":"product","2":"type-product","3":"status-publish","4":"has-post-thumbnail","6":"product_cat-sarkana-vieta","7":"product_cat-telot","9":"first","10":"onbackorder","11":"sale","12":"taxable","13":"shipping-taxable","14":"product-type-simple"},"acf":[],"_links":{"self":[{"href":"https:\/\/kingarms.ee\/lv\/wp-json\/wp\/v2\/product\/151234","targetHints":{"allow":["GET"]}}],"collection":[{"href":"https:\/\/kingarms.ee\/lv\/wp-json\/wp\/v2\/product"}],"about":[{"href":"https:\/\/kingarms.ee\/lv\/wp-json\/wp\/v2\/types\/product"}],"wp:featuredmedia":[{"embeddable":true,"href":"https:\/\/kingarms.ee\/lv\/wp-json\/wp\/v2\/media\/118838"}],"wp:attachment":[{"href":"https:\/\/kingarms.ee\/lv\/wp-json\/wp\/v2\/media?parent=151234"}],"wp:term":[{"taxonomy":"product_brand","embeddable":true,"href":"https:\/\/kingarms.ee\/lv\/wp-json\/wp\/v2\/product_brand?post=151234"},{"taxonomy":"product_cat","embeddable":true,"href":"https:\/\/kingarms.ee\/lv\/wp-json\/wp\/v2\/product_cat?post=151234"},{"taxonomy":"product_tag","embeddable":true,"href":"https:\/\/kingarms.ee\/lv\/wp-json\/wp\/v2\/product_tag?post=151234"}],"curies":[{"name":"wp","href":"https:\/\/api.w.org\/{rel}","templated":true}]}}