{"id":151238,"date":"2022-05-10T14:04:00","date_gmt":"2025-06-28T14:26:27","guid":{"rendered":"https:\/\/kingarms.ee\/product\/goggle-grozamie-klipsi-set-modelis-a-zals\/"},"modified":"2025-06-28T17:26:27","modified_gmt":"2025-06-28T14:26:27","slug":"goggle-grozamie-klipsi-set-modelis-a-zals","status":"publish","type":"product","link":"https:\/\/kingarms.ee\/lv\/product\/goggle-grozamie-klipsi-set-modelis-a-zals\/","title":{"rendered":"Goggle groz\u0101mie klip\u0161i Set Modelis a za\u013c\u0161"},"content":{"rendered":"","protected":false},"excerpt":{"rendered":"<p>Goggle groz\u0101mie klip\u0161i Set Modelis a za\u013c\u0161<\/p>\n<p>Divu goggle groz\u0101mo klipu komplekts. Klipi ir paredz\u0113ti uzst\u0101d\u012b\u0161anai <strong>uz \u0101tr\u0101s tipa<\/strong> \u0137iveres s\u0101nu slied\u0113m. <\/p>\n","protected":false},"featured_media":118806,"template":"","meta":{"_acf_changed":false},"product_brand":[],"product_cat":[1087,1079,1080],"product_tag":[],"class_list":{"0":"post-151238","1":"product","2":"type-product","3":"status-publish","4":"has-post-thumbnail","6":"product_cat-aprikojums","7":"product_cat-kivera-stiprinajums","8":"product_cat-kiveres","10":"first","11":"instock","12":"taxable","13":"shipping-taxable","14":"purchasable","15":"product-type-simple"},"acf":[],"_links":{"self":[{"href":"https:\/\/kingarms.ee\/lv\/wp-json\/wp\/v2\/product\/151238","targetHints":{"allow":["GET"]}}],"collection":[{"href":"https:\/\/kingarms.ee\/lv\/wp-json\/wp\/v2\/product"}],"about":[{"href":"https:\/\/kingarms.ee\/lv\/wp-json\/wp\/v2\/types\/product"}],"wp:featuredmedia":[{"embeddable":true,"href":"https:\/\/kingarms.ee\/lv\/wp-json\/wp\/v2\/media\/118806"}],"wp:attachment":[{"href":"https:\/\/kingarms.ee\/lv\/wp-json\/wp\/v2\/media?parent=151238"}],"wp:term":[{"taxonomy":"product_brand","embeddable":true,"href":"https:\/\/kingarms.ee\/lv\/wp-json\/wp\/v2\/product_brand?post=151238"},{"taxonomy":"product_cat","embeddable":true,"href":"https:\/\/kingarms.ee\/lv\/wp-json\/wp\/v2\/product_cat?post=151238"},{"taxonomy":"product_tag","embeddable":true,"href":"https:\/\/kingarms.ee\/lv\/wp-json\/wp\/v2\/product_tag?post=151238"}],"curies":[{"name":"wp","href":"https:\/\/api.w.org\/{rel}","templated":true}]}}